{"id":77078,"date":"2024-01-06T04:54:57","date_gmt":"2024-01-06T04:54:57","guid":{"rendered":"https:\/\/onlinehardwareshop.de\/index.php\/produkt\/kingston-xs1000-external-ssd-1tb-2\/"},"modified":"2025-05-14T08:27:31","modified_gmt":"2025-05-14T08:27:31","slug":"kingston-xs1000-external-ssd-1tb","status":"publish","type":"product","link":"https:\/\/onlinehardwareshop.de\/index.php\/produkt\/kingston-xs1000-external-ssd-1tb\/","title":{"rendered":"Kingston XS1000 External SSD 1&#xA0;TB"},"content":{"rendered":"<p>Mit der Kingston XS1000 1\u00a0TB externen SSD kannst du deine Dateien in der Hosentasche mitnehmen. Diese kleine SSD wiegt nur 29 Gramm, weshalb sie problemlos in deine Hosentasche, deine Jackentasche oder deinen Rucksack passt. Aufgrund der Lesegeschwindigkeit von 1.050 Megabytes pro Sekunde lassen sich Dateien schnell und ohne Verz\u00f6gerungen \u00f6ffnen, wenn du beispielsweise unterwegs zu einem Kunden bist oder dir gerne einen Film \u00fcber deine SSD ansiehst. Die XS1000 funktioniert mit Windows-Ger\u00e4ten ab Windows 10 sowie ab macOS 10.15 und h\u00f6her. Zudem l\u00e4sst sich die SSD auch an Android-Ger\u00e4ten und Computern mit Linux 4.4 oder h\u00f6her anschlie\u00dfen. Dadurch ist eine Formatierung nicht notwendig und kannst du direkt loslegen.<\/p>\n","protected":false},"excerpt":{"rendered":"<p>Mit der Kingston XS1000 1\u00a0TB externen SSD kannst du deine Dateien in der Hosentasche mitnehmen. Diese kleine SSD wiegt nur 29 Gramm, weshalb sie problemlos in deine Hosentasche, deine Jackentasche oder deinen Rucksack passt. Aufgrund der Lesegeschwindigkeit von 1.050 Megabytes pro Sekunde lassen sich Dateien schnell und ohne Verz\u00f6gerungen \u00f6ffnen, wenn du beispielsweise unterwegs zu einem Kunden bist oder dir gerne einen Film \u00fcber deine SSD ansiehst. Die XS1000 funktioniert mit Windows-Ger\u00e4ten ab Windows 10 sowie ab macOS 10.15 und h\u00f6her. Zudem l\u00e4sst sich die SSD auch an Android-Ger\u00e4ten und Computern mit Linux 4.4 oder h\u00f6her anschlie\u00dfen. Dadurch ist eine Formatierung nicht notwendig und kannst du direkt loslegen.<\/p>\n","protected":false},"featured_media":0,"comment_status":"closed","ping_status":"open","template":"","meta":{"_acf_changed":false},"brand":[2956],"product_brand":[],"product_cat":[4819],"product_tag":[4820],"class_list":{"0":"post-77078","1":"product","2":"type-product","3":"status-publish","5":"brand-kingston","6":"product_cat-externe-ssds","7":"product_tag-harde-schijven-extern-ssd","8":"pa_condition-new","9":"pa_coolblue-de-verzending-morgen-gratis-geliefert","10":"pa_ean-27736","11":"pa_mpn-sxs1000-1000g","13":"first","14":"instock","15":"product-type-external"},"acf":[],"_links":{"self":[{"href":"https:\/\/onlinehardwareshop.de\/index.php\/wp-json\/wp\/v2\/product\/77078","targetHints":{"allow":["GET"]}}],"collection":[{"href":"https:\/\/onlinehardwareshop.de\/index.php\/wp-json\/wp\/v2\/product"}],"about":[{"href":"https:\/\/onlinehardwareshop.de\/index.php\/wp-json\/wp\/v2\/types\/product"}],"replies":[{"embeddable":true,"href":"https:\/\/onlinehardwareshop.de\/index.php\/wp-json\/wp\/v2\/comments?post=77078"}],"wp:attachment":[{"href":"https:\/\/onlinehardwareshop.de\/index.php\/wp-json\/wp\/v2\/media?parent=77078"}],"wp:term":[{"taxonomy":"brand","embeddable":true,"href":"https:\/\/onlinehardwareshop.de\/index.php\/wp-json\/wp\/v2\/brand?post=77078"},{"taxonomy":"product_brand","embeddable":true,"href":"https:\/\/onlinehardwareshop.de\/index.php\/wp-json\/wp\/v2\/product_brand?post=77078"},{"taxonomy":"product_cat","embeddable":true,"href":"https:\/\/onlinehardwareshop.de\/index.php\/wp-json\/wp\/v2\/product_cat?post=77078"},{"taxonomy":"product_tag","embeddable":true,"href":"https:\/\/onlinehardwareshop.de\/index.php\/wp-json\/wp\/v2\/product_tag?post=77078"}],"curies":[{"name":"wp","href":"https:\/\/api.w.org\/{rel}","templated":true}]}}