{"id":77076,"date":"2025-03-24T02:29:29","date_gmt":"2025-03-24T02:29:29","guid":{"rendered":"https:\/\/onlinehardwareshop.de\/index.php\/produkt\/wacom-one-13-touch-2\/"},"modified":"2025-05-14T08:27:15","modified_gmt":"2025-05-14T08:27:15","slug":"wacom-one-13-touch","status":"publish","type":"product","link":"https:\/\/onlinehardwareshop.de\/index.php\/produkt\/wacom-one-13-touch\/","title":{"rendered":"Wacom One 13 Touch"},"content":{"rendered":"<p>Erwecke deine kreativen Ideen zum Leben und bringe deine Designs mit dem Wacom One 13 Touch aufs n\u00e4chste Level. Mit dem mitgelieferten Stift und den Stiftspitzen zeichnest du in verschiedenen St\u00e4rken sehr exakt. Dieser Stift hat 4.096 Druckstufen und ist neigungsempfindlich. Es ist, als w\u00fcrdest du mit einem Bleistift auf Papier zeichnen. Durch das IPS-Panel siehst du aus jedem Betrachtungswinkel naturgetreue Farben. Um ergonomisch an deinen Zeichnungen zu arbeiten, legst du das Grafiktablett mit dem separaten St\u00e4nder genau so ab, wie du m\u00f6chtest. Dank Multitouch zoomst du in deine Projekte rein und zeichnest noch pr\u00e4ziser. Auf dem 13-Zoll-Display arbeitest du mit einer Aufl\u00f6sung von 1.920 x 1.080.   Hinweis: Da dieses Grafiktablett kein Stand-Alone-Modell ist, schlie\u00dft du es an deinen PC oder Laptop an.<\/p>\n","protected":false},"excerpt":{"rendered":"<p>Erwecke deine kreativen Ideen zum Leben und bringe deine Designs mit dem Wacom One 13 Touch aufs n\u00e4chste Level. Mit dem mitgelieferten Stift und den Stiftspitzen zeichnest du in verschiedenen St\u00e4rken sehr exakt. Dieser Stift hat 4.096 Druckstufen und ist neigungsempfindlich. Es ist, als w\u00fcrdest du mit einem Bleistift auf Papier zeichnen. Durch das IPS-Panel siehst du aus jedem Betrachtungswinkel naturgetreue Farben. Um ergonomisch an deinen Zeichnungen zu arbeiten, legst du das Grafiktablett mit dem separaten St\u00e4nder genau so ab, wie du m\u00f6chtest. Dank Multitouch zoomst du in deine Projekte rein und zeichnest noch pr\u00e4ziser. Auf dem 13-Zoll-Display arbeitest du mit einer Aufl\u00f6sung von 1.920 x 1.080.   Hinweis: Da dieses Grafiktablett kein Stand-Alone-Modell ist, schlie\u00dft du es an deinen PC oder Laptop an.<\/p>\n","protected":false},"featured_media":0,"comment_status":"closed","ping_status":"open","template":"","meta":{"_acf_changed":false},"brand":[556],"product_brand":[],"product_cat":[2653],"product_tag":[3571],"class_list":{"0":"post-77076","1":"product","2":"type-product","3":"status-publish","5":"brand-wacom","6":"product_cat-grafiktabletts","7":"product_tag-tekentablets-met-scherm","8":"pa_condition-new","9":"pa_coolblue-de-verzending-morgen-gratis-geliefert","10":"pa_ean-14758","11":"pa_mpn-dth134w0b","13":"first","14":"instock","15":"product-type-external"},"acf":[],"_links":{"self":[{"href":"https:\/\/onlinehardwareshop.de\/index.php\/wp-json\/wp\/v2\/product\/77076","targetHints":{"allow":["GET"]}}],"collection":[{"href":"https:\/\/onlinehardwareshop.de\/index.php\/wp-json\/wp\/v2\/product"}],"about":[{"href":"https:\/\/onlinehardwareshop.de\/index.php\/wp-json\/wp\/v2\/types\/product"}],"replies":[{"embeddable":true,"href":"https:\/\/onlinehardwareshop.de\/index.php\/wp-json\/wp\/v2\/comments?post=77076"}],"wp:attachment":[{"href":"https:\/\/onlinehardwareshop.de\/index.php\/wp-json\/wp\/v2\/media?parent=77076"}],"wp:term":[{"taxonomy":"brand","embeddable":true,"href":"https:\/\/onlinehardwareshop.de\/index.php\/wp-json\/wp\/v2\/brand?post=77076"},{"taxonomy":"product_brand","embeddable":true,"href":"https:\/\/onlinehardwareshop.de\/index.php\/wp-json\/wp\/v2\/product_brand?post=77076"},{"taxonomy":"product_cat","embeddable":true,"href":"https:\/\/onlinehardwareshop.de\/index.php\/wp-json\/wp\/v2\/product_cat?post=77076"},{"taxonomy":"product_tag","embeddable":true,"href":"https:\/\/onlinehardwareshop.de\/index.php\/wp-json\/wp\/v2\/product_tag?post=77076"}],"curies":[{"name":"wp","href":"https:\/\/api.w.org\/{rel}","templated":true}]}}