{"id":77075,"date":"2024-10-14T10:29:15","date_gmt":"2024-10-14T10:29:15","guid":{"rendered":"https:\/\/onlinehardwareshop.de\/index.php\/produkt\/wacom-one-12-2\/"},"modified":"2025-05-14T08:27:10","modified_gmt":"2025-05-14T08:27:10","slug":"wacom-one-12","status":"publish","type":"product","link":"https:\/\/onlinehardwareshop.de\/index.php\/produkt\/wacom-one-12\/","title":{"rendered":"Wacom One 12"},"content":{"rendered":"<p>Mit dem Wacom One 12 erweckst du deine kreativen Ideen zum Leben und bringst deine Designs aufs n\u00e4chste Level. Mit dem mitgelieferten Stift und den Stiftspitzen zeichnest du in verschiedenen St\u00e4rken sehr exakt. Dieser Stift hat 4.096 Druckstufen und ist neigungsempfindlich. Es ist, als w\u00fcrdest du mit einem Bleistift auf Papier zeichnen. Durch das IPS-Panel siehst du aus jedem Betrachtungswinkel naturgetreue Farben. Das Wacom stellst du in einen Neigungswinkel auf, der f\u00fcr dich beim Zeichnen komfortabel ist. Auf dem 12-Zoll-Display arbeitest du mit einer Aufl\u00f6sung von 1.920 x 1.080.   Hinweis: Da dieses Grafiktablett kein Stand-Alone-Modell ist, schlie\u00dft du es an deinen PC oder Laptop an.<\/p>\n","protected":false},"excerpt":{"rendered":"<p>Mit dem Wacom One 12 erweckst du deine kreativen Ideen zum Leben und bringst deine Designs aufs n\u00e4chste Level. Mit dem mitgelieferten Stift und den Stiftspitzen zeichnest du in verschiedenen St\u00e4rken sehr exakt. Dieser Stift hat 4.096 Druckstufen und ist neigungsempfindlich. Es ist, als w\u00fcrdest du mit einem Bleistift auf Papier zeichnen. Durch das IPS-Panel siehst du aus jedem Betrachtungswinkel naturgetreue Farben. Das Wacom stellst du in einen Neigungswinkel auf, der f\u00fcr dich beim Zeichnen komfortabel ist. Auf dem 12-Zoll-Display arbeitest du mit einer Aufl\u00f6sung von 1.920 x 1.080.   Hinweis: Da dieses Grafiktablett kein Stand-Alone-Modell ist, schlie\u00dft du es an deinen PC oder Laptop an.<\/p>\n","protected":false},"featured_media":0,"comment_status":"closed","ping_status":"open","template":"","meta":{"_acf_changed":false},"brand":[556],"product_brand":[],"product_cat":[2653],"product_tag":[3571],"class_list":{"0":"post-77075","1":"product","2":"type-product","3":"status-publish","5":"brand-wacom","6":"product_cat-grafiktabletts","7":"product_tag-tekentablets-met-scherm","8":"pa_condition-new","9":"pa_coolblue-de-verzending-morgen-gratis-geliefert","10":"pa_ean-14756","11":"pa_mpn-dtc121w0b","13":"first","14":"instock","15":"product-type-external"},"acf":[],"_links":{"self":[{"href":"https:\/\/onlinehardwareshop.de\/index.php\/wp-json\/wp\/v2\/product\/77075","targetHints":{"allow":["GET"]}}],"collection":[{"href":"https:\/\/onlinehardwareshop.de\/index.php\/wp-json\/wp\/v2\/product"}],"about":[{"href":"https:\/\/onlinehardwareshop.de\/index.php\/wp-json\/wp\/v2\/types\/product"}],"replies":[{"embeddable":true,"href":"https:\/\/onlinehardwareshop.de\/index.php\/wp-json\/wp\/v2\/comments?post=77075"}],"wp:attachment":[{"href":"https:\/\/onlinehardwareshop.de\/index.php\/wp-json\/wp\/v2\/media?parent=77075"}],"wp:term":[{"taxonomy":"brand","embeddable":true,"href":"https:\/\/onlinehardwareshop.de\/index.php\/wp-json\/wp\/v2\/brand?post=77075"},{"taxonomy":"product_brand","embeddable":true,"href":"https:\/\/onlinehardwareshop.de\/index.php\/wp-json\/wp\/v2\/product_brand?post=77075"},{"taxonomy":"product_cat","embeddable":true,"href":"https:\/\/onlinehardwareshop.de\/index.php\/wp-json\/wp\/v2\/product_cat?post=77075"},{"taxonomy":"product_tag","embeddable":true,"href":"https:\/\/onlinehardwareshop.de\/index.php\/wp-json\/wp\/v2\/product_tag?post=77075"}],"curies":[{"name":"wp","href":"https:\/\/api.w.org\/{rel}","templated":true}]}}