{"id":77070,"date":"2024-03-21T17:23:34","date_gmt":"2024-03-21T17:23:34","guid":{"rendered":"https:\/\/onlinehardwareshop.de\/index.php\/produkt\/jbl-live-770nc-wei-2\/"},"modified":"2025-05-14T08:27:00","modified_gmt":"2025-05-14T08:27:00","slug":"jbl-live-770nc-wei","status":"publish","type":"product","link":"https:\/\/onlinehardwareshop.de\/index.php\/produkt\/jbl-live-770nc-wei\/","title":{"rendered":"JBL Live 770NC Wei&#xDF;"},"content":{"rendered":"<p>Mit dem JBL Live 770NC Wei\u00df h\u00f6rst du lange deine Lieblingsmusik. Dieser Over-Ear-Kopfh\u00f6rer hat eine Akkulaufzeit von 65 Stunden, sodass dir fast nie die Musik ausgeht. Ist der Kopfh\u00f6rer doch mal leer? Mit dem mitgelieferten USB-C-Ladekabel l\u00e4dst du ihn wieder auf. Innerhalb von f\u00fcnf Minuten hast du wieder genug Akkuleistung f\u00fcr vier Stunden Musikh\u00f6ren. Das aktive Noise Cancelling sorgt daf\u00fcr, dass du deine Umgebung akustisch gut ausblendest. Diese Technologie unterdr\u00fcckt Umgebungsger\u00e4usche, sodass du komplett in deine Lieblingsmusik eintauchst. Dank der integrierten Sprachassistenten Google und Alexa sendest du zum Beispiel \u00fcber den Kopfh\u00f6rer Sprachbefehle. Au\u00dferdem nutzt du den Sprachassistenten, um Fragen zum Wetter oder Verkehrsinformationen beantworten zu lassen. Der Sprachassistent wird mit einem einfachen Antippen der Ohrmuschel oder mit deiner Stimme eingeschaltet.<\/p>\n","protected":false},"excerpt":{"rendered":"<p>Mit dem JBL Live 770NC Wei\u00df h\u00f6rst du lange deine Lieblingsmusik. Dieser Over-Ear-Kopfh\u00f6rer hat eine Akkulaufzeit von 65 Stunden, sodass dir fast nie die Musik ausgeht. Ist der Kopfh\u00f6rer doch mal leer? Mit dem mitgelieferten USB-C-Ladekabel l\u00e4dst du ihn wieder auf. Innerhalb von f\u00fcnf Minuten hast du wieder genug Akkuleistung f\u00fcr vier Stunden Musikh\u00f6ren. Das aktive Noise Cancelling sorgt daf\u00fcr, dass du deine Umgebung akustisch gut ausblendest. Diese Technologie unterdr\u00fcckt Umgebungsger\u00e4usche, sodass du komplett in deine Lieblingsmusik eintauchst. Dank der integrierten Sprachassistenten Google und Alexa sendest du zum Beispiel \u00fcber den Kopfh\u00f6rer Sprachbefehle. Au\u00dferdem nutzt du den Sprachassistenten, um Fragen zum Wetter oder Verkehrsinformationen beantworten zu lassen. Der Sprachassistent wird mit einem einfachen Antippen der Ohrmuschel oder mit deiner Stimme eingeschaltet.<\/p>\n","protected":false},"featured_media":0,"comment_status":"closed","ping_status":"open","template":"","meta":{"_acf_changed":false},"brand":[5677],"product_brand":[],"product_cat":[1182],"product_tag":[5609],"class_list":{"0":"post-77070","1":"product","2":"type-product","3":"status-publish","5":"brand-jbl","6":"product_cat-kopfhrer","7":"product_tag-hoofdtelefoons-met-noisecancelling","8":"pa_condition-new","9":"pa_coolblue-de-verzending-morgen-gratis-geliefert","10":"pa_ean-14736","11":"pa_mpn-jbllive770ncwht","13":"first","14":"instock","15":"product-type-external"},"acf":[],"_links":{"self":[{"href":"https:\/\/onlinehardwareshop.de\/index.php\/wp-json\/wp\/v2\/product\/77070","targetHints":{"allow":["GET"]}}],"collection":[{"href":"https:\/\/onlinehardwareshop.de\/index.php\/wp-json\/wp\/v2\/product"}],"about":[{"href":"https:\/\/onlinehardwareshop.de\/index.php\/wp-json\/wp\/v2\/types\/product"}],"replies":[{"embeddable":true,"href":"https:\/\/onlinehardwareshop.de\/index.php\/wp-json\/wp\/v2\/comments?post=77070"}],"wp:attachment":[{"href":"https:\/\/onlinehardwareshop.de\/index.php\/wp-json\/wp\/v2\/media?parent=77070"}],"wp:term":[{"taxonomy":"brand","embeddable":true,"href":"https:\/\/onlinehardwareshop.de\/index.php\/wp-json\/wp\/v2\/brand?post=77070"},{"taxonomy":"product_brand","embeddable":true,"href":"https:\/\/onlinehardwareshop.de\/index.php\/wp-json\/wp\/v2\/product_brand?post=77070"},{"taxonomy":"product_cat","embeddable":true,"href":"https:\/\/onlinehardwareshop.de\/index.php\/wp-json\/wp\/v2\/product_cat?post=77070"},{"taxonomy":"product_tag","embeddable":true,"href":"https:\/\/onlinehardwareshop.de\/index.php\/wp-json\/wp\/v2\/product_tag?post=77070"}],"curies":[{"name":"wp","href":"https:\/\/api.w.org\/{rel}","templated":true}]}}