{"id":77068,"date":"2024-08-30T20:15:05","date_gmt":"2024-08-30T20:15:05","guid":{"rendered":"https:\/\/onlinehardwareshop.de\/index.php\/produkt\/jbl-live-670nc-schwarz-2\/"},"modified":"2025-05-14T08:26:51","modified_gmt":"2025-05-14T08:26:51","slug":"jbl-live-670nc-schwarz","status":"publish","type":"product","link":"https:\/\/onlinehardwareshop.de\/index.php\/produkt\/jbl-live-670nc-schwarz\/","title":{"rendered":"JBL Live 670NC Schwarz"},"content":{"rendered":"<p>Mit dem JBL Live 670NC Schwarz kannst du dich von deiner Umgebung abschirmen. Dieser Kopfh\u00f6rer verf\u00fcgt \u00fcber Noise Cancelling. Dadurch h\u00f6rst du weniger von deiner Umgebung. Das ist praktisch, wenn du dich beispielsweise in einem belebten B\u00fcro auf deine Arbeit konzentrieren m\u00f6chtest. Mit dem Akku, der 65 Stunden h\u00e4lt, geht dir selten die Musik aus. Wenn der Akku leer ist, l\u00e4sst er sich in f\u00fcnf Minuten ausreichend aufladen, um wieder vier Stunden Musik h\u00f6ren zu k\u00f6nnen. Dank Multipoint-Pairing l\u00e4sst sich der Kopfh\u00f6rer mit zwei Ger\u00e4ten gleichzeitig verwenden, zum Beispiel mit deinem Smartphone und deinem Laptop. Wenn du dir auf deinem Laptop ein Video ansiehst und anschlie\u00dfend Musik mit deinem Handy h\u00f6rst, wechselt die Verbindung automatisch.<\/p>\n","protected":false},"excerpt":{"rendered":"<p>Mit dem JBL Live 670NC Schwarz kannst du dich von deiner Umgebung abschirmen. Dieser Kopfh\u00f6rer verf\u00fcgt \u00fcber Noise Cancelling. Dadurch h\u00f6rst du weniger von deiner Umgebung. Das ist praktisch, wenn du dich beispielsweise in einem belebten B\u00fcro auf deine Arbeit konzentrieren m\u00f6chtest. Mit dem Akku, der 65 Stunden h\u00e4lt, geht dir selten die Musik aus. Wenn der Akku leer ist, l\u00e4sst er sich in f\u00fcnf Minuten ausreichend aufladen, um wieder vier Stunden Musik h\u00f6ren zu k\u00f6nnen. Dank Multipoint-Pairing l\u00e4sst sich der Kopfh\u00f6rer mit zwei Ger\u00e4ten gleichzeitig verwenden, zum Beispiel mit deinem Smartphone und deinem Laptop. Wenn du dir auf deinem Laptop ein Video ansiehst und anschlie\u00dfend Musik mit deinem Handy h\u00f6rst, wechselt die Verbindung automatisch.<\/p>\n","protected":false},"featured_media":0,"comment_status":"closed","ping_status":"open","template":"","meta":{"_acf_changed":false},"brand":[5677],"product_brand":[],"product_cat":[1182],"product_tag":[5609],"class_list":{"0":"post-77068","1":"product","2":"type-product","3":"status-publish","5":"brand-jbl","6":"product_cat-kopfhrer","7":"product_tag-hoofdtelefoons-met-noisecancelling","8":"pa_condition-new","9":"pa_coolblue-de-verzending-morgen-gratis-geliefert","10":"pa_ean-14732","11":"pa_mpn-jbllive670ncblk","13":"first","14":"instock","15":"product-type-external"},"acf":[],"_links":{"self":[{"href":"https:\/\/onlinehardwareshop.de\/index.php\/wp-json\/wp\/v2\/product\/77068","targetHints":{"allow":["GET"]}}],"collection":[{"href":"https:\/\/onlinehardwareshop.de\/index.php\/wp-json\/wp\/v2\/product"}],"about":[{"href":"https:\/\/onlinehardwareshop.de\/index.php\/wp-json\/wp\/v2\/types\/product"}],"replies":[{"embeddable":true,"href":"https:\/\/onlinehardwareshop.de\/index.php\/wp-json\/wp\/v2\/comments?post=77068"}],"wp:attachment":[{"href":"https:\/\/onlinehardwareshop.de\/index.php\/wp-json\/wp\/v2\/media?parent=77068"}],"wp:term":[{"taxonomy":"brand","embeddable":true,"href":"https:\/\/onlinehardwareshop.de\/index.php\/wp-json\/wp\/v2\/brand?post=77068"},{"taxonomy":"product_brand","embeddable":true,"href":"https:\/\/onlinehardwareshop.de\/index.php\/wp-json\/wp\/v2\/product_brand?post=77068"},{"taxonomy":"product_cat","embeddable":true,"href":"https:\/\/onlinehardwareshop.de\/index.php\/wp-json\/wp\/v2\/product_cat?post=77068"},{"taxonomy":"product_tag","embeddable":true,"href":"https:\/\/onlinehardwareshop.de\/index.php\/wp-json\/wp\/v2\/product_tag?post=77068"}],"curies":[{"name":"wp","href":"https:\/\/api.w.org\/{rel}","templated":true}]}}