{"id":77048,"date":"2024-09-13T23:27:57","date_gmt":"2024-09-13T23:27:57","guid":{"rendered":"https:\/\/onlinehardwareshop.de\/index.php\/produkt\/peak-design-micro-clutch-i-plate-2\/"},"modified":"2025-05-14T08:25:26","modified_gmt":"2025-05-14T08:25:26","slug":"peak-design-micro-clutch-i-plate","status":"publish","type":"product","link":"https:\/\/onlinehardwareshop.de\/index.php\/produkt\/peak-design-micro-clutch-i-plate\/","title":{"rendered":"Peak Design Micro Clutch i-Plate"},"content":{"rendered":"<p>Die Peak Design Micro Clutch i-Plate ist eine stabile Handschlaufe f\u00fcr kleine Systemkameras ohne Grip. Dank der Schlaufe l\u00e4sst du deine Kamera nicht fallen, wenn du sie losl\u00e4sst. Du erh\u00e4ltst eine i-f\u00f6rmige Schnellwechselplatte, die du an den Stativanschluss deiner Kamera schraubst. Die Schnellwechselplatte eignet sich f\u00fcr Kameras ohne Grip.<\/p>\n","protected":false},"excerpt":{"rendered":"<p>Die Peak Design Micro Clutch i-Plate ist eine stabile Handschlaufe f\u00fcr kleine Systemkameras ohne Grip. Dank der Schlaufe l\u00e4sst du deine Kamera nicht fallen, wenn du sie losl\u00e4sst. Du erh\u00e4ltst eine i-f\u00f6rmige Schnellwechselplatte, die du an den Stativanschluss deiner Kamera schraubst. Die Schnellwechselplatte eignet sich f\u00fcr Kameras ohne Grip.<\/p>\n","protected":false},"featured_media":0,"comment_status":"closed","ping_status":"open","template":"","meta":{"_acf_changed":false},"brand":[2459],"product_brand":[],"product_cat":[2460],"product_tag":[2461],"class_list":{"0":"post-77048","1":"product","2":"type-product","3":"status-publish","5":"brand-peak-design","6":"product_cat-tragegurte","7":"product_tag-draagriemen-voor-fotocameras","8":"pa_condition-new","9":"pa_coolblue-de-verzending-morgen-gratis-geliefert","10":"pa_ean-14691","11":"pa_mpn-14692","13":"first","14":"instock","15":"product-type-external"},"acf":[],"_links":{"self":[{"href":"https:\/\/onlinehardwareshop.de\/index.php\/wp-json\/wp\/v2\/product\/77048","targetHints":{"allow":["GET"]}}],"collection":[{"href":"https:\/\/onlinehardwareshop.de\/index.php\/wp-json\/wp\/v2\/product"}],"about":[{"href":"https:\/\/onlinehardwareshop.de\/index.php\/wp-json\/wp\/v2\/types\/product"}],"replies":[{"embeddable":true,"href":"https:\/\/onlinehardwareshop.de\/index.php\/wp-json\/wp\/v2\/comments?post=77048"}],"wp:attachment":[{"href":"https:\/\/onlinehardwareshop.de\/index.php\/wp-json\/wp\/v2\/media?parent=77048"}],"wp:term":[{"taxonomy":"brand","embeddable":true,"href":"https:\/\/onlinehardwareshop.de\/index.php\/wp-json\/wp\/v2\/brand?post=77048"},{"taxonomy":"product_brand","embeddable":true,"href":"https:\/\/onlinehardwareshop.de\/index.php\/wp-json\/wp\/v2\/product_brand?post=77048"},{"taxonomy":"product_cat","embeddable":true,"href":"https:\/\/onlinehardwareshop.de\/index.php\/wp-json\/wp\/v2\/product_cat?post=77048"},{"taxonomy":"product_tag","embeddable":true,"href":"https:\/\/onlinehardwareshop.de\/index.php\/wp-json\/wp\/v2\/product_tag?post=77048"}],"curies":[{"name":"wp","href":"https:\/\/api.w.org\/{rel}","templated":true}]}}