{"id":77040,"date":"2024-09-20T13:08:26","date_gmt":"2024-09-20T13:08:26","guid":{"rendered":"https:\/\/onlinehardwareshop.de\/index.php\/produkt\/corsair-darkstar-wireless-rgb-mmo-gaming-maus-2\/"},"modified":"2025-05-14T08:24:44","modified_gmt":"2025-05-14T08:24:44","slug":"corsair-darkstar-wireless-rgb-mmo-gaming-maus","status":"publish","type":"product","link":"https:\/\/onlinehardwareshop.de\/index.php\/produkt\/corsair-darkstar-wireless-rgb-mmo-gaming-maus\/","title":{"rendered":"Corsair Darkstar Wireless RGB MMO Gaming-Maus"},"content":{"rendered":"<p>Mit dieser Corsair Darkstar Wireless RGB MMO Gaming-Maus hast du all deine Tasten zur Hand. Dank des optischen Sensors mit 26.000\u00a0dpi bewegst du diese kabellose Gaming-Maus w\u00e4hrend schneller Spiele rasch \u00fcber den Tisch. So reagierst du beim Gamen immer pr\u00e4zise. Zudem ver\u00e4nderst du die dpi m\u00fchelos beim Gamen. All deine Kurzbefehle verkn\u00fcpfst du dank der 13 Tasten mit einer separaten Taste. So reagierst du w\u00e4hrend des Spielens noch schneller.  Du schlie\u00dft die Maus kabellos \u00fcber einen USB-A-Dongle oder Bluetooth an. So hast du w\u00e4hrend deines Spiels gen\u00fcgend Bewegungsfreiheit. Diese kabellose Gaming-Maus hat eine Akkulaufzeit von 65 Stunden, sodass du auch lange Gaming-Sessions spielst, ohne die Maus zwischendurch aufzuladen. Die RGB-Beleuchtung stellst du selbst \u00fcber die Corsair iCue Software ein und triffst deine Wahl aus 16,8 Millionen Farben. So passt deine Gaming-Maus zum Rest deiner Konfiguration.<\/p>\n","protected":false},"excerpt":{"rendered":"<p>Mit dieser Corsair Darkstar Wireless RGB MMO Gaming-Maus hast du all deine Tasten zur Hand. Dank des optischen Sensors mit 26.000\u00a0dpi bewegst du diese kabellose Gaming-Maus w\u00e4hrend schneller Spiele rasch \u00fcber den Tisch. So reagierst du beim Gamen immer pr\u00e4zise. Zudem ver\u00e4nderst du die dpi m\u00fchelos beim Gamen. All deine Kurzbefehle verkn\u00fcpfst du dank der 13 Tasten mit einer separaten Taste. So reagierst du w\u00e4hrend des Spielens noch schneller.  Du schlie\u00dft die Maus kabellos \u00fcber einen USB-A-Dongle oder Bluetooth an. So hast du w\u00e4hrend deines Spiels gen\u00fcgend Bewegungsfreiheit. Diese kabellose Gaming-Maus hat eine Akkulaufzeit von 65 Stunden, sodass du auch lange Gaming-Sessions spielst, ohne die Maus zwischendurch aufzuladen. Die RGB-Beleuchtung stellst du selbst \u00fcber die Corsair iCue Software ein und triffst deine Wahl aus 16,8 Millionen Farben. So passt deine Gaming-Maus zum Rest deiner Konfiguration.<\/p>\n","protected":false},"featured_media":0,"comment_status":"closed","ping_status":"open","template":"","meta":{"_acf_changed":false},"brand":[1900],"product_brand":[],"product_cat":[33],"product_tag":[3752],"class_list":{"0":"post-77040","1":"product","2":"type-product","3":"status-publish","5":"brand-corsair","6":"product_cat-muse","7":"product_tag-gaming-muizen","8":"pa_condition-new","9":"pa_coolblue-de-verzending-morgen-gratis-geliefert","10":"pa_ean-14669","11":"pa_mpn-ch-931a011-eu","13":"first","14":"instock","15":"product-type-external"},"acf":[],"_links":{"self":[{"href":"https:\/\/onlinehardwareshop.de\/index.php\/wp-json\/wp\/v2\/product\/77040","targetHints":{"allow":["GET"]}}],"collection":[{"href":"https:\/\/onlinehardwareshop.de\/index.php\/wp-json\/wp\/v2\/product"}],"about":[{"href":"https:\/\/onlinehardwareshop.de\/index.php\/wp-json\/wp\/v2\/types\/product"}],"replies":[{"embeddable":true,"href":"https:\/\/onlinehardwareshop.de\/index.php\/wp-json\/wp\/v2\/comments?post=77040"}],"wp:attachment":[{"href":"https:\/\/onlinehardwareshop.de\/index.php\/wp-json\/wp\/v2\/media?parent=77040"}],"wp:term":[{"taxonomy":"brand","embeddable":true,"href":"https:\/\/onlinehardwareshop.de\/index.php\/wp-json\/wp\/v2\/brand?post=77040"},{"taxonomy":"product_brand","embeddable":true,"href":"https:\/\/onlinehardwareshop.de\/index.php\/wp-json\/wp\/v2\/product_brand?post=77040"},{"taxonomy":"product_cat","embeddable":true,"href":"https:\/\/onlinehardwareshop.de\/index.php\/wp-json\/wp\/v2\/product_cat?post=77040"},{"taxonomy":"product_tag","embeddable":true,"href":"https:\/\/onlinehardwareshop.de\/index.php\/wp-json\/wp\/v2\/product_tag?post=77040"}],"curies":[{"name":"wp","href":"https:\/\/api.w.org\/{rel}","templated":true}]}}