{"id":77037,"date":"2025-03-27T17:05:32","date_gmt":"2025-03-27T17:05:32","guid":{"rendered":"https:\/\/onlinehardwareshop.de\/index.php\/produkt\/vortex-triumph-hd-10x42-2\/"},"modified":"2025-05-14T08:24:34","modified_gmt":"2025-05-14T08:24:34","slug":"vortex-triumph-hd-10x42","status":"publish","type":"product","link":"https:\/\/onlinehardwareshop.de\/index.php\/produkt\/vortex-triumph-hd-10x42\/","title":{"rendered":"Vortex Triumph HD 10&#215;42"},"content":{"rendered":"<p>Das Vortex Triumph HD 10&#215;42 ist ein kompaktes Fernglas f\u00fcr Reisen. In der mitgelieferten Tragetasche nimmst du es einfach unterwegs mit. Mit der zehnfachen Vergr\u00f6\u00dferung holst du weit entfernte Motive ganz nah heran. So beobachtest du beispielsweise wilde Tiere auf einer Safari aus sicherer Entfernung. Dank der HD-Linsenelemente ist das Bild scharf und kontrastreich. So wirken die Farben nat\u00fcrlich. Dank der Antireflexionsbeschichtung der Linsen werden Reflexionen reduziert. Dies erleichtert den Einsatz des Fernglases bei hellem Sonnenlicht. Die Ferngl\u00e4ser sind mit Stickstoff gef\u00fcllt. Bei Verwendung unter feuchten Bedingungen beschlagen die Linsen nicht. Das ist zum Beispiel praktisch in tropischem Klima. Das Fernglas ist wasserdicht, sodass du es auch bei schlechtem Wetter mitnimmst.<\/p>\n","protected":false},"excerpt":{"rendered":"<p>Das Vortex Triumph HD 10&#215;42 ist ein kompaktes Fernglas f\u00fcr Reisen. In der mitgelieferten Tragetasche nimmst du es einfach unterwegs mit. Mit der zehnfachen Vergr\u00f6\u00dferung holst du weit entfernte Motive ganz nah heran. So beobachtest du beispielsweise wilde Tiere auf einer Safari aus sicherer Entfernung. Dank der HD-Linsenelemente ist das Bild scharf und kontrastreich. So wirken die Farben nat\u00fcrlich. Dank der Antireflexionsbeschichtung der Linsen werden Reflexionen reduziert. Dies erleichtert den Einsatz des Fernglases bei hellem Sonnenlicht. Die Ferngl\u00e4ser sind mit Stickstoff gef\u00fcllt. Bei Verwendung unter feuchten Bedingungen beschlagen die Linsen nicht. Das ist zum Beispiel praktisch in tropischem Klima. Das Fernglas ist wasserdicht, sodass du es auch bei schlechtem Wetter mitnimmst.<\/p>\n","protected":false},"featured_media":0,"comment_status":"closed","ping_status":"open","template":"","meta":{"_acf_changed":false},"brand":[447],"product_brand":[],"product_cat":[448],"product_tag":[1304],"class_list":{"0":"post-77037","1":"product","2":"type-product","3":"status-publish","5":"brand-vortex","6":"product_cat-fernglser","7":"product_tag-dakkant-verrekijkers","8":"pa_condition-new","9":"pa_coolblue-de-verzending-morgen-gratis-geliefert","10":"pa_ean-14663","11":"pa_mpn-14664","13":"first","14":"instock","15":"product-type-external"},"acf":[],"_links":{"self":[{"href":"https:\/\/onlinehardwareshop.de\/index.php\/wp-json\/wp\/v2\/product\/77037","targetHints":{"allow":["GET"]}}],"collection":[{"href":"https:\/\/onlinehardwareshop.de\/index.php\/wp-json\/wp\/v2\/product"}],"about":[{"href":"https:\/\/onlinehardwareshop.de\/index.php\/wp-json\/wp\/v2\/types\/product"}],"replies":[{"embeddable":true,"href":"https:\/\/onlinehardwareshop.de\/index.php\/wp-json\/wp\/v2\/comments?post=77037"}],"wp:attachment":[{"href":"https:\/\/onlinehardwareshop.de\/index.php\/wp-json\/wp\/v2\/media?parent=77037"}],"wp:term":[{"taxonomy":"brand","embeddable":true,"href":"https:\/\/onlinehardwareshop.de\/index.php\/wp-json\/wp\/v2\/brand?post=77037"},{"taxonomy":"product_brand","embeddable":true,"href":"https:\/\/onlinehardwareshop.de\/index.php\/wp-json\/wp\/v2\/product_brand?post=77037"},{"taxonomy":"product_cat","embeddable":true,"href":"https:\/\/onlinehardwareshop.de\/index.php\/wp-json\/wp\/v2\/product_cat?post=77037"},{"taxonomy":"product_tag","embeddable":true,"href":"https:\/\/onlinehardwareshop.de\/index.php\/wp-json\/wp\/v2\/product_tag?post=77037"}],"curies":[{"name":"wp","href":"https:\/\/api.w.org\/{rel}","templated":true}]}}