{"id":77005,"date":"2024-09-11T04:16:30","date_gmt":"2024-09-11T04:16:30","guid":{"rendered":"https:\/\/onlinehardwareshop.de\/index.php\/produkt\/jvc-ha-kd7-rot-doppelpack-2\/"},"modified":"2025-05-14T08:22:05","modified_gmt":"2025-05-14T08:22:05","slug":"jvc-ha-kd7-rot-doppelpack","status":"publish","type":"product","link":"https:\/\/onlinehardwareshop.de\/index.php\/produkt\/jvc-ha-kd7-rot-doppelpack\/","title":{"rendered":"JVC HA-KD7 Rot Doppelpack"},"content":{"rendered":"<p>Mit dem JVC HA-KD7 Rot Doppelpack k\u00f6nnen sich deine Kinder Musik anh\u00f6ren oder im Auto Videos ansehen, ohne dass du vom Klang gest\u00f6rt wirst. Zwei Kinder haben jeweils einen eigenen Kopfh\u00f6rer, weshalb sie eigene Lieder ausw\u00e4hlen k\u00f6nnen. Der Kinderkopfh\u00f6rer hat eine begrenzte Lautst\u00e4rke, sodass der Ton nicht lauter als 85 Dezibel werden kann. Auf diese Weise bekommt dein Sohn oder deine Tochter keinen H\u00f6rschaden. Der Kopfh\u00f6rer wird mit Aufklebern geliefert, mit denen ihr die Ohrmuscheln dekorieren k\u00f6nnt. Hinweis: Das Limit gilt f\u00fcr alle Mobilger\u00e4te, die den europ\u00e4ischen Richtlinien f\u00fcr Lautst\u00e4rkelimits entsprechen. Bei Verwendung auf Ger\u00e4ten, die nicht eingeschr\u00e4nkt sind, kann der Kopfh\u00f6rer eine h\u00f6here Lautst\u00e4rke erzeugen.<\/p>\n","protected":false},"excerpt":{"rendered":"<p>Mit dem JVC HA-KD7 Rot Doppelpack k\u00f6nnen sich deine Kinder Musik anh\u00f6ren oder im Auto Videos ansehen, ohne dass du vom Klang gest\u00f6rt wirst. Zwei Kinder haben jeweils einen eigenen Kopfh\u00f6rer, weshalb sie eigene Lieder ausw\u00e4hlen k\u00f6nnen. Der Kinderkopfh\u00f6rer hat eine begrenzte Lautst\u00e4rke, sodass der Ton nicht lauter als 85 Dezibel werden kann. Auf diese Weise bekommt dein Sohn oder deine Tochter keinen H\u00f6rschaden. Der Kopfh\u00f6rer wird mit Aufklebern geliefert, mit denen ihr die Ohrmuscheln dekorieren k\u00f6nnt. Hinweis: Das Limit gilt f\u00fcr alle Mobilger\u00e4te, die den europ\u00e4ischen Richtlinien f\u00fcr Lautst\u00e4rkelimits entsprechen. Bei Verwendung auf Ger\u00e4ten, die nicht eingeschr\u00e4nkt sind, kann der Kopfh\u00f6rer eine h\u00f6here Lautst\u00e4rke erzeugen.<\/p>\n","protected":false},"featured_media":0,"comment_status":"closed","ping_status":"open","template":"","meta":{"_acf_changed":false},"brand":[2268],"product_brand":[],"product_cat":[1182],"product_tag":[1183],"class_list":{"0":"post-77005","1":"product","2":"type-product","3":"status-publish","5":"brand-jvc","6":"product_cat-kopfhrer","7":"product_tag-hoofdtelefoons-zonder-noisecancelling","8":"pa_condition-new","9":"pa_coolblue-de-verzending-morgen-gratis-geliefert","10":"pa_ean-14603","12":"first","13":"instock","14":"product-type-external"},"acf":[],"_links":{"self":[{"href":"https:\/\/onlinehardwareshop.de\/index.php\/wp-json\/wp\/v2\/product\/77005","targetHints":{"allow":["GET"]}}],"collection":[{"href":"https:\/\/onlinehardwareshop.de\/index.php\/wp-json\/wp\/v2\/product"}],"about":[{"href":"https:\/\/onlinehardwareshop.de\/index.php\/wp-json\/wp\/v2\/types\/product"}],"replies":[{"embeddable":true,"href":"https:\/\/onlinehardwareshop.de\/index.php\/wp-json\/wp\/v2\/comments?post=77005"}],"wp:attachment":[{"href":"https:\/\/onlinehardwareshop.de\/index.php\/wp-json\/wp\/v2\/media?parent=77005"}],"wp:term":[{"taxonomy":"brand","embeddable":true,"href":"https:\/\/onlinehardwareshop.de\/index.php\/wp-json\/wp\/v2\/brand?post=77005"},{"taxonomy":"product_brand","embeddable":true,"href":"https:\/\/onlinehardwareshop.de\/index.php\/wp-json\/wp\/v2\/product_brand?post=77005"},{"taxonomy":"product_cat","embeddable":true,"href":"https:\/\/onlinehardwareshop.de\/index.php\/wp-json\/wp\/v2\/product_cat?post=77005"},{"taxonomy":"product_tag","embeddable":true,"href":"https:\/\/onlinehardwareshop.de\/index.php\/wp-json\/wp\/v2\/product_tag?post=77005"}],"curies":[{"name":"wp","href":"https:\/\/api.w.org\/{rel}","templated":true}]}}