{"id":76997,"date":"2025-03-26T06:13:24","date_gmt":"2025-03-26T06:13:24","guid":{"rendered":"https:\/\/onlinehardwareshop.de\/index.php\/produkt\/oehlbach-booom-cinch-zu-2x-cinch-2-meter-anthrazit-2\/"},"modified":"2025-05-14T08:21:35","modified_gmt":"2025-05-14T08:21:35","slug":"oehlbach-booom-cinch-zu-2x-cinch-2-meter-anthrazit","status":"publish","type":"product","link":"https:\/\/onlinehardwareshop.de\/index.php\/produkt\/oehlbach-booom-cinch-zu-2x-cinch-2-meter-anthrazit\/","title":{"rendered":"Oehlbach BOOOM! Cinch zu 2x Cinch 2 Meter Anthrazit"},"content":{"rendered":"<p>Das Oehlbach BOOOM! ist eine Art Y-Subwoofer-Cinch-Kabel, mit dem du aktive Subwoofer an deinem Heimkinosystem anschlie\u00dfen kannst. Dank des gro\u00dfen Durchschnitts des internen Leiters und des Koaxialkabels eignet sich dieses Kabel dazu niedrige T\u00f6ne zu \u00fcbertragen. Der Leiter besteht aus Kupfer und wird von einem Kupferflechtwerk abgeschirmt, wodurch Signalst\u00f6rungen keine Chance haben. So bleibt die Qualit\u00e4t des Signals erhalten und du kannst alles aus deinem Heimkinosystem herausholen.<\/p>\n","protected":false},"excerpt":{"rendered":"<p>Das Oehlbach BOOOM! ist eine Art Y-Subwoofer-Cinch-Kabel, mit dem du aktive Subwoofer an deinem Heimkinosystem anschlie\u00dfen kannst. Dank des gro\u00dfen Durchschnitts des internen Leiters und des Koaxialkabels eignet sich dieses Kabel dazu niedrige T\u00f6ne zu \u00fcbertragen. Der Leiter besteht aus Kupfer und wird von einem Kupferflechtwerk abgeschirmt, wodurch Signalst\u00f6rungen keine Chance haben. So bleibt die Qualit\u00e4t des Signals erhalten und du kannst alles aus deinem Heimkinosystem herausholen.<\/p>\n","protected":false},"featured_media":0,"comment_status":"closed","ping_status":"open","template":"","meta":{"_acf_changed":false},"brand":[850],"product_brand":[],"product_cat":[1804],"product_tag":[1805],"class_list":{"0":"post-76997","1":"product","2":"type-product","3":"status-publish","5":"brand-oehlbach","6":"product_cat-av-kabel","7":"product_tag-kabels-overig","8":"pa_condition-new","9":"pa_coolblue-de-verzending-morgen-gratis-geliefert","10":"pa_ean-14582","11":"pa_mpn-d1c23702","13":"first","14":"instock","15":"product-type-external"},"acf":[],"_links":{"self":[{"href":"https:\/\/onlinehardwareshop.de\/index.php\/wp-json\/wp\/v2\/product\/76997","targetHints":{"allow":["GET"]}}],"collection":[{"href":"https:\/\/onlinehardwareshop.de\/index.php\/wp-json\/wp\/v2\/product"}],"about":[{"href":"https:\/\/onlinehardwareshop.de\/index.php\/wp-json\/wp\/v2\/types\/product"}],"replies":[{"embeddable":true,"href":"https:\/\/onlinehardwareshop.de\/index.php\/wp-json\/wp\/v2\/comments?post=76997"}],"wp:attachment":[{"href":"https:\/\/onlinehardwareshop.de\/index.php\/wp-json\/wp\/v2\/media?parent=76997"}],"wp:term":[{"taxonomy":"brand","embeddable":true,"href":"https:\/\/onlinehardwareshop.de\/index.php\/wp-json\/wp\/v2\/brand?post=76997"},{"taxonomy":"product_brand","embeddable":true,"href":"https:\/\/onlinehardwareshop.de\/index.php\/wp-json\/wp\/v2\/product_brand?post=76997"},{"taxonomy":"product_cat","embeddable":true,"href":"https:\/\/onlinehardwareshop.de\/index.php\/wp-json\/wp\/v2\/product_cat?post=76997"},{"taxonomy":"product_tag","embeddable":true,"href":"https:\/\/onlinehardwareshop.de\/index.php\/wp-json\/wp\/v2\/product_tag?post=76997"}],"curies":[{"name":"wp","href":"https:\/\/api.w.org\/{rel}","templated":true}]}}