{"id":76979,"date":"2024-02-05T22:13:10","date_gmt":"2024-02-05T22:13:10","guid":{"rendered":"https:\/\/onlinehardwareshop.de\/index.php\/produkt\/bluebuilt-displaylink-dockingstation-mit-usb-c-2\/"},"modified":"2025-05-14T08:19:55","modified_gmt":"2025-05-14T08:19:55","slug":"bluebuilt-displaylink-dockingstation-mit-usb-c","status":"publish","type":"product","link":"https:\/\/onlinehardwareshop.de\/index.php\/produkt\/bluebuilt-displaylink-dockingstation-mit-usb-c\/","title":{"rendered":"BlueBuilt DisplayLink Dockingstation mit USB-C"},"content":{"rendered":"<p>Hinweis: Die Dockingstation funktioniert am besten, wenn du vor der Nutzung den DisplayLink-Treiber installierst. Du kannst ihn einfach auf der DisplayLink-Website herunterladen.Erweitere deinen Arbeitsplatz mit der BlueBuilt DisplayLink Dockingstation mit USB-C. Mit dieser Dockingstation kannst du bis zu zwei Monitore \u00fcber HDMI anschlie\u00dfen. So erreichst du eine maximale Aufl\u00f6sung von 4K bei 60 Hertz und schaffst schnell mehr Platz f\u00fcr all deine ge\u00f6ffneten Fenster. Zudem stehen dir genug USB-Anschl\u00fcsse f\u00fcr Peripherieger\u00e4te und Speicherkarten zur Verf\u00fcgung. Du schlie\u00dft also einfach und schnell deine Maus, Tastatur und einen USB-Stick an. Unterst\u00fctzt dein Laptop Power Delivery? Dann l\u00e4dst du deinen Laptop mit der BlueBuilt Dockingstation w\u00e4hrend der Arbeit auf und brauchst nicht mehr nach einer Steckdose zu suchen. \u00dcber den Ethernetanschluss schlie\u00dft du ein Internetkabel f\u00fcr stabiles, kabelgebundenes Internet an. Die BlueBuilt DisplayLink Dockingstation mit USB-C funktioniert mit allen Windows-Laptops und MacBooks mit einem USB-C-Anschluss, der Videosignale \u00fcbertr\u00e4gt. So findest du heraus, ob dein Laptop einen passenden USB-C-Anschluss hat.    Was kannst du mit dieser Dockingstation machen? Bis zu zwei Monitore anschlie\u00dfen Laptop aufladen mit Power Delivery bis 100 Watt (wenn dein Laptop Power Delivery unterst\u00fctzt) Mit kabelgebundenem Internet arbeiten Maus und Tastatur anschlie\u00dfen Handy aufladen Speicherkarte lesen Kopfh\u00f6rer anschlie\u00dfen   Wenn du einen Monitor an diese Dockingstation anschlie\u00dft, erreichst du eine maximale Aufl\u00f6sung von   4K bei 60 Hertz.  Wenn du zwei Monitore an diese Dockingstation anschlie\u00dft, erreichst du eine maximale Aufl\u00f6sung von  4K bei 60 Hertz.<\/p>\n","protected":false},"excerpt":{"rendered":"<p>Hinweis: Die Dockingstation funktioniert am besten, wenn du vor der Nutzung den DisplayLink-Treiber installierst. Du kannst ihn einfach auf der DisplayLink-Website herunterladen.Erweitere deinen Arbeitsplatz mit der BlueBuilt DisplayLink Dockingstation mit USB-C. Mit dieser Dockingstation kannst du bis zu zwei Monitore \u00fcber HDMI anschlie\u00dfen. So erreichst du eine maximale Aufl\u00f6sung von 4K bei 60 Hertz und schaffst schnell mehr Platz f\u00fcr all deine ge\u00f6ffneten Fenster. Zudem stehen dir genug USB-Anschl\u00fcsse f\u00fcr Peripherieger\u00e4te und Speicherkarten zur Verf\u00fcgung. Du schlie\u00dft also einfach und schnell deine Maus, Tastatur und einen USB-Stick an. Unterst\u00fctzt dein Laptop Power Delivery? Dann l\u00e4dst du deinen Laptop mit der BlueBuilt Dockingstation w\u00e4hrend der Arbeit auf und brauchst nicht mehr nach einer Steckdose zu suchen. \u00dcber den Ethernetanschluss schlie\u00dft du ein Internetkabel f\u00fcr stabiles, kabelgebundenes Internet an. Die BlueBuilt DisplayLink Dockingstation mit USB-C funktioniert mit allen Windows-Laptops und MacBooks mit einem USB-C-Anschluss, der Videosignale \u00fcbertr\u00e4gt. So findest du heraus, ob dein Laptop einen passenden USB-C-Anschluss hat.    Was kannst du mit dieser Dockingstation machen? Bis zu zwei Monitore anschlie\u00dfen Laptop aufladen mit Power Delivery bis 100 Watt (wenn dein Laptop Power Delivery unterst\u00fctzt) Mit kabelgebundenem Internet arbeiten Maus und Tastatur anschlie\u00dfen Handy aufladen Speicherkarte lesen Kopfh\u00f6rer anschlie\u00dfen   Wenn du einen Monitor an diese Dockingstation anschlie\u00dft, erreichst du eine maximale Aufl\u00f6sung von   4K bei 60 Hertz.  Wenn du zwei Monitore an diese Dockingstation anschlie\u00dft, erreichst du eine maximale Aufl\u00f6sung von  4K bei 60 Hertz.<\/p>\n","protected":false},"featured_media":0,"comment_status":"closed","ping_status":"open","template":"","meta":{"_acf_changed":false},"brand":[5893],"product_brand":[],"product_cat":[4022],"product_tag":[4023],"class_list":{"0":"post-76979","1":"product","2":"type-product","3":"status-publish","5":"brand-bluebuilt","6":"product_cat-dockingstations","7":"product_tag-cradles-docks-voor-laptops","8":"pa_condition-new","9":"pa_coolblue-de-verzending-morgen-gratis-geliefert","10":"pa_ean-14545","11":"pa_mpn-bbds12in1","13":"first","14":"instock","15":"product-type-external"},"acf":[],"_links":{"self":[{"href":"https:\/\/onlinehardwareshop.de\/index.php\/wp-json\/wp\/v2\/product\/76979","targetHints":{"allow":["GET"]}}],"collection":[{"href":"https:\/\/onlinehardwareshop.de\/index.php\/wp-json\/wp\/v2\/product"}],"about":[{"href":"https:\/\/onlinehardwareshop.de\/index.php\/wp-json\/wp\/v2\/types\/product"}],"replies":[{"embeddable":true,"href":"https:\/\/onlinehardwareshop.de\/index.php\/wp-json\/wp\/v2\/comments?post=76979"}],"wp:attachment":[{"href":"https:\/\/onlinehardwareshop.de\/index.php\/wp-json\/wp\/v2\/media?parent=76979"}],"wp:term":[{"taxonomy":"brand","embeddable":true,"href":"https:\/\/onlinehardwareshop.de\/index.php\/wp-json\/wp\/v2\/brand?post=76979"},{"taxonomy":"product_brand","embeddable":true,"href":"https:\/\/onlinehardwareshop.de\/index.php\/wp-json\/wp\/v2\/product_brand?post=76979"},{"taxonomy":"product_cat","embeddable":true,"href":"https:\/\/onlinehardwareshop.de\/index.php\/wp-json\/wp\/v2\/product_cat?post=76979"},{"taxonomy":"product_tag","embeddable":true,"href":"https:\/\/onlinehardwareshop.de\/index.php\/wp-json\/wp\/v2\/product_tag?post=76979"}],"curies":[{"name":"wp","href":"https:\/\/api.w.org\/{rel}","templated":true}]}}