{"id":76946,"date":"2024-10-29T16:22:13","date_gmt":"2024-10-29T16:22:13","guid":{"rendered":"https:\/\/onlinehardwareshop.de\/index.php\/produkt\/sony-ecm-m1-2\/"},"modified":"2025-05-14T08:17:25","modified_gmt":"2025-05-14T08:17:25","slug":"sony-ecm-m1","status":"publish","type":"product","link":"https:\/\/onlinehardwareshop.de\/index.php\/produkt\/sony-ecm-m1\/","title":{"rendered":"Sony ECM-M1"},"content":{"rendered":"<p>Das Sony ECM-M1 ist ein praktisches Mikrofon f\u00fcr Vlogger und Videomacher. Bringe es am Hot-Shoe-Anschluss deiner Kamera an, um die Tonqualit\u00e4t deiner Videos zu verbessern. Das Mikrofon hat acht verschiedene Aufnahmemodi. Zum Beispiel kannst du einstellen, dass der Ton nur an der Vorderseite aufgenommen wird, wenn du ein Interview f\u00fcr eine Dokumentation aufnimmst. Dank der Noise-Cancelling-Funktion sind in deinen Aufnahmen weniger ungew\u00fcnschte Ger\u00e4usche zu h\u00f6ren. So wird zum Beispiel die Klimaanlage im Hintergrund herausgefiltert. Das Mikrofon hat eine kompakte Gr\u00f6\u00dfe und ein geringes Gewicht von 65 Gramm. Daher eignet es sich f\u00fcr Journalisten und Vlogger, die viel unterwegs sind.<\/p>\n","protected":false},"excerpt":{"rendered":"<p>Das Sony ECM-M1 ist ein praktisches Mikrofon f\u00fcr Vlogger und Videomacher. Bringe es am Hot-Shoe-Anschluss deiner Kamera an, um die Tonqualit\u00e4t deiner Videos zu verbessern. Das Mikrofon hat acht verschiedene Aufnahmemodi. Zum Beispiel kannst du einstellen, dass der Ton nur an der Vorderseite aufgenommen wird, wenn du ein Interview f\u00fcr eine Dokumentation aufnimmst. Dank der Noise-Cancelling-Funktion sind in deinen Aufnahmen weniger ungew\u00fcnschte Ger\u00e4usche zu h\u00f6ren. So wird zum Beispiel die Klimaanlage im Hintergrund herausgefiltert. Das Mikrofon hat eine kompakte Gr\u00f6\u00dfe und ein geringes Gewicht von 65 Gramm. Daher eignet es sich f\u00fcr Journalisten und Vlogger, die viel unterwegs sind.<\/p>\n","protected":false},"featured_media":0,"comment_status":"closed","ping_status":"open","template":"","meta":{"_acf_changed":false},"brand":[56],"product_brand":[],"product_cat":[1570],"product_tag":[1571],"class_list":{"0":"post-76946","1":"product","2":"type-product","3":"status-publish","5":"brand-sony","6":"product_cat-kameramikrofone","7":"product_tag-cameramicrofoons","8":"pa_condition-new","9":"pa_coolblue-de-verzending-morgen-gratis-geliefert","10":"pa_ean-14454","11":"pa_mpn-ecmm1-ce7","13":"first","14":"instock","15":"product-type-external"},"acf":[],"_links":{"self":[{"href":"https:\/\/onlinehardwareshop.de\/index.php\/wp-json\/wp\/v2\/product\/76946","targetHints":{"allow":["GET"]}}],"collection":[{"href":"https:\/\/onlinehardwareshop.de\/index.php\/wp-json\/wp\/v2\/product"}],"about":[{"href":"https:\/\/onlinehardwareshop.de\/index.php\/wp-json\/wp\/v2\/types\/product"}],"replies":[{"embeddable":true,"href":"https:\/\/onlinehardwareshop.de\/index.php\/wp-json\/wp\/v2\/comments?post=76946"}],"wp:attachment":[{"href":"https:\/\/onlinehardwareshop.de\/index.php\/wp-json\/wp\/v2\/media?parent=76946"}],"wp:term":[{"taxonomy":"brand","embeddable":true,"href":"https:\/\/onlinehardwareshop.de\/index.php\/wp-json\/wp\/v2\/brand?post=76946"},{"taxonomy":"product_brand","embeddable":true,"href":"https:\/\/onlinehardwareshop.de\/index.php\/wp-json\/wp\/v2\/product_brand?post=76946"},{"taxonomy":"product_cat","embeddable":true,"href":"https:\/\/onlinehardwareshop.de\/index.php\/wp-json\/wp\/v2\/product_cat?post=76946"},{"taxonomy":"product_tag","embeddable":true,"href":"https:\/\/onlinehardwareshop.de\/index.php\/wp-json\/wp\/v2\/product_tag?post=76946"}],"curies":[{"name":"wp","href":"https:\/\/api.w.org\/{rel}","templated":true}]}}