{"id":76817,"date":"2024-05-29T16:49:30","date_gmt":"2024-05-29T16:49:30","guid":{"rendered":"https:\/\/onlinehardwareshop.de\/index.php\/produkt\/hyperx-cloud-iii-wired-gaming-headset-schwarz-rot-pc-ps5-xbox-series-x-s-2\/"},"modified":"2025-05-14T08:06:36","modified_gmt":"2025-05-14T08:06:36","slug":"hyperx-cloud-iii-wired-gaming-headset-schwarz-rot-pc-ps5-xbox-series-x-s","status":"publish","type":"product","link":"https:\/\/onlinehardwareshop.de\/index.php\/produkt\/hyperx-cloud-iii-wired-gaming-headset-schwarz-rot-pc-ps5-xbox-series-x-s\/","title":{"rendered":"HyperX Cloud III Wired Gaming Headset &#8211; Schwarz\/Rot (PC, PS5, Xbox Series X\/S)"},"content":{"rendered":"<p>Mit dem rot-schwarzen HyperX Cloud III Wired Gaming-Headset legst du dir ein leichteres und sehr robustes Headset zu. Dieses Gaming-Headset schlie\u00dft du \u00fcber ein 3,5-mm-Audiokabel oder \u00fcber einen USB-A-Dongle an. Das Headset ist also Plug-and-Play und sofort einsatzbereit. Mit den Tasten an der Ohrmuschel \u00e4nderst du die Lautst\u00e4rke ganz einfach und schaltest dein Mikrofon stumm. Au\u00dferdem kommunizierst du dank der Rauschunterdr\u00fcckung des Mikrofons online ohne Hintergrundger\u00e4usche mit deinen Freunden. So kommen deine Kommentare immer deutlich an. Spielst du \u00f6fter im Single-Player-Modus oder ben\u00f6tigst kein Mikrofon? Dann l\u00e4sst sich das Mikrofon einfach vom Headset entfernen. So ist es dir nicht im Weg und du zockst ungest\u00f6rt weiter.<\/p>\n","protected":false},"excerpt":{"rendered":"<p>Mit dem rot-schwarzen HyperX Cloud III Wired Gaming-Headset legst du dir ein leichteres und sehr robustes Headset zu. Dieses Gaming-Headset schlie\u00dft du \u00fcber ein 3,5-mm-Audiokabel oder \u00fcber einen USB-A-Dongle an. Das Headset ist also Plug-and-Play und sofort einsatzbereit. Mit den Tasten an der Ohrmuschel \u00e4nderst du die Lautst\u00e4rke ganz einfach und schaltest dein Mikrofon stumm. Au\u00dferdem kommunizierst du dank der Rauschunterdr\u00fcckung des Mikrofons online ohne Hintergrundger\u00e4usche mit deinen Freunden. So kommen deine Kommentare immer deutlich an. Spielst du \u00f6fter im Single-Player-Modus oder ben\u00f6tigst kein Mikrofon? Dann l\u00e4sst sich das Mikrofon einfach vom Headset entfernen. So ist es dir nicht im Weg und du zockst ungest\u00f6rt weiter.<\/p>\n","protected":false},"featured_media":0,"comment_status":"closed","ping_status":"open","template":"","meta":{"_acf_changed":false},"brand":[3434],"product_brand":[],"product_cat":[3435],"product_tag":[3436],"class_list":{"0":"post-76817","1":"product","2":"type-product","3":"status-publish","5":"brand-hyperx","6":"product_cat-gaming-headsets","7":"product_tag-gaming-headsets","8":"pa_condition-new","9":"pa_coolblue-de-verzending-morgen-gratis-geliefert","10":"pa_ean-14173","11":"pa_mpn-727a9aa","13":"first","14":"instock","15":"product-type-external"},"acf":[],"_links":{"self":[{"href":"https:\/\/onlinehardwareshop.de\/index.php\/wp-json\/wp\/v2\/product\/76817","targetHints":{"allow":["GET"]}}],"collection":[{"href":"https:\/\/onlinehardwareshop.de\/index.php\/wp-json\/wp\/v2\/product"}],"about":[{"href":"https:\/\/onlinehardwareshop.de\/index.php\/wp-json\/wp\/v2\/types\/product"}],"replies":[{"embeddable":true,"href":"https:\/\/onlinehardwareshop.de\/index.php\/wp-json\/wp\/v2\/comments?post=76817"}],"wp:attachment":[{"href":"https:\/\/onlinehardwareshop.de\/index.php\/wp-json\/wp\/v2\/media?parent=76817"}],"wp:term":[{"taxonomy":"brand","embeddable":true,"href":"https:\/\/onlinehardwareshop.de\/index.php\/wp-json\/wp\/v2\/brand?post=76817"},{"taxonomy":"product_brand","embeddable":true,"href":"https:\/\/onlinehardwareshop.de\/index.php\/wp-json\/wp\/v2\/product_brand?post=76817"},{"taxonomy":"product_cat","embeddable":true,"href":"https:\/\/onlinehardwareshop.de\/index.php\/wp-json\/wp\/v2\/product_cat?post=76817"},{"taxonomy":"product_tag","embeddable":true,"href":"https:\/\/onlinehardwareshop.de\/index.php\/wp-json\/wp\/v2\/product_tag?post=76817"}],"curies":[{"name":"wp","href":"https:\/\/api.w.org\/{rel}","templated":true}]}}