{"id":76805,"date":"2024-06-17T08:31:32","date_gmt":"2024-06-17T08:31:32","guid":{"rendered":"https:\/\/onlinehardwareshop.de\/index.php\/produkt\/dell-thunderbolt-dockingstation-wd22tb4-2\/"},"modified":"2025-05-14T08:05:26","modified_gmt":"2025-05-14T08:05:26","slug":"dell-thunderbolt-dockingstation-wd22tb4","status":"publish","type":"product","link":"https:\/\/onlinehardwareshop.de\/index.php\/produkt\/dell-thunderbolt-dockingstation-wd22tb4\/","title":{"rendered":"Dell Thunderbolt Dockingstation WD22TB4"},"content":{"rendered":"<p>Erweitere deinen Laptop mit bis zu vier 4K-Monitoren und all deinem Zubeh\u00f6r mit der Dell Thunderbolt Dock WD22TB4 Dockingstation. Mit Thunderbolt 4 \u00fcbertr\u00e4gt diese Dockingstation Daten von und zu deinem Laptop mit 40\u00a0Gbit\/s, was schneller ist als Thunderbolt 3 oder andere Anschl\u00fcsse. Dar\u00fcber hinaus verf\u00fcgt die Dockingstation \u00fcber gen\u00fcgend Anschl\u00fcsse f\u00fcr s\u00e4mtliches Zubeh\u00f6r, das du beim Arbeiten ben\u00f6tigst, wie zum Beispiel eine ergonomische Maus oder Tastatur. Die Dockingstation verf\u00fcgt \u00fcber ein austauschbares Modul, sodass sie in Zukunft leicht aufger\u00fcstet werden kann. Mit dieser Dockingstation brauchst du dir keine Sorgen mehr \u00fcber einen leeren Akku zu machen, denn die Dockingstation l\u00e4dt deinen Laptop auf, w\u00e4hrend du arbeitest. An einem Arbeitsplatz mit einer schlechten kabellosen Internetverbindung schlie\u00dft du ein Ethernet-Kabel an, damit du problemlos Online-Meetings mit deinen Kollegen abhalten kannst.<\/p>\n<p> Diese Dockingstation funktioniert mit allen Windows-Laptops sowie MacBooks mit einem USB-C-Port, der ein Videosignal \u00fcbertr\u00e4gt. So \u00fcberpr\u00fcfst du, ob dein Laptop einen geeigneten USB-C-Port hat.<\/p>\n<p> Was kann man mit dieser Dockingstation machen?<br \/>\n 1 bis 4 Monitore anschlie\u00dfen<br \/>\n Lade deinen Laptop auf (wenn er Power Delivery unterst\u00fctzt)<br \/>\n Arbeiten mit kabelgebundenem Internet<br \/>\n Anschlie\u00dfen von Maus und Tastatur<br \/>\n Handy aufladen<\/p>\n<p> Was kann man mit dieser Dockingstation nicht machen?<br \/>\n Speicherkarte lesen<br \/>\n Kopfh\u00f6rer anschlie\u00dfen<\/p>\n<p> Wenn du 1 Monitor an diese Dockingstation anschlie\u00dft, erreichst du eine maximale Aufl\u00f6sung von  5K bei 60 Hertz.<\/p>\n<p> Wenn du 2 bis 4 Monitore an diese Dockingstation anschlie\u00dft, erreichst du eine maximale Aufl\u00f6sung von  4K bei 60 Hertz.<\/p>\n","protected":false},"excerpt":{"rendered":"<p>Erweitere deinen Laptop mit bis zu vier 4K-Monitoren und all deinem Zubeh\u00f6r mit der Dell Thunderbolt Dock WD22TB4 Dockingstation. Mit Thunderbolt 4 \u00fcbertr\u00e4gt diese Dockingstation Daten von und zu deinem Laptop mit 40\u00a0Gbit\/s, was schneller ist als Thunderbolt 3 oder andere Anschl\u00fcsse. Dar\u00fcber hinaus verf\u00fcgt die Dockingstation \u00fcber gen\u00fcgend Anschl\u00fcsse f\u00fcr s\u00e4mtliches Zubeh\u00f6r, das du beim Arbeiten ben\u00f6tigst, wie zum Beispiel eine ergonomische Maus oder Tastatur. Die Dockingstation verf\u00fcgt \u00fcber ein austauschbares Modul, sodass sie in Zukunft leicht aufger\u00fcstet werden kann. Mit dieser Dockingstation brauchst du dir keine Sorgen mehr \u00fcber einen leeren Akku zu machen, denn die Dockingstation l\u00e4dt deinen Laptop auf, w\u00e4hrend du arbeitest. An einem Arbeitsplatz mit einer schlechten kabellosen Internetverbindung schlie\u00dft du ein Ethernet-Kabel an, damit du problemlos Online-Meetings mit deinen Kollegen abhalten kannst.<\/p>\n<p> Diese Dockingstation funktioniert mit allen Windows-Laptops sowie MacBooks mit einem USB-C-Port, der ein Videosignal \u00fcbertr\u00e4gt. So \u00fcberpr\u00fcfst du, ob dein Laptop einen geeigneten USB-C-Port hat.<\/p>\n<p> Was kann man mit dieser Dockingstation machen?<br \/>\n 1 bis 4 Monitore anschlie\u00dfen<br \/>\n Lade deinen Laptop auf (wenn er Power Delivery unterst\u00fctzt)<br \/>\n Arbeiten mit kabelgebundenem Internet<br \/>\n Anschlie\u00dfen von Maus und Tastatur<br \/>\n Handy aufladen<\/p>\n<p> Was kann man mit dieser Dockingstation nicht machen?<br \/>\n Speicherkarte lesen<br \/>\n Kopfh\u00f6rer anschlie\u00dfen<\/p>\n<p> Wenn du 1 Monitor an diese Dockingstation anschlie\u00dft, erreichst du eine maximale Aufl\u00f6sung von  5K bei 60 Hertz.<\/p>\n<p> Wenn du 2 bis 4 Monitore an diese Dockingstation anschlie\u00dft, erreichst du eine maximale Aufl\u00f6sung von  4K bei 60 Hertz.<\/p>\n","protected":false},"featured_media":0,"comment_status":"closed","ping_status":"open","template":"","meta":{"_acf_changed":false},"brand":[8601],"product_brand":[],"product_cat":[4022],"product_tag":[4023],"class_list":{"0":"post-76805","1":"product","2":"type-product","3":"status-publish","5":"brand-dell","6":"product_cat-dockingstations","7":"product_tag-cradles-docks-voor-laptops","8":"pa_condition-new","9":"pa_coolblue-de-verzending-morgen-gratis-geliefert","10":"pa_ean-26979","11":"pa_mpn-dell-wd22tb4","13":"first","14":"instock","15":"product-type-external"},"acf":[],"_links":{"self":[{"href":"https:\/\/onlinehardwareshop.de\/index.php\/wp-json\/wp\/v2\/product\/76805","targetHints":{"allow":["GET"]}}],"collection":[{"href":"https:\/\/onlinehardwareshop.de\/index.php\/wp-json\/wp\/v2\/product"}],"about":[{"href":"https:\/\/onlinehardwareshop.de\/index.php\/wp-json\/wp\/v2\/types\/product"}],"replies":[{"embeddable":true,"href":"https:\/\/onlinehardwareshop.de\/index.php\/wp-json\/wp\/v2\/comments?post=76805"}],"wp:attachment":[{"href":"https:\/\/onlinehardwareshop.de\/index.php\/wp-json\/wp\/v2\/media?parent=76805"}],"wp:term":[{"taxonomy":"brand","embeddable":true,"href":"https:\/\/onlinehardwareshop.de\/index.php\/wp-json\/wp\/v2\/brand?post=76805"},{"taxonomy":"product_brand","embeddable":true,"href":"https:\/\/onlinehardwareshop.de\/index.php\/wp-json\/wp\/v2\/product_brand?post=76805"},{"taxonomy":"product_cat","embeddable":true,"href":"https:\/\/onlinehardwareshop.de\/index.php\/wp-json\/wp\/v2\/product_cat?post=76805"},{"taxonomy":"product_tag","embeddable":true,"href":"https:\/\/onlinehardwareshop.de\/index.php\/wp-json\/wp\/v2\/product_tag?post=76805"}],"curies":[{"name":"wp","href":"https:\/\/api.w.org\/{rel}","templated":true}]}}