{"id":76790,"date":"2024-10-01T12:21:50","date_gmt":"2024-10-01T12:21:50","guid":{"rendered":"https:\/\/onlinehardwareshop.de\/index.php\/produkt\/greenpan-elite-slowcooker-schwarz-6-liter-2\/"},"modified":"2025-05-14T08:04:01","modified_gmt":"2025-05-14T08:04:01","slug":"greenpan-elite-slowcooker-schwarz-6-liter","status":"publish","type":"product","link":"https:\/\/onlinehardwareshop.de\/index.php\/produkt\/greenpan-elite-slowcooker-schwarz-6-liter\/","title":{"rendered":"GreenPan Elite Slowcooker Schwarz 6 Liter"},"content":{"rendered":"<p>Mit dem GreenPan Elite Slowcooker Schwarz 6 Liter lassen sich Eint\u00f6pfe auf eine gesunde Art zubereiten. Der Slowcooker verf\u00fcgt n\u00e4mlich \u00fcber eine PFAS-freie Keramikbeschichtung. Somit enth\u00e4lt die Beschichtung keinerlei sch\u00e4dliche Chemikalien. Der Kochtopf hat ein Fassungsverm\u00f6gen von 6 Litern. Das ist angenehm gro\u00df, wenn man f\u00fcr eine bis zu sechsk\u00f6pfige Familie kocht oder h\u00e4ufig Besuch zum Essen bekommt. Vor dem Einkochen der Zutaten muss man sie anbraten. Danach dreht man die Temperatur runter und l\u00e4sst das Gericht einige Stunden leicht k\u00f6cheln. So gelingt zum Beispiel saftiges Schmorfleisch im Slowcooker perfekt. M\u00f6chtest du Gem\u00fcse, Fisch oder Gefl\u00fcgel d\u00e4mpfen? Dann nutze den D\u00e4mpfeinsatz. Nach dem Kochen l\u00e4sst sich der Innentopf in der Sp\u00fclmaschine reinigen.<\/p>\n","protected":false},"excerpt":{"rendered":"<p>Mit dem GreenPan Elite Slowcooker Schwarz 6 Liter lassen sich Eint\u00f6pfe auf eine gesunde Art zubereiten. Der Slowcooker verf\u00fcgt n\u00e4mlich \u00fcber eine PFAS-freie Keramikbeschichtung. Somit enth\u00e4lt die Beschichtung keinerlei sch\u00e4dliche Chemikalien. Der Kochtopf hat ein Fassungsverm\u00f6gen von 6 Litern. Das ist angenehm gro\u00df, wenn man f\u00fcr eine bis zu sechsk\u00f6pfige Familie kocht oder h\u00e4ufig Besuch zum Essen bekommt. Vor dem Einkochen der Zutaten muss man sie anbraten. Danach dreht man die Temperatur runter und l\u00e4sst das Gericht einige Stunden leicht k\u00f6cheln. So gelingt zum Beispiel saftiges Schmorfleisch im Slowcooker perfekt. M\u00f6chtest du Gem\u00fcse, Fisch oder Gefl\u00fcgel d\u00e4mpfen? Dann nutze den D\u00e4mpfeinsatz. Nach dem Kochen l\u00e4sst sich der Innentopf in der Sp\u00fclmaschine reinigen.<\/p>\n","protected":false},"featured_media":0,"comment_status":"closed","ping_status":"open","template":"","meta":{"_acf_changed":false},"brand":[3971],"product_brand":[],"product_cat":[536],"product_tag":[537],"class_list":{"0":"post-76790","1":"product","2":"type-product","3":"status-publish","5":"brand-greenpan","6":"product_cat-slowcooker","7":"product_tag-slowcookers","8":"pa_condition-new","9":"pa_coolblue-de-verzending-morgen-gratis-geliefert","10":"pa_ean-14107","11":"pa_mpn-cc005311-001","13":"first","14":"instock","15":"product-type-external"},"acf":[],"_links":{"self":[{"href":"https:\/\/onlinehardwareshop.de\/index.php\/wp-json\/wp\/v2\/product\/76790","targetHints":{"allow":["GET"]}}],"collection":[{"href":"https:\/\/onlinehardwareshop.de\/index.php\/wp-json\/wp\/v2\/product"}],"about":[{"href":"https:\/\/onlinehardwareshop.de\/index.php\/wp-json\/wp\/v2\/types\/product"}],"replies":[{"embeddable":true,"href":"https:\/\/onlinehardwareshop.de\/index.php\/wp-json\/wp\/v2\/comments?post=76790"}],"wp:attachment":[{"href":"https:\/\/onlinehardwareshop.de\/index.php\/wp-json\/wp\/v2\/media?parent=76790"}],"wp:term":[{"taxonomy":"brand","embeddable":true,"href":"https:\/\/onlinehardwareshop.de\/index.php\/wp-json\/wp\/v2\/brand?post=76790"},{"taxonomy":"product_brand","embeddable":true,"href":"https:\/\/onlinehardwareshop.de\/index.php\/wp-json\/wp\/v2\/product_brand?post=76790"},{"taxonomy":"product_cat","embeddable":true,"href":"https:\/\/onlinehardwareshop.de\/index.php\/wp-json\/wp\/v2\/product_cat?post=76790"},{"taxonomy":"product_tag","embeddable":true,"href":"https:\/\/onlinehardwareshop.de\/index.php\/wp-json\/wp\/v2\/product_tag?post=76790"}],"curies":[{"name":"wp","href":"https:\/\/api.w.org\/{rel}","templated":true}]}}