{"id":76779,"date":"2024-07-30T05:14:33","date_gmt":"2024-07-30T05:14:33","guid":{"rendered":"https:\/\/onlinehardwareshop.de\/index.php\/produkt\/nikon-monarch-m5-8x42-2\/"},"modified":"2025-05-14T08:03:00","modified_gmt":"2025-05-14T08:03:00","slug":"nikon-monarch-m5-8x42","status":"publish","type":"product","link":"https:\/\/onlinehardwareshop.de\/index.php\/produkt\/nikon-monarch-m5-8x42\/","title":{"rendered":"Nikon Monarch M5 8&#215;42"},"content":{"rendered":"<p>Als Naturfan ziehst du am besten mit dem Nikon Monarch M5 8&#215;42 Fernglas los. Mit der maximalen Vergr\u00f6\u00dferung um das 8-Fache kannst du zum Beispiel ein Reh in einem Naturschutzgebiet beobachten. Das Fernglas hat ein Sehfeld von 112 Metern. Dadurch kannst du dein Motiv zwischen den B\u00e4umen schnell entdecken. Die speziellen Beschichtungen der Linsen reduzieren Verformungen und sorgen f\u00fcr ein klares Bild. So sind die Farben naturgetreu zu sehen. Das wasserdichte Design erm\u00f6glicht es, das Fernglas auch bei schlechtem Wetter zu benutzen. Auch w\u00e4hrend eines Regenschauers kannst du problemlos Tiere beobachten. Das Fernglas hat eine Naheinstellgrenze von 2,5 Metern. Du kannst also auch Details in der N\u00e4he betrachten, zum Beispiel Blumen und Insekten.<\/p>\n","protected":false},"excerpt":{"rendered":"<p>Als Naturfan ziehst du am besten mit dem Nikon Monarch M5 8&#215;42 Fernglas los. Mit der maximalen Vergr\u00f6\u00dferung um das 8-Fache kannst du zum Beispiel ein Reh in einem Naturschutzgebiet beobachten. Das Fernglas hat ein Sehfeld von 112 Metern. Dadurch kannst du dein Motiv zwischen den B\u00e4umen schnell entdecken. Die speziellen Beschichtungen der Linsen reduzieren Verformungen und sorgen f\u00fcr ein klares Bild. So sind die Farben naturgetreu zu sehen. Das wasserdichte Design erm\u00f6glicht es, das Fernglas auch bei schlechtem Wetter zu benutzen. Auch w\u00e4hrend eines Regenschauers kannst du problemlos Tiere beobachten. Das Fernglas hat eine Naheinstellgrenze von 2,5 Metern. Du kannst also auch Details in der N\u00e4he betrachten, zum Beispiel Blumen und Insekten.<\/p>\n","protected":false},"featured_media":0,"comment_status":"closed","ping_status":"open","template":"","meta":{"_acf_changed":false},"brand":[133],"product_brand":[],"product_cat":[448],"product_tag":[1304],"class_list":{"0":"post-76779","1":"product","2":"type-product","3":"status-publish","5":"brand-nikon","6":"product_cat-fernglser","7":"product_tag-dakkant-verrekijkers","8":"pa_condition-new","9":"pa_coolblue-de-verzending-morgen-gratis-geliefert","10":"pa_ean-14087","11":"pa_mpn-baa910ya","13":"first","14":"instock","15":"product-type-external"},"acf":[],"_links":{"self":[{"href":"https:\/\/onlinehardwareshop.de\/index.php\/wp-json\/wp\/v2\/product\/76779","targetHints":{"allow":["GET"]}}],"collection":[{"href":"https:\/\/onlinehardwareshop.de\/index.php\/wp-json\/wp\/v2\/product"}],"about":[{"href":"https:\/\/onlinehardwareshop.de\/index.php\/wp-json\/wp\/v2\/types\/product"}],"replies":[{"embeddable":true,"href":"https:\/\/onlinehardwareshop.de\/index.php\/wp-json\/wp\/v2\/comments?post=76779"}],"wp:attachment":[{"href":"https:\/\/onlinehardwareshop.de\/index.php\/wp-json\/wp\/v2\/media?parent=76779"}],"wp:term":[{"taxonomy":"brand","embeddable":true,"href":"https:\/\/onlinehardwareshop.de\/index.php\/wp-json\/wp\/v2\/brand?post=76779"},{"taxonomy":"product_brand","embeddable":true,"href":"https:\/\/onlinehardwareshop.de\/index.php\/wp-json\/wp\/v2\/product_brand?post=76779"},{"taxonomy":"product_cat","embeddable":true,"href":"https:\/\/onlinehardwareshop.de\/index.php\/wp-json\/wp\/v2\/product_cat?post=76779"},{"taxonomy":"product_tag","embeddable":true,"href":"https:\/\/onlinehardwareshop.de\/index.php\/wp-json\/wp\/v2\/product_tag?post=76779"}],"curies":[{"name":"wp","href":"https:\/\/api.w.org\/{rel}","templated":true}]}}