{"id":76729,"date":"2024-01-16T03:06:00","date_gmt":"2024-01-16T03:06:00","guid":{"rendered":"https:\/\/onlinehardwareshop.de\/index.php\/produkt\/jbl-tune-670nc-wei-2\/"},"modified":"2025-05-14T07:57:34","modified_gmt":"2025-05-14T07:57:34","slug":"jbl-tune-670nc-wei","status":"publish","type":"product","link":"https:\/\/onlinehardwareshop.de\/index.php\/produkt\/jbl-tune-670nc-wei\/","title":{"rendered":"JBL Tune 670NC Wei&#xDF;"},"content":{"rendered":"<p>Mit dem JBL Tune 670NC Wei\u00df kannst du dich von deiner Umgebung abschotten. Dank Noise Cancelling werden Umgebungsger\u00e4usche stark unterdr\u00fcckt. Die lange Akkulaufzeit erm\u00f6glicht es dir, bis zu 70 Stunden lang Musik zu h\u00f6ren. Dieser JBL Kopfh\u00f6rer kann durch Multipoint Pairing an zwei Ger\u00e4te gleichzeitig angeschlossen werden. Du kannst also zum Beispiel \u00fcber den Laptop Musik h\u00f6ren und gleichzeitig mit deinem Smartphone Anrufe entgegennehmen. Der Kopfh\u00f6rer schaltet automatisch zwischen diesen beiden Ger\u00e4ten um. Mit der JBL Headphones App kannst du deine Pr\u00e4ferenzen einstellen und zum Beispiel die B\u00e4sse verst\u00e4rken und den Ton anpassen lassen. Die B\u00e4sse werden durch die JBL Pure Bass Technik noch verst\u00e4rkt. Deine Musik klingt dadurch wie in einem echten Konzert.<\/p>\n","protected":false},"excerpt":{"rendered":"<p>Mit dem JBL Tune 670NC Wei\u00df kannst du dich von deiner Umgebung abschotten. Dank Noise Cancelling werden Umgebungsger\u00e4usche stark unterdr\u00fcckt. Die lange Akkulaufzeit erm\u00f6glicht es dir, bis zu 70 Stunden lang Musik zu h\u00f6ren. Dieser JBL Kopfh\u00f6rer kann durch Multipoint Pairing an zwei Ger\u00e4te gleichzeitig angeschlossen werden. Du kannst also zum Beispiel \u00fcber den Laptop Musik h\u00f6ren und gleichzeitig mit deinem Smartphone Anrufe entgegennehmen. Der Kopfh\u00f6rer schaltet automatisch zwischen diesen beiden Ger\u00e4ten um. Mit der JBL Headphones App kannst du deine Pr\u00e4ferenzen einstellen und zum Beispiel die B\u00e4sse verst\u00e4rken und den Ton anpassen lassen. Die B\u00e4sse werden durch die JBL Pure Bass Technik noch verst\u00e4rkt. Deine Musik klingt dadurch wie in einem echten Konzert.<\/p>\n","protected":false},"featured_media":0,"comment_status":"closed","ping_status":"open","template":"","meta":{"_acf_changed":false},"brand":[5677],"product_brand":[],"product_cat":[1182],"product_tag":[5609],"class_list":{"0":"post-76729","1":"product","2":"type-product","3":"status-publish","5":"brand-jbl","6":"product_cat-kopfhrer","7":"product_tag-hoofdtelefoons-met-noisecancelling","8":"pa_condition-new","9":"pa_coolblue-de-verzending-morgen-gratis-geliefert","10":"pa_ean-13968","11":"pa_mpn-jblt670ncwht","13":"first","14":"instock","15":"product-type-external"},"acf":[],"_links":{"self":[{"href":"https:\/\/onlinehardwareshop.de\/index.php\/wp-json\/wp\/v2\/product\/76729","targetHints":{"allow":["GET"]}}],"collection":[{"href":"https:\/\/onlinehardwareshop.de\/index.php\/wp-json\/wp\/v2\/product"}],"about":[{"href":"https:\/\/onlinehardwareshop.de\/index.php\/wp-json\/wp\/v2\/types\/product"}],"replies":[{"embeddable":true,"href":"https:\/\/onlinehardwareshop.de\/index.php\/wp-json\/wp\/v2\/comments?post=76729"}],"wp:attachment":[{"href":"https:\/\/onlinehardwareshop.de\/index.php\/wp-json\/wp\/v2\/media?parent=76729"}],"wp:term":[{"taxonomy":"brand","embeddable":true,"href":"https:\/\/onlinehardwareshop.de\/index.php\/wp-json\/wp\/v2\/brand?post=76729"},{"taxonomy":"product_brand","embeddable":true,"href":"https:\/\/onlinehardwareshop.de\/index.php\/wp-json\/wp\/v2\/product_brand?post=76729"},{"taxonomy":"product_cat","embeddable":true,"href":"https:\/\/onlinehardwareshop.de\/index.php\/wp-json\/wp\/v2\/product_cat?post=76729"},{"taxonomy":"product_tag","embeddable":true,"href":"https:\/\/onlinehardwareshop.de\/index.php\/wp-json\/wp\/v2\/product_tag?post=76729"}],"curies":[{"name":"wp","href":"https:\/\/api.w.org\/{rel}","templated":true}]}}