{"id":76728,"date":"2025-01-04T11:08:50","date_gmt":"2025-01-04T11:08:50","guid":{"rendered":"https:\/\/onlinehardwareshop.de\/index.php\/produkt\/jbl-tune-670nc-schwarz-2\/"},"modified":"2025-05-14T07:57:29","modified_gmt":"2025-05-14T07:57:29","slug":"jbl-tune-670nc-schwarz","status":"publish","type":"product","link":"https:\/\/onlinehardwareshop.de\/index.php\/produkt\/jbl-tune-670nc-schwarz\/","title":{"rendered":"JBL Tune 670NC Schwarz"},"content":{"rendered":"<p>Mit dem JBL Tune 670NC Schwarz kannst du dich von deiner Umgebung abschotten. Noise Cancelling d\u00e4mpft Umgebungsger\u00e4usche n\u00e4mlich stark. So kannst du zum Beispiel in einem voll besetzten Zug ganz in deine Musik eintauchen. Die lange Akkulaufzeit erm\u00f6glicht es dir, bis zu 70 Stunden lang Musik zu h\u00f6ren. So musst du nie ohne Musik leben. Dieser JBL Kopfh\u00f6rer kann durch Multipoint Pairing an zwei Ger\u00e4te gleichzeitig angeschlossen werden. Du kannst also zum Beispiel \u00fcber den Laptop Musik h\u00f6ren und mit deinem Smartphone Anrufe entgegennehmen. Der Kopfh\u00f6rer schaltet automatisch zwischen diesen beiden Ger\u00e4ten um. Mit der JBL Headphones App kannst du deine Pr\u00e4ferenzen einstellen und zum Beispiel die B\u00e4sse verst\u00e4rken oder die H\u00f6hen st\u00e4rker hervortreten lassen. Dank JBL Pure Bass genie\u00dft du kr\u00e4ftige B\u00e4sse. Deine Musik klingt dadurch wie in einem echten Konzert.<\/p>\n","protected":false},"excerpt":{"rendered":"<p>Mit dem JBL Tune 670NC Schwarz kannst du dich von deiner Umgebung abschotten. Noise Cancelling d\u00e4mpft Umgebungsger\u00e4usche n\u00e4mlich stark. So kannst du zum Beispiel in einem voll besetzten Zug ganz in deine Musik eintauchen. Die lange Akkulaufzeit erm\u00f6glicht es dir, bis zu 70 Stunden lang Musik zu h\u00f6ren. So musst du nie ohne Musik leben. Dieser JBL Kopfh\u00f6rer kann durch Multipoint Pairing an zwei Ger\u00e4te gleichzeitig angeschlossen werden. Du kannst also zum Beispiel \u00fcber den Laptop Musik h\u00f6ren und mit deinem Smartphone Anrufe entgegennehmen. Der Kopfh\u00f6rer schaltet automatisch zwischen diesen beiden Ger\u00e4ten um. Mit der JBL Headphones App kannst du deine Pr\u00e4ferenzen einstellen und zum Beispiel die B\u00e4sse verst\u00e4rken oder die H\u00f6hen st\u00e4rker hervortreten lassen. Dank JBL Pure Bass genie\u00dft du kr\u00e4ftige B\u00e4sse. Deine Musik klingt dadurch wie in einem echten Konzert.<\/p>\n","protected":false},"featured_media":0,"comment_status":"closed","ping_status":"open","template":"","meta":{"_acf_changed":false},"brand":[5677],"product_brand":[],"product_cat":[1182],"product_tag":[5609],"class_list":{"0":"post-76728","1":"product","2":"type-product","3":"status-publish","5":"brand-jbl","6":"product_cat-kopfhrer","7":"product_tag-hoofdtelefoons-met-noisecancelling","8":"pa_condition-new","9":"pa_coolblue-de-verzending-morgen-gratis-geliefert","10":"pa_ean-13966","11":"pa_mpn-jblt670ncblk","13":"first","14":"instock","15":"product-type-external"},"acf":[],"_links":{"self":[{"href":"https:\/\/onlinehardwareshop.de\/index.php\/wp-json\/wp\/v2\/product\/76728","targetHints":{"allow":["GET"]}}],"collection":[{"href":"https:\/\/onlinehardwareshop.de\/index.php\/wp-json\/wp\/v2\/product"}],"about":[{"href":"https:\/\/onlinehardwareshop.de\/index.php\/wp-json\/wp\/v2\/types\/product"}],"replies":[{"embeddable":true,"href":"https:\/\/onlinehardwareshop.de\/index.php\/wp-json\/wp\/v2\/comments?post=76728"}],"wp:attachment":[{"href":"https:\/\/onlinehardwareshop.de\/index.php\/wp-json\/wp\/v2\/media?parent=76728"}],"wp:term":[{"taxonomy":"brand","embeddable":true,"href":"https:\/\/onlinehardwareshop.de\/index.php\/wp-json\/wp\/v2\/brand?post=76728"},{"taxonomy":"product_brand","embeddable":true,"href":"https:\/\/onlinehardwareshop.de\/index.php\/wp-json\/wp\/v2\/product_brand?post=76728"},{"taxonomy":"product_cat","embeddable":true,"href":"https:\/\/onlinehardwareshop.de\/index.php\/wp-json\/wp\/v2\/product_cat?post=76728"},{"taxonomy":"product_tag","embeddable":true,"href":"https:\/\/onlinehardwareshop.de\/index.php\/wp-json\/wp\/v2\/product_tag?post=76728"}],"curies":[{"name":"wp","href":"https:\/\/api.w.org\/{rel}","templated":true}]}}