{"id":76727,"date":"2025-01-16T07:39:00","date_gmt":"2025-01-16T07:39:00","guid":{"rendered":"https:\/\/onlinehardwareshop.de\/index.php\/produkt\/godox-speedlite-v860-iii-sony-2\/"},"modified":"2025-05-14T07:57:24","modified_gmt":"2025-05-14T07:57:24","slug":"godox-speedlite-v860-iii-sony","status":"publish","type":"product","link":"https:\/\/onlinehardwareshop.de\/index.php\/produkt\/godox-speedlite-v860-iii-sony\/","title":{"rendered":"Godox Speedlite V860 III Sony"},"content":{"rendered":"<p>Mit dem Godox Speedlite V860 III Sony kann man helle Portr\u00e4t- und Produktfotos aufnehmen. Dieses Blitzger\u00e4t eignet sich f\u00fcr Kameras von Sony. Es verf\u00fcgt \u00fcber eine TTL-Funktion, mit der das Blitzger\u00e4t selbst bestimmt, wie viel Blitzlicht f\u00fcr ein gut belichtetes Foto erforderlich ist. Wenn die nat\u00fcrlichen Lichtverh\u00e4ltnisse sich st\u00e4ndig \u00e4ndern, musst du die Einstellungen also nicht manuell anpassen. Das ist beim Fotografieren im Freien oder in der N\u00e4he eines Fensters praktisch. Bis zu 480-mal kann bei einem voll geladenen Akku bei voller Leistung geblitzt werden. Wenn der Akku leer ist, l\u00e4sst sich das Blitzger\u00e4t innerhalb von 1,5 Stunden wieder voll aufladen. Du kannst also schon bald weiterfotografieren. Der Zoombereich von 20 bis 200\u00a0mm erm\u00f6glicht es, auch Motive in der Ferne auszuleuchten. Je gr\u00f6\u00dfer der Zoombereich, desto genauer wird das Licht gelenkt. Das ist praktisch, wenn man nur einen Teil eines Gegenstands belichten m\u00f6chte, zum Beispiel bei der Produktfotografie.<\/p>\n","protected":false},"excerpt":{"rendered":"<p>Mit dem Godox Speedlite V860 III Sony kann man helle Portr\u00e4t- und Produktfotos aufnehmen. Dieses Blitzger\u00e4t eignet sich f\u00fcr Kameras von Sony. Es verf\u00fcgt \u00fcber eine TTL-Funktion, mit der das Blitzger\u00e4t selbst bestimmt, wie viel Blitzlicht f\u00fcr ein gut belichtetes Foto erforderlich ist. Wenn die nat\u00fcrlichen Lichtverh\u00e4ltnisse sich st\u00e4ndig \u00e4ndern, musst du die Einstellungen also nicht manuell anpassen. Das ist beim Fotografieren im Freien oder in der N\u00e4he eines Fensters praktisch. Bis zu 480-mal kann bei einem voll geladenen Akku bei voller Leistung geblitzt werden. Wenn der Akku leer ist, l\u00e4sst sich das Blitzger\u00e4t innerhalb von 1,5 Stunden wieder voll aufladen. Du kannst also schon bald weiterfotografieren. Der Zoombereich von 20 bis 200\u00a0mm erm\u00f6glicht es, auch Motive in der Ferne auszuleuchten. Je gr\u00f6\u00dfer der Zoombereich, desto genauer wird das Licht gelenkt. Das ist praktisch, wenn man nur einen Teil eines Gegenstands belichten m\u00f6chte, zum Beispiel bei der Produktfotografie.<\/p>\n","protected":false},"featured_media":0,"comment_status":"closed","ping_status":"open","template":"","meta":{"_acf_changed":false},"brand":[503],"product_brand":[],"product_cat":[2182],"product_tag":[2183],"class_list":{"0":"post-76727","1":"product","2":"type-product","3":"status-publish","5":"brand-godox","6":"product_cat-blitzgerte","7":"product_tag-flitsers","8":"pa_condition-new","9":"pa_coolblue-de-verzending-morgen-gratis-geliefert","10":"pa_ean-13964","11":"pa_mpn-d195081","13":"first","14":"instock","15":"product-type-external"},"acf":[],"_links":{"self":[{"href":"https:\/\/onlinehardwareshop.de\/index.php\/wp-json\/wp\/v2\/product\/76727","targetHints":{"allow":["GET"]}}],"collection":[{"href":"https:\/\/onlinehardwareshop.de\/index.php\/wp-json\/wp\/v2\/product"}],"about":[{"href":"https:\/\/onlinehardwareshop.de\/index.php\/wp-json\/wp\/v2\/types\/product"}],"replies":[{"embeddable":true,"href":"https:\/\/onlinehardwareshop.de\/index.php\/wp-json\/wp\/v2\/comments?post=76727"}],"wp:attachment":[{"href":"https:\/\/onlinehardwareshop.de\/index.php\/wp-json\/wp\/v2\/media?parent=76727"}],"wp:term":[{"taxonomy":"brand","embeddable":true,"href":"https:\/\/onlinehardwareshop.de\/index.php\/wp-json\/wp\/v2\/brand?post=76727"},{"taxonomy":"product_brand","embeddable":true,"href":"https:\/\/onlinehardwareshop.de\/index.php\/wp-json\/wp\/v2\/product_brand?post=76727"},{"taxonomy":"product_cat","embeddable":true,"href":"https:\/\/onlinehardwareshop.de\/index.php\/wp-json\/wp\/v2\/product_cat?post=76727"},{"taxonomy":"product_tag","embeddable":true,"href":"https:\/\/onlinehardwareshop.de\/index.php\/wp-json\/wp\/v2\/product_tag?post=76727"}],"curies":[{"name":"wp","href":"https:\/\/api.w.org\/{rel}","templated":true}]}}