{"id":76721,"date":"2024-08-29T03:38:32","date_gmt":"2024-08-29T03:38:32","guid":{"rendered":"https:\/\/onlinehardwareshop.de\/index.php\/produkt\/bk-brilliant-bratpfanne-24cm-2\/"},"modified":"2025-05-14T07:56:55","modified_gmt":"2025-05-14T07:56:55","slug":"bk-brilliant-bratpfanne-24cm","status":"publish","type":"product","link":"https:\/\/onlinehardwareshop.de\/index.php\/produkt\/bk-brilliant-bratpfanne-24cm\/","title":{"rendered":"BK Brilliant Bratpfanne 24&#xA0;cm"},"content":{"rendered":"<p>Mit der BK Brilliant Bratpfanne 24\u00a0cm br\u00e4tst du dank ihrer Keramikbratschicht umweltbewusst Kartoffeln f\u00fcr 2 Personen. Diese Beschichtung ist n\u00e4mlich PFAS-frei, was bedeutet, dass sie keine sch\u00e4dlichen Chemikalien enth\u00e4lt. Au\u00dferdem br\u00e4tst du Kartoffeln oder Fleisch dank der Keramikbeschichtung schneller und knuspriger. Das ist praktisch, denn so bist du mit der Zubereitung schneller fertig. Die Pfanne kann auf allen W\u00e4rmequellen verwendet werden, auch im Backofen bei bis zu 160 \u00b0C. So kannst du deine Speisen l\u00e4nger warm halten. Die Pfanne l\u00e4sst sich sicher auf den Esstisch stellen, da der Griff w\u00e4hrend der Zubereitung k\u00fchl bleibt. Bist du fertig mit dem Kochen? Dann reinige die Pfanne in der Sp\u00fclmaschine.<\/p>\n","protected":false},"excerpt":{"rendered":"<p>Mit der BK Brilliant Bratpfanne 24\u00a0cm br\u00e4tst du dank ihrer Keramikbratschicht umweltbewusst Kartoffeln f\u00fcr 2 Personen. Diese Beschichtung ist n\u00e4mlich PFAS-frei, was bedeutet, dass sie keine sch\u00e4dlichen Chemikalien enth\u00e4lt. Au\u00dferdem br\u00e4tst du Kartoffeln oder Fleisch dank der Keramikbeschichtung schneller und knuspriger. Das ist praktisch, denn so bist du mit der Zubereitung schneller fertig. Die Pfanne kann auf allen W\u00e4rmequellen verwendet werden, auch im Backofen bei bis zu 160 \u00b0C. So kannst du deine Speisen l\u00e4nger warm halten. Die Pfanne l\u00e4sst sich sicher auf den Esstisch stellen, da der Griff w\u00e4hrend der Zubereitung k\u00fchl bleibt. Bist du fertig mit dem Kochen? Dann reinige die Pfanne in der Sp\u00fclmaschine.<\/p>\n","protected":false},"featured_media":0,"comment_status":"closed","ping_status":"open","template":"","meta":{"_acf_changed":false},"brand":[397],"product_brand":[],"product_cat":[372],"product_tag":[384],"class_list":{"0":"post-76721","1":"product","2":"type-product","3":"status-publish","5":"brand-bk","6":"product_cat-tpfe-und-pfannen","7":"product_tag-koekenpannen","8":"pa_condition-new","9":"pa_coolblue-de-verzending-morgen-gratis-geliefert","10":"pa_ean-13949","11":"pa_mpn-cc006268-001","13":"first","14":"instock","15":"product-type-external"},"acf":[],"_links":{"self":[{"href":"https:\/\/onlinehardwareshop.de\/index.php\/wp-json\/wp\/v2\/product\/76721","targetHints":{"allow":["GET"]}}],"collection":[{"href":"https:\/\/onlinehardwareshop.de\/index.php\/wp-json\/wp\/v2\/product"}],"about":[{"href":"https:\/\/onlinehardwareshop.de\/index.php\/wp-json\/wp\/v2\/types\/product"}],"replies":[{"embeddable":true,"href":"https:\/\/onlinehardwareshop.de\/index.php\/wp-json\/wp\/v2\/comments?post=76721"}],"wp:attachment":[{"href":"https:\/\/onlinehardwareshop.de\/index.php\/wp-json\/wp\/v2\/media?parent=76721"}],"wp:term":[{"taxonomy":"brand","embeddable":true,"href":"https:\/\/onlinehardwareshop.de\/index.php\/wp-json\/wp\/v2\/brand?post=76721"},{"taxonomy":"product_brand","embeddable":true,"href":"https:\/\/onlinehardwareshop.de\/index.php\/wp-json\/wp\/v2\/product_brand?post=76721"},{"taxonomy":"product_cat","embeddable":true,"href":"https:\/\/onlinehardwareshop.de\/index.php\/wp-json\/wp\/v2\/product_cat?post=76721"},{"taxonomy":"product_tag","embeddable":true,"href":"https:\/\/onlinehardwareshop.de\/index.php\/wp-json\/wp\/v2\/product_tag?post=76721"}],"curies":[{"name":"wp","href":"https:\/\/api.w.org\/{rel}","templated":true}]}}