{"id":76720,"date":"2024-10-14T16:28:31","date_gmt":"2024-10-14T16:28:31","guid":{"rendered":"https:\/\/onlinehardwareshop.de\/index.php\/produkt\/greenlife-artisan-topf-pfannenset-12-teilig-gelb-2\/"},"modified":"2025-05-14T07:56:50","modified_gmt":"2025-05-14T07:56:50","slug":"greenlife-artisan-topf-pfannenset-12-teilig-gelb","status":"publish","type":"product","link":"https:\/\/onlinehardwareshop.de\/index.php\/produkt\/greenlife-artisan-topf-pfannenset-12-teilig-gelb\/","title":{"rendered":"GreenLife Artisan Topf-\/Pfannenset 12-teilig Gelb"},"content":{"rendered":"<p>Mit dem GreenLife Artisan Topf- und Pfannenset 12-teilig Gelb erh\u00e4ltst du ein komplettes Topf- und Pfannenset inklusive K\u00fcchenutensilien. Das Set besteht aus 2 Bratpfannen, einem Kochtopf, einer Schmorpfanne, einer Kasserolle und 4 Pfannenwendern. Praktisch, denn so kannst du sofort mit dem Kochen beginnen. Du kochst PFAS-frei dank der starken Thermolon-Keramikbeschichtung. Auf diese Weise sind die T\u00f6pfe und Pfannen frei von sch\u00e4dlichen Chemikalien und du brauchst nur wenig \u00d6l oder Butter f\u00fcr die Zubereitung. Mit den Glasdeckeln beh\u00e4ltst du dein Gericht genau im Auge, ohne dass die Hitze verloren geht. Dank der Edelstahl-Handgriffe kannst du die T\u00f6pfe und Pfannen auch in den Backofen stellen. Bist du fertig mit dem Kochen? Dann reinige die Pfannen in der Sp\u00fclmaschine.<\/p>\n","protected":false},"excerpt":{"rendered":"<p>Mit dem GreenLife Artisan Topf- und Pfannenset 12-teilig Gelb erh\u00e4ltst du ein komplettes Topf- und Pfannenset inklusive K\u00fcchenutensilien. Das Set besteht aus 2 Bratpfannen, einem Kochtopf, einer Schmorpfanne, einer Kasserolle und 4 Pfannenwendern. Praktisch, denn so kannst du sofort mit dem Kochen beginnen. Du kochst PFAS-frei dank der starken Thermolon-Keramikbeschichtung. Auf diese Weise sind die T\u00f6pfe und Pfannen frei von sch\u00e4dlichen Chemikalien und du brauchst nur wenig \u00d6l oder Butter f\u00fcr die Zubereitung. Mit den Glasdeckeln beh\u00e4ltst du dein Gericht genau im Auge, ohne dass die Hitze verloren geht. Dank der Edelstahl-Handgriffe kannst du die T\u00f6pfe und Pfannen auch in den Backofen stellen. Bist du fertig mit dem Kochen? Dann reinige die Pfannen in der Sp\u00fclmaschine.<\/p>\n","protected":false},"featured_media":0,"comment_status":"closed","ping_status":"open","template":"","meta":{"_acf_changed":false},"brand":[3971],"product_brand":[],"product_cat":[372],"product_tag":[1788],"class_list":{"0":"post-76720","1":"product","2":"type-product","3":"status-publish","5":"brand-greenpan","6":"product_cat-tpfe-und-pfannen","7":"product_tag-bakpannensets","8":"pa_condition-new","9":"pa_coolblue-de-verzending-morgen-gratis-geliefert","10":"pa_ean-13947","11":"pa_mpn-cc005651-001","13":"first","14":"instock","15":"product-type-external"},"acf":[],"_links":{"self":[{"href":"https:\/\/onlinehardwareshop.de\/index.php\/wp-json\/wp\/v2\/product\/76720","targetHints":{"allow":["GET"]}}],"collection":[{"href":"https:\/\/onlinehardwareshop.de\/index.php\/wp-json\/wp\/v2\/product"}],"about":[{"href":"https:\/\/onlinehardwareshop.de\/index.php\/wp-json\/wp\/v2\/types\/product"}],"replies":[{"embeddable":true,"href":"https:\/\/onlinehardwareshop.de\/index.php\/wp-json\/wp\/v2\/comments?post=76720"}],"wp:attachment":[{"href":"https:\/\/onlinehardwareshop.de\/index.php\/wp-json\/wp\/v2\/media?parent=76720"}],"wp:term":[{"taxonomy":"brand","embeddable":true,"href":"https:\/\/onlinehardwareshop.de\/index.php\/wp-json\/wp\/v2\/brand?post=76720"},{"taxonomy":"product_brand","embeddable":true,"href":"https:\/\/onlinehardwareshop.de\/index.php\/wp-json\/wp\/v2\/product_brand?post=76720"},{"taxonomy":"product_cat","embeddable":true,"href":"https:\/\/onlinehardwareshop.de\/index.php\/wp-json\/wp\/v2\/product_cat?post=76720"},{"taxonomy":"product_tag","embeddable":true,"href":"https:\/\/onlinehardwareshop.de\/index.php\/wp-json\/wp\/v2\/product_tag?post=76720"}],"curies":[{"name":"wp","href":"https:\/\/api.w.org\/{rel}","templated":true}]}}