{"id":76692,"date":"2024-04-28T19:50:20","date_gmt":"2024-04-28T19:50:20","guid":{"rendered":"https:\/\/onlinehardwareshop.de\/index.php\/produkt\/greenpan-elite-kontaktgrill-schwarz-2\/"},"modified":"2025-05-14T07:54:19","modified_gmt":"2025-05-14T07:54:19","slug":"greenpan-elite-kontaktgrill-schwarz","status":"publish","type":"product","link":"https:\/\/onlinehardwareshop.de\/index.php\/produkt\/greenpan-elite-kontaktgrill-schwarz\/","title":{"rendered":"GreenPan Elite Kontaktgrill Schwarz"},"content":{"rendered":"<p>Mit dem GreenPan Elite Kontaktgrill Schwarz kann man Panini, Fleisch und Gem\u00fcse umweltbewusst zubereiten, denn er hat PFAS-freie Keramikplatten. Die Kontaktfl\u00e4chen sind somit frei von sch\u00e4dlichen Chemikalien und halten l\u00e4nger als Standardplatten. Die Einstellungen werden mit Hilfe der Drehw\u00e4hler vorne am Ger\u00e4t ausgew\u00e4hlt. Der Kontaktgrill hat eine maximale Temperatur von 260\u00a0\u00b0C, was praktisch ist, denn so wird Fleisch sch\u00f6n saftig. Auf dem Display kannst du die Garzeit gut im Auge behalten. Kommen Freunde zu Besuch? Klappe den Grill auf und schon hast du einen Tischgrill. Es wird eine glatte Teppanyaki-Platte mitgeliefert, auf der Fleisch oder Fisch gegrillt werden kann. Du kannst die Grillplatten auch in einen Teppanyaki-Grill verwandeln. Nach der Verwendung stellst du die Platten einfach in die Sp\u00fclmaschine.<\/p>\n","protected":false},"excerpt":{"rendered":"<p>Mit dem GreenPan Elite Kontaktgrill Schwarz kann man Panini, Fleisch und Gem\u00fcse umweltbewusst zubereiten, denn er hat PFAS-freie Keramikplatten. Die Kontaktfl\u00e4chen sind somit frei von sch\u00e4dlichen Chemikalien und halten l\u00e4nger als Standardplatten. Die Einstellungen werden mit Hilfe der Drehw\u00e4hler vorne am Ger\u00e4t ausgew\u00e4hlt. Der Kontaktgrill hat eine maximale Temperatur von 260\u00a0\u00b0C, was praktisch ist, denn so wird Fleisch sch\u00f6n saftig. Auf dem Display kannst du die Garzeit gut im Auge behalten. Kommen Freunde zu Besuch? Klappe den Grill auf und schon hast du einen Tischgrill. Es wird eine glatte Teppanyaki-Platte mitgeliefert, auf der Fleisch oder Fisch gegrillt werden kann. Du kannst die Grillplatten auch in einen Teppanyaki-Grill verwandeln. Nach der Verwendung stellst du die Platten einfach in die Sp\u00fclmaschine.<\/p>\n","protected":false},"featured_media":0,"comment_status":"closed","ping_status":"open","template":"","meta":{"_acf_changed":false},"brand":[3971],"product_brand":[],"product_cat":[300],"product_tag":[301],"class_list":{"0":"post-76692","1":"product","2":"type-product","3":"status-publish","5":"brand-greenpan","6":"product_cat-kontaktgrills","7":"product_tag-contactgrills","8":"pa_condition-new","9":"pa_coolblue-de-verzending-morgen-gratis-geliefert","10":"pa_ean-13875","11":"pa_mpn-cc006810-001","13":"first","14":"instock","15":"product-type-external"},"acf":[],"_links":{"self":[{"href":"https:\/\/onlinehardwareshop.de\/index.php\/wp-json\/wp\/v2\/product\/76692","targetHints":{"allow":["GET"]}}],"collection":[{"href":"https:\/\/onlinehardwareshop.de\/index.php\/wp-json\/wp\/v2\/product"}],"about":[{"href":"https:\/\/onlinehardwareshop.de\/index.php\/wp-json\/wp\/v2\/types\/product"}],"replies":[{"embeddable":true,"href":"https:\/\/onlinehardwareshop.de\/index.php\/wp-json\/wp\/v2\/comments?post=76692"}],"wp:attachment":[{"href":"https:\/\/onlinehardwareshop.de\/index.php\/wp-json\/wp\/v2\/media?parent=76692"}],"wp:term":[{"taxonomy":"brand","embeddable":true,"href":"https:\/\/onlinehardwareshop.de\/index.php\/wp-json\/wp\/v2\/brand?post=76692"},{"taxonomy":"product_brand","embeddable":true,"href":"https:\/\/onlinehardwareshop.de\/index.php\/wp-json\/wp\/v2\/product_brand?post=76692"},{"taxonomy":"product_cat","embeddable":true,"href":"https:\/\/onlinehardwareshop.de\/index.php\/wp-json\/wp\/v2\/product_cat?post=76692"},{"taxonomy":"product_tag","embeddable":true,"href":"https:\/\/onlinehardwareshop.de\/index.php\/wp-json\/wp\/v2\/product_tag?post=76692"}],"curies":[{"name":"wp","href":"https:\/\/api.w.org\/{rel}","templated":true}]}}