{"id":76676,"date":"2024-04-06T03:05:07","date_gmt":"2024-04-06T03:05:07","guid":{"rendered":"https:\/\/onlinehardwareshop.de\/index.php\/produkt\/tp-link-tapo-t110-smart-kontaktsensor-2\/"},"modified":"2025-05-14T07:53:00","modified_gmt":"2025-05-14T07:53:00","slug":"tp-link-tapo-t110-smart-kontaktsensor","status":"publish","type":"product","link":"https:\/\/onlinehardwareshop.de\/index.php\/produkt\/tp-link-tapo-t110-smart-kontaktsensor\/","title":{"rendered":"TP-Link Tapo T110 Smart-Kontaktsensor"},"content":{"rendered":"<p>Mit dem TP-Link Tapo T110 Smart-Kontaktsensor wei\u00df man immer, ob ein Fenster oder eine T\u00fcr offen steht. Auch wenn man nicht zu Hause ist. Die TP-Link Tapo-App zeigt dann sofort eine Meldung an. Dieser Sensor l\u00e4sst sich auch mit anderen TP-Link Tapo Ger\u00e4ten verkn\u00fcpfen. Dies erm\u00f6glicht zum Beispiel das Einschalten der Lampen im Abstellraum, wenn sich die T\u00fcr dorthin \u00f6ffnet. Der Sensor l\u00e4sst sich auf dem K\u00fchlschrank oder der Kommode platzieren, um kontrollieren zu k\u00f6nnen, ob diese geschlossen bleiben.<\/p>\n","protected":false},"excerpt":{"rendered":"<p>Mit dem TP-Link Tapo T110 Smart-Kontaktsensor wei\u00df man immer, ob ein Fenster oder eine T\u00fcr offen steht. Auch wenn man nicht zu Hause ist. Die TP-Link Tapo-App zeigt dann sofort eine Meldung an. Dieser Sensor l\u00e4sst sich auch mit anderen TP-Link Tapo Ger\u00e4ten verkn\u00fcpfen. Dies erm\u00f6glicht zum Beispiel das Einschalten der Lampen im Abstellraum, wenn sich die T\u00fcr dorthin \u00f6ffnet. Der Sensor l\u00e4sst sich auf dem K\u00fchlschrank oder der Kommode platzieren, um kontrollieren zu k\u00f6nnen, ob diese geschlossen bleiben.<\/p>\n","protected":false},"featured_media":0,"comment_status":"closed","ping_status":"open","template":"","meta":{"_acf_changed":false},"brand":[724],"product_brand":[],"product_cat":[5658],"product_tag":[5659],"class_list":{"0":"post-76676","1":"product","2":"type-product","3":"status-publish","5":"brand-tp-link","6":"product_cat-magnetkontakte","7":"product_tag-magneetcontacten","8":"pa_condition-new","9":"pa_coolblue-de-verzending-morgen-gratis-geliefert","10":"pa_ean-13825","11":"pa_mpn-tapo-t110","13":"first","14":"instock","15":"product-type-external"},"acf":[],"_links":{"self":[{"href":"https:\/\/onlinehardwareshop.de\/index.php\/wp-json\/wp\/v2\/product\/76676","targetHints":{"allow":["GET"]}}],"collection":[{"href":"https:\/\/onlinehardwareshop.de\/index.php\/wp-json\/wp\/v2\/product"}],"about":[{"href":"https:\/\/onlinehardwareshop.de\/index.php\/wp-json\/wp\/v2\/types\/product"}],"replies":[{"embeddable":true,"href":"https:\/\/onlinehardwareshop.de\/index.php\/wp-json\/wp\/v2\/comments?post=76676"}],"wp:attachment":[{"href":"https:\/\/onlinehardwareshop.de\/index.php\/wp-json\/wp\/v2\/media?parent=76676"}],"wp:term":[{"taxonomy":"brand","embeddable":true,"href":"https:\/\/onlinehardwareshop.de\/index.php\/wp-json\/wp\/v2\/brand?post=76676"},{"taxonomy":"product_brand","embeddable":true,"href":"https:\/\/onlinehardwareshop.de\/index.php\/wp-json\/wp\/v2\/product_brand?post=76676"},{"taxonomy":"product_cat","embeddable":true,"href":"https:\/\/onlinehardwareshop.de\/index.php\/wp-json\/wp\/v2\/product_cat?post=76676"},{"taxonomy":"product_tag","embeddable":true,"href":"https:\/\/onlinehardwareshop.de\/index.php\/wp-json\/wp\/v2\/product_tag?post=76676"}],"curies":[{"name":"wp","href":"https:\/\/api.w.org\/{rel}","templated":true}]}}