{"id":76664,"date":"2024-10-13T20:20:28","date_gmt":"2024-10-13T20:20:28","guid":{"rendered":"https:\/\/onlinehardwareshop.de\/index.php\/produkt\/tefal-secure-5-trendy-schnellkochtopf-6-liter-dampfkorb-2\/"},"modified":"2025-05-14T07:51:49","modified_gmt":"2025-05-14T07:51:49","slug":"tefal-secure-5-trendy-schnellkochtopf-6-liter-dampfkorb","status":"publish","type":"product","link":"https:\/\/onlinehardwareshop.de\/index.php\/produkt\/tefal-secure-5-trendy-schnellkochtopf-6-liter-dampfkorb\/","title":{"rendered":"Tefal Secure 5 Trendy Schnellkochtopf 6 Liter + Dampfkorb"},"content":{"rendered":"<p>Mit dem Tefal Secure\u00a05 Trendy Schnellkochtopf 6 Liter + Dampfkorb damparst du dank des mitgelieferten D\u00fcnsteinsatzes auch Gem\u00fcse oder Kn\u00f6del. In diesem Schnellkochtopf kochst du bis zu 50\u00a0% schneller als in anderen Tefal Kocht\u00f6pfen. Der Deckel schlie\u00dft n\u00e4mlich luftdicht, sodass die Zutaten in kurzer Zeit unter Hochdruck garen. Das ist praktisch, denn so bereitest du nach einem langen Arbeitstag schnell eine Mahlzeit zu. Du bedienst den Topf \u00fcber zwei verschiedene Garprogramme. Das Gem\u00fcseprogramm sorgt daf\u00fcr, dass 80\u00a0% der Vitamine des Gem\u00fcses erhalten bleiben. Beim Fleischprogramm wird das Fleisch unter h\u00f6herem Druck sch\u00f6n zart gegart. Das 5-Stufen-Sicherheitssystem sorgt dabei daf\u00fcr, dass sicher gekocht wird. Das Betriebsventil bestimmt n\u00e4mlich die Druckmenge, sodass der Dampfaustritt nicht verstopft. Nach dem Kochen reinigst du den Topf einfach in der Sp\u00fclmaschine.<\/p>\n","protected":false},"excerpt":{"rendered":"<p>Mit dem Tefal Secure\u00a05 Trendy Schnellkochtopf 6 Liter + Dampfkorb damparst du dank des mitgelieferten D\u00fcnsteinsatzes auch Gem\u00fcse oder Kn\u00f6del. In diesem Schnellkochtopf kochst du bis zu 50\u00a0% schneller als in anderen Tefal Kocht\u00f6pfen. Der Deckel schlie\u00dft n\u00e4mlich luftdicht, sodass die Zutaten in kurzer Zeit unter Hochdruck garen. Das ist praktisch, denn so bereitest du nach einem langen Arbeitstag schnell eine Mahlzeit zu. Du bedienst den Topf \u00fcber zwei verschiedene Garprogramme. Das Gem\u00fcseprogramm sorgt daf\u00fcr, dass 80\u00a0% der Vitamine des Gem\u00fcses erhalten bleiben. Beim Fleischprogramm wird das Fleisch unter h\u00f6herem Druck sch\u00f6n zart gegart. Das 5-Stufen-Sicherheitssystem sorgt dabei daf\u00fcr, dass sicher gekocht wird. Das Betriebsventil bestimmt n\u00e4mlich die Druckmenge, sodass der Dampfaustritt nicht verstopft. Nach dem Kochen reinigst du den Topf einfach in der Sp\u00fclmaschine.<\/p>\n","protected":false},"featured_media":0,"comment_status":"closed","ping_status":"open","template":"","meta":{"_acf_changed":false},"brand":[506],"product_brand":[],"product_cat":[372],"product_tag":[1619],"class_list":{"0":"post-76664","1":"product","2":"type-product","3":"status-publish","5":"brand-tefal","6":"product_cat-tpfe-und-pfannen","7":"product_tag-snelkookpannen","8":"pa_condition-new","9":"pa_coolblue-de-verzending-morgen-gratis-geliefert","10":"pa_ean-28058","11":"pa_mpn-p2580702","13":"first","14":"instock","15":"product-type-external"},"acf":[],"_links":{"self":[{"href":"https:\/\/onlinehardwareshop.de\/index.php\/wp-json\/wp\/v2\/product\/76664","targetHints":{"allow":["GET"]}}],"collection":[{"href":"https:\/\/onlinehardwareshop.de\/index.php\/wp-json\/wp\/v2\/product"}],"about":[{"href":"https:\/\/onlinehardwareshop.de\/index.php\/wp-json\/wp\/v2\/types\/product"}],"replies":[{"embeddable":true,"href":"https:\/\/onlinehardwareshop.de\/index.php\/wp-json\/wp\/v2\/comments?post=76664"}],"wp:attachment":[{"href":"https:\/\/onlinehardwareshop.de\/index.php\/wp-json\/wp\/v2\/media?parent=76664"}],"wp:term":[{"taxonomy":"brand","embeddable":true,"href":"https:\/\/onlinehardwareshop.de\/index.php\/wp-json\/wp\/v2\/brand?post=76664"},{"taxonomy":"product_brand","embeddable":true,"href":"https:\/\/onlinehardwareshop.de\/index.php\/wp-json\/wp\/v2\/product_brand?post=76664"},{"taxonomy":"product_cat","embeddable":true,"href":"https:\/\/onlinehardwareshop.de\/index.php\/wp-json\/wp\/v2\/product_cat?post=76664"},{"taxonomy":"product_tag","embeddable":true,"href":"https:\/\/onlinehardwareshop.de\/index.php\/wp-json\/wp\/v2\/product_tag?post=76664"}],"curies":[{"name":"wp","href":"https:\/\/api.w.org\/{rel}","templated":true}]}}