{"id":76663,"date":"2024-03-26T13:23:55","date_gmt":"2024-03-26T13:23:55","guid":{"rendered":"https:\/\/onlinehardwareshop.de\/index.php\/produkt\/tefal-secure-5-trendy-schnellkochtopf-4-liter-2\/"},"modified":"2025-05-14T07:51:45","modified_gmt":"2025-05-14T07:51:45","slug":"tefal-secure-5-trendy-schnellkochtopf-4-liter","status":"publish","type":"product","link":"https:\/\/onlinehardwareshop.de\/index.php\/produkt\/tefal-secure-5-trendy-schnellkochtopf-4-liter\/","title":{"rendered":"Tefal Secure 5 Trendy Schnellkochtopf 4 Liter"},"content":{"rendered":"<p>Mit dem Tefal Secure\u00a05 Trendy Schnellkochtopf 4 Liter kochst du Gerichte bis zu 50\u00a0% schneller als mit anderen Tefal Kocht\u00f6pfen. Der Deckel schlie\u00dft n\u00e4mlich luftdicht, sodass die Zutaten in kurzer Zeit unter Hochdruck garen. Das ist praktisch, wenn du nach einem langen Arbeitstag schnell eine Mahlzeit zubereiten m\u00f6chtest. Der Topf l\u00e4sst sich \u00fcber zwei verschiedene Garprogramme bedienen. Das Gem\u00fcseprogramm erh\u00e4lt 80\u00a0% der Vitamine des Gem\u00fcses. Das Fleischprogramm w\u00e4hlst du aus, wenn du Fleisch unter h\u00f6herem Druck sch\u00f6n zart garen m\u00f6chtest. Das 5-Stufen-Sicherheitssystem sorgt daf\u00fcr, dass du unbesorgt kochst. Das Betriebsventil reguliert den Druck und verhindert, dass der Dampfaustritt verstopft. Nach der Nutzung reinigst du den Schnellkochopf einfach in der Sp\u00fclmaschine.<\/p>\n","protected":false},"excerpt":{"rendered":"<p>Mit dem Tefal Secure\u00a05 Trendy Schnellkochtopf 4 Liter kochst du Gerichte bis zu 50\u00a0% schneller als mit anderen Tefal Kocht\u00f6pfen. Der Deckel schlie\u00dft n\u00e4mlich luftdicht, sodass die Zutaten in kurzer Zeit unter Hochdruck garen. Das ist praktisch, wenn du nach einem langen Arbeitstag schnell eine Mahlzeit zubereiten m\u00f6chtest. Der Topf l\u00e4sst sich \u00fcber zwei verschiedene Garprogramme bedienen. Das Gem\u00fcseprogramm erh\u00e4lt 80\u00a0% der Vitamine des Gem\u00fcses. Das Fleischprogramm w\u00e4hlst du aus, wenn du Fleisch unter h\u00f6herem Druck sch\u00f6n zart garen m\u00f6chtest. Das 5-Stufen-Sicherheitssystem sorgt daf\u00fcr, dass du unbesorgt kochst. Das Betriebsventil reguliert den Druck und verhindert, dass der Dampfaustritt verstopft. Nach der Nutzung reinigst du den Schnellkochopf einfach in der Sp\u00fclmaschine.<\/p>\n","protected":false},"featured_media":0,"comment_status":"closed","ping_status":"open","template":"","meta":{"_acf_changed":false},"brand":[506],"product_brand":[],"product_cat":[372],"product_tag":[1619],"class_list":{"0":"post-76663","1":"product","2":"type-product","3":"status-publish","5":"brand-tefal","6":"product_cat-tpfe-und-pfannen","7":"product_tag-snelkookpannen","8":"pa_condition-new","9":"pa_coolblue-de-verzending-morgen-gratis-geliefert","10":"pa_ean-13782","11":"pa_mpn-p2580400","13":"first","14":"instock","15":"product-type-external"},"acf":[],"_links":{"self":[{"href":"https:\/\/onlinehardwareshop.de\/index.php\/wp-json\/wp\/v2\/product\/76663","targetHints":{"allow":["GET"]}}],"collection":[{"href":"https:\/\/onlinehardwareshop.de\/index.php\/wp-json\/wp\/v2\/product"}],"about":[{"href":"https:\/\/onlinehardwareshop.de\/index.php\/wp-json\/wp\/v2\/types\/product"}],"replies":[{"embeddable":true,"href":"https:\/\/onlinehardwareshop.de\/index.php\/wp-json\/wp\/v2\/comments?post=76663"}],"wp:attachment":[{"href":"https:\/\/onlinehardwareshop.de\/index.php\/wp-json\/wp\/v2\/media?parent=76663"}],"wp:term":[{"taxonomy":"brand","embeddable":true,"href":"https:\/\/onlinehardwareshop.de\/index.php\/wp-json\/wp\/v2\/brand?post=76663"},{"taxonomy":"product_brand","embeddable":true,"href":"https:\/\/onlinehardwareshop.de\/index.php\/wp-json\/wp\/v2\/product_brand?post=76663"},{"taxonomy":"product_cat","embeddable":true,"href":"https:\/\/onlinehardwareshop.de\/index.php\/wp-json\/wp\/v2\/product_cat?post=76663"},{"taxonomy":"product_tag","embeddable":true,"href":"https:\/\/onlinehardwareshop.de\/index.php\/wp-json\/wp\/v2\/product_tag?post=76663"}],"curies":[{"name":"wp","href":"https:\/\/api.w.org\/{rel}","templated":true}]}}