{"id":76640,"date":"2025-04-08T00:53:24","date_gmt":"2025-04-08T00:53:24","guid":{"rendered":"https:\/\/onlinehardwareshop.de\/index.php\/produkt\/pentax-ud-9x21-grey-orange-2\/"},"modified":"2025-05-14T07:49:38","modified_gmt":"2025-05-14T07:49:38","slug":"pentax-ud-9x21-grey-orange","status":"publish","type":"product","link":"https:\/\/onlinehardwareshop.de\/index.php\/produkt\/pentax-ud-9x21-grey-orange\/","title":{"rendered":"Pentax UD 9&#215;21 Grey Orange"},"content":{"rendered":"<p>Mit dem kompakten Pentax UD 9&#215;21 Grey Orange beobachtest du Objekte in der Ferne. Du kannst das Fernglas einfach in der Jackentasche mitnehmen. So hast du auf Reisen immer ein Fernglas zur Hand. Da das Fernglas nur 195\u00a0Gramm wiegt, kannst du es den ganzen Tag mitnehmen. Du siehst dir dank der 9-fachen Vergr\u00f6\u00dferung Objekte, wie V\u00f6gel, in der Ferne an. Die Objektive sind mehrfach beschichtet, was Blendungen und Lichtflecken verhindert. Darum ist das Bild immer deutlich. Mit dem Fokusring in der Mitte des Fernglases stellst du problemlos auf das Objekt scharf. Au\u00dferdem stimmst du das Fernglas auf deine Augen ab dank der Dioptrientaste. Dieses Fernglas eignet sich auch f\u00fcr Brillentr\u00e4ger.<\/p>\n","protected":false},"excerpt":{"rendered":"<p>Mit dem kompakten Pentax UD 9&#215;21 Grey Orange beobachtest du Objekte in der Ferne. Du kannst das Fernglas einfach in der Jackentasche mitnehmen. So hast du auf Reisen immer ein Fernglas zur Hand. Da das Fernglas nur 195\u00a0Gramm wiegt, kannst du es den ganzen Tag mitnehmen. Du siehst dir dank der 9-fachen Vergr\u00f6\u00dferung Objekte, wie V\u00f6gel, in der Ferne an. Die Objektive sind mehrfach beschichtet, was Blendungen und Lichtflecken verhindert. Darum ist das Bild immer deutlich. Mit dem Fokusring in der Mitte des Fernglases stellst du problemlos auf das Objekt scharf. Au\u00dferdem stimmst du das Fernglas auf deine Augen ab dank der Dioptrientaste. Dieses Fernglas eignet sich auch f\u00fcr Brillentr\u00e4ger.<\/p>\n","protected":false},"featured_media":0,"comment_status":"closed","ping_status":"open","template":"","meta":{"_acf_changed":false},"brand":[1736],"product_brand":[],"product_cat":[448],"product_tag":[1304],"class_list":{"0":"post-76640","1":"product","2":"type-product","3":"status-publish","5":"brand-pentax","6":"product_cat-fernglser","7":"product_tag-dakkant-verrekijkers","8":"pa_condition-new","9":"pa_coolblue-de-verzending-morgen-gratis-geliefert","10":"pa_ean-13744","11":"pa_mpn-13745","13":"first","14":"instock","15":"product-type-external"},"acf":[],"_links":{"self":[{"href":"https:\/\/onlinehardwareshop.de\/index.php\/wp-json\/wp\/v2\/product\/76640","targetHints":{"allow":["GET"]}}],"collection":[{"href":"https:\/\/onlinehardwareshop.de\/index.php\/wp-json\/wp\/v2\/product"}],"about":[{"href":"https:\/\/onlinehardwareshop.de\/index.php\/wp-json\/wp\/v2\/types\/product"}],"replies":[{"embeddable":true,"href":"https:\/\/onlinehardwareshop.de\/index.php\/wp-json\/wp\/v2\/comments?post=76640"}],"wp:attachment":[{"href":"https:\/\/onlinehardwareshop.de\/index.php\/wp-json\/wp\/v2\/media?parent=76640"}],"wp:term":[{"taxonomy":"brand","embeddable":true,"href":"https:\/\/onlinehardwareshop.de\/index.php\/wp-json\/wp\/v2\/brand?post=76640"},{"taxonomy":"product_brand","embeddable":true,"href":"https:\/\/onlinehardwareshop.de\/index.php\/wp-json\/wp\/v2\/product_brand?post=76640"},{"taxonomy":"product_cat","embeddable":true,"href":"https:\/\/onlinehardwareshop.de\/index.php\/wp-json\/wp\/v2\/product_cat?post=76640"},{"taxonomy":"product_tag","embeddable":true,"href":"https:\/\/onlinehardwareshop.de\/index.php\/wp-json\/wp\/v2\/product_tag?post=76640"}],"curies":[{"name":"wp","href":"https:\/\/api.w.org\/{rel}","templated":true}]}}