{"id":76581,"date":"2024-03-18T15:53:35","date_gmt":"2024-03-18T15:53:35","guid":{"rendered":"https:\/\/onlinehardwareshop.de\/index.php\/produkt\/pioneer-vsx-lx305-schwarz-2\/"},"modified":"2025-05-14T07:44:29","modified_gmt":"2025-05-14T07:44:29","slug":"pioneer-vsx-lx305-schwarz","status":"publish","type":"product","link":"https:\/\/onlinehardwareshop.de\/index.php\/produkt\/pioneer-vsx-lx305-schwarz\/","title":{"rendered":"Pioneer VSX-LX305 Schwarz"},"content":{"rendered":"<p>Mit dem Pioneer VSX-LX305 Schwarz holst du dir das Kinoerlebnis nach Hause. Der Klang passt sich dank der Dirac Live-Raumkorrektur an deinen Raum an. So wirst du nie vom Klang \u00fcberw\u00e4ltigt und kannst den Film bei jeder Lautst\u00e4rke gut h\u00f6ren. Dar\u00fcber hinaus h\u00f6rst du den Ton genau so, wie es die Macher des Films beabsichtigt haben. Das liegt daran, dass der Receiver IMAX Enhanced ist. Es ist nicht nur der Ton, der dich in den Film zieht, sondern auch das 4K-Bild, das dich ganz in den Film eintauchen l\u00e4sst.<\/p>\n","protected":false},"excerpt":{"rendered":"<p>Mit dem Pioneer VSX-LX305 Schwarz holst du dir das Kinoerlebnis nach Hause. Der Klang passt sich dank der Dirac Live-Raumkorrektur an deinen Raum an. So wirst du nie vom Klang \u00fcberw\u00e4ltigt und kannst den Film bei jeder Lautst\u00e4rke gut h\u00f6ren. Dar\u00fcber hinaus h\u00f6rst du den Ton genau so, wie es die Macher des Films beabsichtigt haben. Das liegt daran, dass der Receiver IMAX Enhanced ist. Es ist nicht nur der Ton, der dich in den Film zieht, sondern auch das 4K-Bild, das dich ganz in den Film eintauchen l\u00e4sst.<\/p>\n","protected":false},"featured_media":0,"comment_status":"closed","ping_status":"open","template":"","meta":{"_acf_changed":false},"brand":[1321],"product_brand":[],"product_cat":[2260],"product_tag":[2261],"class_list":{"0":"post-76581","1":"product","2":"type-product","3":"status-publish","5":"brand-pioneer","6":"product_cat-receiver","7":"product_tag-receivers-av","8":"pa_condition-new","9":"pa_coolblue-de-verzending-morgen-gratis-geliefert","10":"pa_ean-13608","11":"pa_mpn-pivsxlx305b","13":"first","14":"instock","15":"product-type-external"},"acf":[],"_links":{"self":[{"href":"https:\/\/onlinehardwareshop.de\/index.php\/wp-json\/wp\/v2\/product\/76581","targetHints":{"allow":["GET"]}}],"collection":[{"href":"https:\/\/onlinehardwareshop.de\/index.php\/wp-json\/wp\/v2\/product"}],"about":[{"href":"https:\/\/onlinehardwareshop.de\/index.php\/wp-json\/wp\/v2\/types\/product"}],"replies":[{"embeddable":true,"href":"https:\/\/onlinehardwareshop.de\/index.php\/wp-json\/wp\/v2\/comments?post=76581"}],"wp:attachment":[{"href":"https:\/\/onlinehardwareshop.de\/index.php\/wp-json\/wp\/v2\/media?parent=76581"}],"wp:term":[{"taxonomy":"brand","embeddable":true,"href":"https:\/\/onlinehardwareshop.de\/index.php\/wp-json\/wp\/v2\/brand?post=76581"},{"taxonomy":"product_brand","embeddable":true,"href":"https:\/\/onlinehardwareshop.de\/index.php\/wp-json\/wp\/v2\/product_brand?post=76581"},{"taxonomy":"product_cat","embeddable":true,"href":"https:\/\/onlinehardwareshop.de\/index.php\/wp-json\/wp\/v2\/product_cat?post=76581"},{"taxonomy":"product_tag","embeddable":true,"href":"https:\/\/onlinehardwareshop.de\/index.php\/wp-json\/wp\/v2\/product_tag?post=76581"}],"curies":[{"name":"wp","href":"https:\/\/api.w.org\/{rel}","templated":true}]}}