{"id":76580,"date":"2024-06-26T04:48:39","date_gmt":"2024-06-26T04:48:39","guid":{"rendered":"https:\/\/onlinehardwareshop.de\/index.php\/produkt\/pioneer-vsx-lx505-schwarz-2\/"},"modified":"2025-05-14T07:44:24","modified_gmt":"2025-05-14T07:44:24","slug":"pioneer-vsx-lx505-schwarz","status":"publish","type":"product","link":"https:\/\/onlinehardwareshop.de\/index.php\/produkt\/pioneer-vsx-lx505-schwarz\/","title":{"rendered":"Pioneer VSX-LX505 Schwarz"},"content":{"rendered":"<p>Organisiere unvergessliche Filmabende mit dem Pioneer VSX-LX505 Schwarz. Der Receiver ist IMAX Enhanced. Somit kannst du v\u00f6llig in den beeindruckenden Sound eintauchen. Mache dir keine Sorgen darum, dass es zu intensiv wird. Dank der Dirac Live-Raumkorrektur passt sich der Klang exakt an den Raum an. So genie\u00dft du den beeindruckenden Sound bei jeder Lautst\u00e4rke und in jedem Raum. Das 4K-Bild vervollst\u00e4ndigt das Kinoerlebnis. Du siehst viel mehr Details und hast somit ein superscharfes Bild. Es ist fast so, als bef\u00e4nden sich die Schauspieler direkt vor dir. Neben dem Anschauen von Filmen kannst du \u00fcber die Bluetooth-Verbindung auch deine Lieblings-Wiedergabelisten von deinem Handy anh\u00f6ren.<\/p>\n","protected":false},"excerpt":{"rendered":"<p>Organisiere unvergessliche Filmabende mit dem Pioneer VSX-LX505 Schwarz. Der Receiver ist IMAX Enhanced. Somit kannst du v\u00f6llig in den beeindruckenden Sound eintauchen. Mache dir keine Sorgen darum, dass es zu intensiv wird. Dank der Dirac Live-Raumkorrektur passt sich der Klang exakt an den Raum an. So genie\u00dft du den beeindruckenden Sound bei jeder Lautst\u00e4rke und in jedem Raum. Das 4K-Bild vervollst\u00e4ndigt das Kinoerlebnis. Du siehst viel mehr Details und hast somit ein superscharfes Bild. Es ist fast so, als bef\u00e4nden sich die Schauspieler direkt vor dir. Neben dem Anschauen von Filmen kannst du \u00fcber die Bluetooth-Verbindung auch deine Lieblings-Wiedergabelisten von deinem Handy anh\u00f6ren.<\/p>\n","protected":false},"featured_media":0,"comment_status":"closed","ping_status":"open","template":"","meta":{"_acf_changed":false},"brand":[1321],"product_brand":[],"product_cat":[2260],"product_tag":[2261],"class_list":{"0":"post-76580","1":"product","2":"type-product","3":"status-publish","5":"brand-pioneer","6":"product_cat-receiver","7":"product_tag-receivers-av","8":"pa_condition-new","9":"pa_coolblue-de-verzending-morgen-gratis-geliefert","10":"pa_ean-13606","11":"pa_mpn-pivsxlx505b","13":"first","14":"instock","15":"product-type-external"},"acf":[],"_links":{"self":[{"href":"https:\/\/onlinehardwareshop.de\/index.php\/wp-json\/wp\/v2\/product\/76580","targetHints":{"allow":["GET"]}}],"collection":[{"href":"https:\/\/onlinehardwareshop.de\/index.php\/wp-json\/wp\/v2\/product"}],"about":[{"href":"https:\/\/onlinehardwareshop.de\/index.php\/wp-json\/wp\/v2\/types\/product"}],"replies":[{"embeddable":true,"href":"https:\/\/onlinehardwareshop.de\/index.php\/wp-json\/wp\/v2\/comments?post=76580"}],"wp:attachment":[{"href":"https:\/\/onlinehardwareshop.de\/index.php\/wp-json\/wp\/v2\/media?parent=76580"}],"wp:term":[{"taxonomy":"brand","embeddable":true,"href":"https:\/\/onlinehardwareshop.de\/index.php\/wp-json\/wp\/v2\/brand?post=76580"},{"taxonomy":"product_brand","embeddable":true,"href":"https:\/\/onlinehardwareshop.de\/index.php\/wp-json\/wp\/v2\/product_brand?post=76580"},{"taxonomy":"product_cat","embeddable":true,"href":"https:\/\/onlinehardwareshop.de\/index.php\/wp-json\/wp\/v2\/product_cat?post=76580"},{"taxonomy":"product_tag","embeddable":true,"href":"https:\/\/onlinehardwareshop.de\/index.php\/wp-json\/wp\/v2\/product_tag?post=76580"}],"curies":[{"name":"wp","href":"https:\/\/api.w.org\/{rel}","templated":true}]}}