{"id":76579,"date":"2024-11-12T05:58:37","date_gmt":"2024-11-12T05:58:37","guid":{"rendered":"https:\/\/onlinehardwareshop.de\/index.php\/produkt\/onkyo-tx-rz50-schwarz-2\/"},"modified":"2025-05-14T07:44:19","modified_gmt":"2025-05-14T07:44:19","slug":"onkyo-tx-rz50-schwarz","status":"publish","type":"product","link":"https:\/\/onlinehardwareshop.de\/index.php\/produkt\/onkyo-tx-rz50-schwarz\/","title":{"rendered":"Onkyo TX-RZ50 Schwarz"},"content":{"rendered":"<p>Mit dem Onkyo TX-RZ50 brauchst du das Haus nicht mehr zu verlassen, um ein Kinoerlebnis zu genie\u00dfen. Der Receiver liefert 4K-Bilder, wodurch du jedes Detail haargenau erkennst und die Schauspieler dir noch realer vorkommen. Auch der Ton bietet dank Dolby Atmos ein Kinoerlebnis. Der Ton wird \u00fcber die Decke zu deinem Sitzplatz zur\u00fcckgeworfen. So h\u00f6rst du den Ton \u00fcberall um dich herum. Wenn du dich sattgesehen hast, kannst du deine Lieblingsspiele spielen. Der Receiver verf\u00fcgt \u00fcber die neuesten HDMI-Funktionen f\u00fcr Gamer. Somit erlebst du w\u00e4hrend eines spannenden Duells keine Verz\u00f6gerung. Neben dem Anschauen von Filmen und Spielen kannst du auch deine Lieblingsmusik von deinem Handy \u00fcber Bluetooth h\u00f6ren. Und dank der Unterst\u00fctzung des Sprachassistenten l\u00e4sst sich dies alles per Sprachsteuerung tun.<\/p>\n","protected":false},"excerpt":{"rendered":"<p>Mit dem Onkyo TX-RZ50 brauchst du das Haus nicht mehr zu verlassen, um ein Kinoerlebnis zu genie\u00dfen. Der Receiver liefert 4K-Bilder, wodurch du jedes Detail haargenau erkennst und die Schauspieler dir noch realer vorkommen. Auch der Ton bietet dank Dolby Atmos ein Kinoerlebnis. Der Ton wird \u00fcber die Decke zu deinem Sitzplatz zur\u00fcckgeworfen. So h\u00f6rst du den Ton \u00fcberall um dich herum. Wenn du dich sattgesehen hast, kannst du deine Lieblingsspiele spielen. Der Receiver verf\u00fcgt \u00fcber die neuesten HDMI-Funktionen f\u00fcr Gamer. Somit erlebst du w\u00e4hrend eines spannenden Duells keine Verz\u00f6gerung. Neben dem Anschauen von Filmen und Spielen kannst du auch deine Lieblingsmusik von deinem Handy \u00fcber Bluetooth h\u00f6ren. Und dank der Unterst\u00fctzung des Sprachassistenten l\u00e4sst sich dies alles per Sprachsteuerung tun.<\/p>\n","protected":false},"featured_media":0,"comment_status":"closed","ping_status":"open","template":"","meta":{"_acf_changed":false},"brand":[27712],"product_brand":[],"product_cat":[2260],"product_tag":[2261],"class_list":{"0":"post-76579","1":"product","2":"type-product","3":"status-publish","5":"brand-onkyo","6":"product_cat-receiver","7":"product_tag-receivers-av","8":"pa_condition-new","9":"pa_coolblue-de-verzending-morgen-gratis-geliefert","10":"pa_ean-32287","11":"pa_mpn-ontxrz50","13":"first","14":"instock","15":"product-type-external"},"acf":[],"_links":{"self":[{"href":"https:\/\/onlinehardwareshop.de\/index.php\/wp-json\/wp\/v2\/product\/76579","targetHints":{"allow":["GET"]}}],"collection":[{"href":"https:\/\/onlinehardwareshop.de\/index.php\/wp-json\/wp\/v2\/product"}],"about":[{"href":"https:\/\/onlinehardwareshop.de\/index.php\/wp-json\/wp\/v2\/types\/product"}],"replies":[{"embeddable":true,"href":"https:\/\/onlinehardwareshop.de\/index.php\/wp-json\/wp\/v2\/comments?post=76579"}],"wp:attachment":[{"href":"https:\/\/onlinehardwareshop.de\/index.php\/wp-json\/wp\/v2\/media?parent=76579"}],"wp:term":[{"taxonomy":"brand","embeddable":true,"href":"https:\/\/onlinehardwareshop.de\/index.php\/wp-json\/wp\/v2\/brand?post=76579"},{"taxonomy":"product_brand","embeddable":true,"href":"https:\/\/onlinehardwareshop.de\/index.php\/wp-json\/wp\/v2\/product_brand?post=76579"},{"taxonomy":"product_cat","embeddable":true,"href":"https:\/\/onlinehardwareshop.de\/index.php\/wp-json\/wp\/v2\/product_cat?post=76579"},{"taxonomy":"product_tag","embeddable":true,"href":"https:\/\/onlinehardwareshop.de\/index.php\/wp-json\/wp\/v2\/product_tag?post=76579"}],"curies":[{"name":"wp","href":"https:\/\/api.w.org\/{rel}","templated":true}]}}