{"id":76543,"date":"2024-01-29T01:48:16","date_gmt":"2024-01-29T01:48:16","guid":{"rendered":"https:\/\/onlinehardwareshop.de\/index.php\/produkt\/jvc-ha-s36w-schwarz-2\/"},"modified":"2025-05-14T07:41:38","modified_gmt":"2025-05-14T07:41:38","slug":"jvc-ha-s36w-schwarz","status":"publish","type":"product","link":"https:\/\/onlinehardwareshop.de\/index.php\/produkt\/jvc-ha-s36w-schwarz\/","title":{"rendered":"JVC HA-S36W Schwarz"},"content":{"rendered":"<p>Mit dem JVC HA-S36W Schwarz kannst du deine Lieblingsmusik lange genie\u00dfen. Der Akku des Kopfh\u00f6rers h\u00e4lt n\u00e4mlich bis zu 35 Stunden durch. Wenn der Akku leer ist und aufgeladen werden muss, ist er nach drei Stunden wieder voll geladen. Wirst du angerufen, m\u00f6chtest dein Handy aber nicht aus der Tasche holen? Das integrierte Mikrofon erm\u00f6glicht es dir, \u00fcber den Kopfh\u00f6rer zu telefonieren. Mit der Taste an der Ohrmuschel kannst du Anrufe einfach annehmen. Auch zum \u00dcberspringen von Songs oder zum \u00c4ndern der Lautst\u00e4rke kannst du die Tasten auf der Ohrmuschel benutzen. Da die Ohrmuschel auf dem Ohr aufliegt (on-Ear) h\u00f6rst du deine Umgebung besser. Das ist zum Beispiel beim Fahrrad Fahren angenehm, da du so den Verkehr besser wahrnimmst.<\/p>\n","protected":false},"excerpt":{"rendered":"<p>Mit dem JVC HA-S36W Schwarz kannst du deine Lieblingsmusik lange genie\u00dfen. Der Akku des Kopfh\u00f6rers h\u00e4lt n\u00e4mlich bis zu 35 Stunden durch. Wenn der Akku leer ist und aufgeladen werden muss, ist er nach drei Stunden wieder voll geladen. Wirst du angerufen, m\u00f6chtest dein Handy aber nicht aus der Tasche holen? Das integrierte Mikrofon erm\u00f6glicht es dir, \u00fcber den Kopfh\u00f6rer zu telefonieren. Mit der Taste an der Ohrmuschel kannst du Anrufe einfach annehmen. Auch zum \u00dcberspringen von Songs oder zum \u00c4ndern der Lautst\u00e4rke kannst du die Tasten auf der Ohrmuschel benutzen. Da die Ohrmuschel auf dem Ohr aufliegt (on-Ear) h\u00f6rst du deine Umgebung besser. Das ist zum Beispiel beim Fahrrad Fahren angenehm, da du so den Verkehr besser wahrnimmst.<\/p>\n","protected":false},"featured_media":0,"comment_status":"closed","ping_status":"open","template":"","meta":{"_acf_changed":false},"brand":[2268],"product_brand":[],"product_cat":[1182],"product_tag":[1183],"class_list":{"0":"post-76543","1":"product","2":"type-product","3":"status-publish","5":"brand-jvc","6":"product_cat-kopfhrer","7":"product_tag-hoofdtelefoons-zonder-noisecancelling","8":"pa_condition-new","9":"pa_coolblue-de-verzending-morgen-gratis-geliefert","10":"pa_ean-13534","11":"pa_mpn-has36wbu","13":"first","14":"instock","15":"product-type-external"},"acf":[],"_links":{"self":[{"href":"https:\/\/onlinehardwareshop.de\/index.php\/wp-json\/wp\/v2\/product\/76543","targetHints":{"allow":["GET"]}}],"collection":[{"href":"https:\/\/onlinehardwareshop.de\/index.php\/wp-json\/wp\/v2\/product"}],"about":[{"href":"https:\/\/onlinehardwareshop.de\/index.php\/wp-json\/wp\/v2\/types\/product"}],"replies":[{"embeddable":true,"href":"https:\/\/onlinehardwareshop.de\/index.php\/wp-json\/wp\/v2\/comments?post=76543"}],"wp:attachment":[{"href":"https:\/\/onlinehardwareshop.de\/index.php\/wp-json\/wp\/v2\/media?parent=76543"}],"wp:term":[{"taxonomy":"brand","embeddable":true,"href":"https:\/\/onlinehardwareshop.de\/index.php\/wp-json\/wp\/v2\/brand?post=76543"},{"taxonomy":"product_brand","embeddable":true,"href":"https:\/\/onlinehardwareshop.de\/index.php\/wp-json\/wp\/v2\/product_brand?post=76543"},{"taxonomy":"product_cat","embeddable":true,"href":"https:\/\/onlinehardwareshop.de\/index.php\/wp-json\/wp\/v2\/product_cat?post=76543"},{"taxonomy":"product_tag","embeddable":true,"href":"https:\/\/onlinehardwareshop.de\/index.php\/wp-json\/wp\/v2\/product_tag?post=76543"}],"curies":[{"name":"wp","href":"https:\/\/api.w.org\/{rel}","templated":true}]}}