{"id":76523,"date":"2025-01-09T11:27:26","date_gmt":"2025-01-09T11:27:26","guid":{"rendered":"https:\/\/onlinehardwareshop.de\/index.php\/produkt\/bluebuilt-heizkrperverstrker-mono-set-2\/"},"modified":"2025-05-14T07:40:03","modified_gmt":"2025-05-14T07:40:03","slug":"bluebuilt-heizkrperverstrker-mono-set","status":"publish","type":"product","link":"https:\/\/onlinehardwareshop.de\/index.php\/produkt\/bluebuilt-heizkrperverstrker-mono-set\/","title":{"rendered":"BlueBuilt Heizk&#xF6;rperverst&#xE4;rker Mono-Set"},"content":{"rendered":"<p>Mit dem BlueBuilt Heizk\u00f6rperverst\u00e4rker Mono-Set l\u00e4sst sich die Heizw\u00e4rme schneller im Raum verteilen. Dieser Heizk\u00f6rperverst\u00e4rker bl\u00e4st mittels drei integrierter Ventilatoren warme Luft gleichm\u00e4\u00dfig in den Raum. Zur Befestigung des Heizk\u00f6rperverst\u00e4rkers unter dem Radiator oder in der Bodenkanalheizung dienen Magneten. Mithilfe des mitgelieferten Temperatursensors und des Thermostatkabels schaltet sich das Mono-Set automatisch ein, wenn die Heizung warm ist. Das ist angenehm, denn so spart man beim Heizen des Zimmers Gas und Strom. Der Heizk\u00f6rperverst\u00e4rker hat einen Ger\u00e4uschpegel von bis zu 28\u00a0dB. Somit ist w\u00e4hrend des Betriebs keine Ger\u00e4uschbel\u00e4stigung zu erwarten, sodass man das Ger\u00e4t auch im Schlafzimmer verwenden kann. Hast du einen langen Heizk\u00f6rper im Zimmer? Dann erweitere dieses Set auf bis zu zehn Heizk\u00f6rperverst\u00e4rker.<\/p>\n","protected":false},"excerpt":{"rendered":"<p>Mit dem BlueBuilt Heizk\u00f6rperverst\u00e4rker Mono-Set l\u00e4sst sich die Heizw\u00e4rme schneller im Raum verteilen. Dieser Heizk\u00f6rperverst\u00e4rker bl\u00e4st mittels drei integrierter Ventilatoren warme Luft gleichm\u00e4\u00dfig in den Raum. Zur Befestigung des Heizk\u00f6rperverst\u00e4rkers unter dem Radiator oder in der Bodenkanalheizung dienen Magneten. Mithilfe des mitgelieferten Temperatursensors und des Thermostatkabels schaltet sich das Mono-Set automatisch ein, wenn die Heizung warm ist. Das ist angenehm, denn so spart man beim Heizen des Zimmers Gas und Strom. Der Heizk\u00f6rperverst\u00e4rker hat einen Ger\u00e4uschpegel von bis zu 28\u00a0dB. Somit ist w\u00e4hrend des Betriebs keine Ger\u00e4uschbel\u00e4stigung zu erwarten, sodass man das Ger\u00e4t auch im Schlafzimmer verwenden kann. Hast du einen langen Heizk\u00f6rper im Zimmer? Dann erweitere dieses Set auf bis zu zehn Heizk\u00f6rperverst\u00e4rker.<\/p>\n","protected":false},"featured_media":0,"comment_status":"closed","ping_status":"open","template":"","meta":{"_acf_changed":false},"brand":[5893],"product_brand":[],"product_cat":[8654],"product_tag":[8655],"class_list":{"0":"post-76523","1":"product","2":"type-product","3":"status-publish","5":"brand-bluebuilt","6":"product_cat-heizkrperverstrker","7":"product_tag-radiatorventilatoren","8":"pa_condition-new","9":"pa_coolblue-de-verzending-morgen-gratis-geliefert","10":"pa_ean-13500","11":"pa_mpn-bbrvmsw01","13":"first","14":"instock","15":"product-type-external"},"acf":[],"_links":{"self":[{"href":"https:\/\/onlinehardwareshop.de\/index.php\/wp-json\/wp\/v2\/product\/76523","targetHints":{"allow":["GET"]}}],"collection":[{"href":"https:\/\/onlinehardwareshop.de\/index.php\/wp-json\/wp\/v2\/product"}],"about":[{"href":"https:\/\/onlinehardwareshop.de\/index.php\/wp-json\/wp\/v2\/types\/product"}],"replies":[{"embeddable":true,"href":"https:\/\/onlinehardwareshop.de\/index.php\/wp-json\/wp\/v2\/comments?post=76523"}],"wp:attachment":[{"href":"https:\/\/onlinehardwareshop.de\/index.php\/wp-json\/wp\/v2\/media?parent=76523"}],"wp:term":[{"taxonomy":"brand","embeddable":true,"href":"https:\/\/onlinehardwareshop.de\/index.php\/wp-json\/wp\/v2\/brand?post=76523"},{"taxonomy":"product_brand","embeddable":true,"href":"https:\/\/onlinehardwareshop.de\/index.php\/wp-json\/wp\/v2\/product_brand?post=76523"},{"taxonomy":"product_cat","embeddable":true,"href":"https:\/\/onlinehardwareshop.de\/index.php\/wp-json\/wp\/v2\/product_cat?post=76523"},{"taxonomy":"product_tag","embeddable":true,"href":"https:\/\/onlinehardwareshop.de\/index.php\/wp-json\/wp\/v2\/product_tag?post=76523"}],"curies":[{"name":"wp","href":"https:\/\/api.w.org\/{rel}","templated":true}]}}