{"id":76519,"date":"2024-11-24T22:18:43","date_gmt":"2024-11-24T22:18:43","guid":{"rendered":"https:\/\/onlinehardwareshop.de\/index.php\/produkt\/boya-by-w4-fr-smartphone-2\/"},"modified":"2025-05-14T07:39:44","modified_gmt":"2025-05-14T07:39:44","slug":"boya-by-w4-fr-smartphone","status":"publish","type":"product","link":"https:\/\/onlinehardwareshop.de\/index.php\/produkt\/boya-by-w4-fr-smartphone\/","title":{"rendered":"Boya BY-W4 f&#xFC;r Smartphone"},"content":{"rendered":"<p>Das Boya BY-W4 f\u00fcr Smartphone ist ein Funkmikrofonset, mit dem man m\u00fchelos mehrere Leute interviewen kann. Zum Lieferumfang geh\u00f6ren vier Sender mit integriertem Mikrofon. So l\u00e4sst sich unter anderem ein Podcast mit mehreren G\u00e4sten aufnehmen. Die Tonaufnahme jedes Senders wird als separater Kanal abgespeichert. Dadurch f\u00e4llt die Bearbeitung der Aufnahme im Nachhinein leicht. Es ist so zum Beispiel m\u00f6glich, ungewollte Ger\u00e4usche von der Aufnahme zu l\u00f6schen. Dank des geringen Gewichts jedes Senders von 13\u00a0g kann man diese problemlos mitnehmen, wenn man vor Ort filmt. Mit der Schlipsklemme befestigt man den Sender an der Kleidung, vorzugsweise am Kragen oder Hemd. Dadurch nimmt man den Ton nahe an der Ger\u00e4uschquelle auf, wodurch Stimmen klar und deutlich klingen.<\/p>\n","protected":false},"excerpt":{"rendered":"<p>Das Boya BY-W4 f\u00fcr Smartphone ist ein Funkmikrofonset, mit dem man m\u00fchelos mehrere Leute interviewen kann. Zum Lieferumfang geh\u00f6ren vier Sender mit integriertem Mikrofon. So l\u00e4sst sich unter anderem ein Podcast mit mehreren G\u00e4sten aufnehmen. Die Tonaufnahme jedes Senders wird als separater Kanal abgespeichert. Dadurch f\u00e4llt die Bearbeitung der Aufnahme im Nachhinein leicht. Es ist so zum Beispiel m\u00f6glich, ungewollte Ger\u00e4usche von der Aufnahme zu l\u00f6schen. Dank des geringen Gewichts jedes Senders von 13\u00a0g kann man diese problemlos mitnehmen, wenn man vor Ort filmt. Mit der Schlipsklemme befestigt man den Sender an der Kleidung, vorzugsweise am Kragen oder Hemd. Dadurch nimmt man den Ton nahe an der Ger\u00e4uschquelle auf, wodurch Stimmen klar und deutlich klingen.<\/p>\n","protected":false},"featured_media":0,"comment_status":"closed","ping_status":"open","template":"","meta":{"_acf_changed":false},"brand":[3417],"product_brand":[],"product_cat":[1570],"product_tag":[1571],"class_list":{"0":"post-76519","1":"product","2":"type-product","3":"status-publish","5":"brand-boya","6":"product_cat-kameramikrofone","7":"product_tag-cameramicrofoons","8":"pa_condition-new","9":"pa_coolblue-de-verzending-morgen-gratis-geliefert","10":"pa_ean-13492","11":"pa_mpn-13493","13":"first","14":"instock","15":"product-type-external"},"acf":[],"_links":{"self":[{"href":"https:\/\/onlinehardwareshop.de\/index.php\/wp-json\/wp\/v2\/product\/76519","targetHints":{"allow":["GET"]}}],"collection":[{"href":"https:\/\/onlinehardwareshop.de\/index.php\/wp-json\/wp\/v2\/product"}],"about":[{"href":"https:\/\/onlinehardwareshop.de\/index.php\/wp-json\/wp\/v2\/types\/product"}],"replies":[{"embeddable":true,"href":"https:\/\/onlinehardwareshop.de\/index.php\/wp-json\/wp\/v2\/comments?post=76519"}],"wp:attachment":[{"href":"https:\/\/onlinehardwareshop.de\/index.php\/wp-json\/wp\/v2\/media?parent=76519"}],"wp:term":[{"taxonomy":"brand","embeddable":true,"href":"https:\/\/onlinehardwareshop.de\/index.php\/wp-json\/wp\/v2\/brand?post=76519"},{"taxonomy":"product_brand","embeddable":true,"href":"https:\/\/onlinehardwareshop.de\/index.php\/wp-json\/wp\/v2\/product_brand?post=76519"},{"taxonomy":"product_cat","embeddable":true,"href":"https:\/\/onlinehardwareshop.de\/index.php\/wp-json\/wp\/v2\/product_cat?post=76519"},{"taxonomy":"product_tag","embeddable":true,"href":"https:\/\/onlinehardwareshop.de\/index.php\/wp-json\/wp\/v2\/product_tag?post=76519"}],"curies":[{"name":"wp","href":"https:\/\/api.w.org\/{rel}","templated":true}]}}