{"id":76504,"date":"2024-04-12T01:11:10","date_gmt":"2024-04-12T01:11:10","guid":{"rendered":"https:\/\/onlinehardwareshop.de\/index.php\/produkt\/krcher-k2-power-control-home-bike-2\/"},"modified":"2025-05-14T07:38:24","modified_gmt":"2025-05-14T07:38:24","slug":"krcher-k2-power-control-home-bike","status":"publish","type":"product","link":"https:\/\/onlinehardwareshop.de\/index.php\/produkt\/krcher-k2-power-control-home-bike\/","title":{"rendered":"K&#xE4;rcher K2 Power Control Home &#038; Bike"},"content":{"rendered":"<p>Mit dem K\u00e4rcher K2 Power Control Home &#038; Bike ist abgesehen vom K2-Hochdruckreiniger auch eine Dreckfr\u00e4se, ein Wasserfilter, eine Spr\u00fchlanze, ein Fl\u00e4chenreiniger, eine Felgenwaschb\u00fcrste und Waschmittel im Lieferumfang enthalten. Damit kannst du verschiedene Reinigungsarbeiten ausf\u00fchren, wie beispielsweise die Reinigung deines Fahrrads, deines Motorrads oder deiner Terrasse. Dank des regulierbaren Wasserdrucks von bis zu 110 bar und einer Wasserleistung von 360 Litern pro Stunde hast du jede Aufgabe unter Kontrolle. Dank des Teleskopstiels arbeitest du komfortabel und in der korrekten Arbeitshaltung. F\u00fcr hartn\u00e4ckigen Schmutz ist die Dreckfr\u00e4se ideal. Du m\u00f6chtest gro\u00dfe Fl\u00e4chen reinigen? Dann verwende den mitgelieferten Fl\u00e4chenreiniger. Mithilfe des langen Griffs und der R\u00e4der l\u00e4sst sich der K2 Power Control Home &#038; Bike in deinem Garten problemlos umstellen.<\/p>\n","protected":false},"excerpt":{"rendered":"<p>Mit dem K\u00e4rcher K2 Power Control Home &#038; Bike ist abgesehen vom K2-Hochdruckreiniger auch eine Dreckfr\u00e4se, ein Wasserfilter, eine Spr\u00fchlanze, ein Fl\u00e4chenreiniger, eine Felgenwaschb\u00fcrste und Waschmittel im Lieferumfang enthalten. Damit kannst du verschiedene Reinigungsarbeiten ausf\u00fchren, wie beispielsweise die Reinigung deines Fahrrads, deines Motorrads oder deiner Terrasse. Dank des regulierbaren Wasserdrucks von bis zu 110 bar und einer Wasserleistung von 360 Litern pro Stunde hast du jede Aufgabe unter Kontrolle. Dank des Teleskopstiels arbeitest du komfortabel und in der korrekten Arbeitshaltung. F\u00fcr hartn\u00e4ckigen Schmutz ist die Dreckfr\u00e4se ideal. Du m\u00f6chtest gro\u00dfe Fl\u00e4chen reinigen? Dann verwende den mitgelieferten Fl\u00e4chenreiniger. Mithilfe des langen Griffs und der R\u00e4der l\u00e4sst sich der K2 Power Control Home &#038; Bike in deinem Garten problemlos umstellen.<\/p>\n","protected":false},"featured_media":0,"comment_status":"closed","ping_status":"open","template":"","meta":{"_acf_changed":false},"brand":[294],"product_brand":[],"product_cat":[2722],"product_tag":[2723],"class_list":{"0":"post-76504","1":"product","2":"type-product","3":"status-publish","5":"brand-karcher","6":"product_cat-hochdruckreiniger","7":"product_tag-hogedrukreinigers","8":"pa_condition-new","9":"pa_coolblue-de-verzending-morgen-gratis-geliefert","10":"pa_ean-13442","12":"first","13":"instock","14":"product-type-external"},"acf":[],"_links":{"self":[{"href":"https:\/\/onlinehardwareshop.de\/index.php\/wp-json\/wp\/v2\/product\/76504","targetHints":{"allow":["GET"]}}],"collection":[{"href":"https:\/\/onlinehardwareshop.de\/index.php\/wp-json\/wp\/v2\/product"}],"about":[{"href":"https:\/\/onlinehardwareshop.de\/index.php\/wp-json\/wp\/v2\/types\/product"}],"replies":[{"embeddable":true,"href":"https:\/\/onlinehardwareshop.de\/index.php\/wp-json\/wp\/v2\/comments?post=76504"}],"wp:attachment":[{"href":"https:\/\/onlinehardwareshop.de\/index.php\/wp-json\/wp\/v2\/media?parent=76504"}],"wp:term":[{"taxonomy":"brand","embeddable":true,"href":"https:\/\/onlinehardwareshop.de\/index.php\/wp-json\/wp\/v2\/brand?post=76504"},{"taxonomy":"product_brand","embeddable":true,"href":"https:\/\/onlinehardwareshop.de\/index.php\/wp-json\/wp\/v2\/product_brand?post=76504"},{"taxonomy":"product_cat","embeddable":true,"href":"https:\/\/onlinehardwareshop.de\/index.php\/wp-json\/wp\/v2\/product_cat?post=76504"},{"taxonomy":"product_tag","embeddable":true,"href":"https:\/\/onlinehardwareshop.de\/index.php\/wp-json\/wp\/v2\/product_tag?post=76504"}],"curies":[{"name":"wp","href":"https:\/\/api.w.org\/{rel}","templated":true}]}}