{"id":76499,"date":"2024-11-25T03:17:02","date_gmt":"2024-11-25T03:17:02","guid":{"rendered":"https:\/\/onlinehardwareshop.de\/index.php\/produkt\/bk-simply-ceramic-pfannen-und-topfset-11-teilig-2\/"},"modified":"2025-05-14T07:37:53","modified_gmt":"2025-05-14T07:37:53","slug":"bk-simply-ceramic-pfannen-und-topfset-11-teilig","status":"publish","type":"product","link":"https:\/\/onlinehardwareshop.de\/index.php\/produkt\/bk-simply-ceramic-pfannen-und-topfset-11-teilig\/","title":{"rendered":"BK Simply Ceramic Pfannen- und Topfset 11-teilig"},"content":{"rendered":"<p>Mit dem 11-teiligen BK Simply Ceramic Topf- und Pfannenset erh\u00e4ltst du mehrere T\u00f6pfe und Pfannen mit Zubeh\u00f6r f\u00fcr jede Art des Kochens. Zum Lieferumfang geh\u00f6ren 2 Bratpfannen, eine Schmorpfanne, eine Kasserolle, 4 Pfannenwender und 2 Pfannensch\u00fctzer. Praktisch, denn so kannst du sofort mit dem Kochen loslegen. Die T\u00f6pfe und Pfannen haben alle eine starke Keramikbeschichtung, die sie PFAS-frei macht. Das bedeutet, dass sie keine sch\u00e4dlichen Chemikalien enthalten und dank des Materials eine lange Lebensdauer haben. Die T\u00f6pfe und Pfannen eignen sich f\u00fcr alle W\u00e4rmequellen, auch Induktion. Nach dem Kochen legst du den Pfannenschutz zwischen die Pfannen. So besch\u00e4digst du die Schichten beim Aufbewahren nicht.<\/p>\n","protected":false},"excerpt":{"rendered":"<p>Mit dem 11-teiligen BK Simply Ceramic Topf- und Pfannenset erh\u00e4ltst du mehrere T\u00f6pfe und Pfannen mit Zubeh\u00f6r f\u00fcr jede Art des Kochens. Zum Lieferumfang geh\u00f6ren 2 Bratpfannen, eine Schmorpfanne, eine Kasserolle, 4 Pfannenwender und 2 Pfannensch\u00fctzer. Praktisch, denn so kannst du sofort mit dem Kochen loslegen. Die T\u00f6pfe und Pfannen haben alle eine starke Keramikbeschichtung, die sie PFAS-frei macht. Das bedeutet, dass sie keine sch\u00e4dlichen Chemikalien enthalten und dank des Materials eine lange Lebensdauer haben. Die T\u00f6pfe und Pfannen eignen sich f\u00fcr alle W\u00e4rmequellen, auch Induktion. Nach dem Kochen legst du den Pfannenschutz zwischen die Pfannen. So besch\u00e4digst du die Schichten beim Aufbewahren nicht.<\/p>\n","protected":false},"featured_media":0,"comment_status":"closed","ping_status":"open","template":"","meta":{"_acf_changed":false},"brand":[397],"product_brand":[],"product_cat":[372],"product_tag":[1788],"class_list":{"0":"post-76499","1":"product","2":"type-product","3":"status-publish","5":"brand-bk","6":"product_cat-tpfe-und-pfannen","7":"product_tag-bakpannensets","8":"pa_condition-new","9":"pa_coolblue-de-verzending-morgen-gratis-geliefert","10":"pa_ean-13433","11":"pa_mpn-cc005844-001","13":"first","14":"instock","15":"product-type-external"},"acf":[],"_links":{"self":[{"href":"https:\/\/onlinehardwareshop.de\/index.php\/wp-json\/wp\/v2\/product\/76499","targetHints":{"allow":["GET"]}}],"collection":[{"href":"https:\/\/onlinehardwareshop.de\/index.php\/wp-json\/wp\/v2\/product"}],"about":[{"href":"https:\/\/onlinehardwareshop.de\/index.php\/wp-json\/wp\/v2\/types\/product"}],"replies":[{"embeddable":true,"href":"https:\/\/onlinehardwareshop.de\/index.php\/wp-json\/wp\/v2\/comments?post=76499"}],"wp:attachment":[{"href":"https:\/\/onlinehardwareshop.de\/index.php\/wp-json\/wp\/v2\/media?parent=76499"}],"wp:term":[{"taxonomy":"brand","embeddable":true,"href":"https:\/\/onlinehardwareshop.de\/index.php\/wp-json\/wp\/v2\/brand?post=76499"},{"taxonomy":"product_brand","embeddable":true,"href":"https:\/\/onlinehardwareshop.de\/index.php\/wp-json\/wp\/v2\/product_brand?post=76499"},{"taxonomy":"product_cat","embeddable":true,"href":"https:\/\/onlinehardwareshop.de\/index.php\/wp-json\/wp\/v2\/product_cat?post=76499"},{"taxonomy":"product_tag","embeddable":true,"href":"https:\/\/onlinehardwareshop.de\/index.php\/wp-json\/wp\/v2\/product_tag?post=76499"}],"curies":[{"name":"wp","href":"https:\/\/api.w.org\/{rel}","templated":true}]}}