{"id":76492,"date":"2025-04-18T17:27:28","date_gmt":"2025-04-18T17:27:28","guid":{"rendered":"https:\/\/onlinehardwareshop.de\/index.php\/produkt\/garmin-instinct-2x-solar-graphit-2\/"},"modified":"2025-05-14T07:36:59","modified_gmt":"2025-05-14T07:36:59","slug":"garmin-instinct-2x-solar-graphit","status":"publish","type":"product","link":"https:\/\/onlinehardwareshop.de\/index.php\/produkt\/garmin-instinct-2x-solar-graphit\/","title":{"rendered":"Garmin Instinct 2X Solar Graphit"},"content":{"rendered":"<p>Die Garmin Instinct 2X Solar Graphit ist eine gro\u00dfe und schwere Uhr mit 50\u00a0mm Durchmesser. Achte darauf, dass du einen Handgelenkumfang von mindestens 19\u00a0cm hast. Auf kleineren Handgelenken sieht die Uhr weniger stimmig aus. Die Instinct Solar l\u00e4dst du unterwegs mit Solarenergie auf. Auf diese Weise nutzt du die Smartwatch besonders lange. Die Garmin Instinct 2 ist f\u00fcr begeisterte Outdoor-Sportler geeignet. Die Uhr ist extremen Bedingungen gewachsen, sto\u00dffest und h\u00e4lt Tauchg\u00e4ngen von bis zu 100 Metern Tiefe stand. Mithilfe der VO2max-Messung beh\u00e4ltst du deine Kondition genau im Blick. Die Instinct 2X gibt dir au\u00dferdem einen Einblick in deine Regenerationszeit nach dem Sport. So wei\u00dft du, ob du schon wieder f\u00fcr ein neues Training bereit bist. Zudem registriert die Smartwatch deine Gesundheit und misst zum Beispiel dein Stresslevel und deine Schlafqualit\u00e4t.  Diese Uhr wird f\u00fcr einen Handgelenkumfang von 19 bis 22\u00a0cm empfohlen.<\/p>\n","protected":false},"excerpt":{"rendered":"<p>Die Garmin Instinct 2X Solar Graphit ist eine gro\u00dfe und schwere Uhr mit 50\u00a0mm Durchmesser. Achte darauf, dass du einen Handgelenkumfang von mindestens 19\u00a0cm hast. Auf kleineren Handgelenken sieht die Uhr weniger stimmig aus. Die Instinct Solar l\u00e4dst du unterwegs mit Solarenergie auf. Auf diese Weise nutzt du die Smartwatch besonders lange. Die Garmin Instinct 2 ist f\u00fcr begeisterte Outdoor-Sportler geeignet. Die Uhr ist extremen Bedingungen gewachsen, sto\u00dffest und h\u00e4lt Tauchg\u00e4ngen von bis zu 100 Metern Tiefe stand. Mithilfe der VO2max-Messung beh\u00e4ltst du deine Kondition genau im Blick. Die Instinct 2X gibt dir au\u00dferdem einen Einblick in deine Regenerationszeit nach dem Sport. So wei\u00dft du, ob du schon wieder f\u00fcr ein neues Training bereit bist. Zudem registriert die Smartwatch deine Gesundheit und misst zum Beispiel dein Stresslevel und deine Schlafqualit\u00e4t.  Diese Uhr wird f\u00fcr einen Handgelenkumfang von 19 bis 22\u00a0cm empfohlen.<\/p>\n","protected":false},"featured_media":0,"comment_status":"closed","ping_status":"open","template":"","meta":{"_acf_changed":false},"brand":[3804],"product_brand":[],"product_cat":[6848],"product_tag":[6849],"class_list":{"0":"post-76492","1":"product","2":"type-product","3":"status-publish","5":"brand-garmin","6":"product_cat-smartwatches","7":"product_tag-slimme-horloges","8":"pa_condition-new","9":"pa_coolblue-de-verzending-morgen-gratis-geliefert","10":"pa_ean-13417","11":"pa_mpn-010-02805-00","13":"first","14":"instock","15":"product-type-external"},"acf":[],"_links":{"self":[{"href":"https:\/\/onlinehardwareshop.de\/index.php\/wp-json\/wp\/v2\/product\/76492","targetHints":{"allow":["GET"]}}],"collection":[{"href":"https:\/\/onlinehardwareshop.de\/index.php\/wp-json\/wp\/v2\/product"}],"about":[{"href":"https:\/\/onlinehardwareshop.de\/index.php\/wp-json\/wp\/v2\/types\/product"}],"replies":[{"embeddable":true,"href":"https:\/\/onlinehardwareshop.de\/index.php\/wp-json\/wp\/v2\/comments?post=76492"}],"wp:attachment":[{"href":"https:\/\/onlinehardwareshop.de\/index.php\/wp-json\/wp\/v2\/media?parent=76492"}],"wp:term":[{"taxonomy":"brand","embeddable":true,"href":"https:\/\/onlinehardwareshop.de\/index.php\/wp-json\/wp\/v2\/brand?post=76492"},{"taxonomy":"product_brand","embeddable":true,"href":"https:\/\/onlinehardwareshop.de\/index.php\/wp-json\/wp\/v2\/product_brand?post=76492"},{"taxonomy":"product_cat","embeddable":true,"href":"https:\/\/onlinehardwareshop.de\/index.php\/wp-json\/wp\/v2\/product_cat?post=76492"},{"taxonomy":"product_tag","embeddable":true,"href":"https:\/\/onlinehardwareshop.de\/index.php\/wp-json\/wp\/v2\/product_tag?post=76492"}],"curies":[{"name":"wp","href":"https:\/\/api.w.org\/{rel}","templated":true}]}}