{"id":76473,"date":"2024-10-06T10:18:42","date_gmt":"2024-10-06T10:18:42","guid":{"rendered":"https:\/\/onlinehardwareshop.de\/index.php\/produkt\/bluebuilt-book-case-schwarz-fr-kobo-clara-2e-2\/"},"modified":"2025-05-14T07:35:17","modified_gmt":"2025-05-14T07:35:17","slug":"bluebuilt-book-case-schwarz-fr-kobo-clara-2e","status":"publish","type":"product","link":"https:\/\/onlinehardwareshop.de\/index.php\/produkt\/bluebuilt-book-case-schwarz-fr-kobo-clara-2e\/","title":{"rendered":"BlueBuilt Book Case Schwarz f&#xFC;r Kobo Clara 2E"},"content":{"rendered":"<p>Mit dem BlueBuilt Book Case Schwarz f\u00fcr den Kobo Clara 2E bleibt dein eBook-Reader m\u00f6glichst lange wie neu. Das Book Case sch\u00fctzt die Vorder- und R\u00fcckseite sowie die Seiten deines eBook-Readers. Es h\u00e4lt dein Display frei von Schmutz und Kratzern, sodass du dein Kobo Clara 2E unbesorgt in dieselbe Tasche stecken kannst wie deine Schl\u00fcssel. Die H\u00fclle geht auch nicht einfach so auf, weil sie mit einem Magnetverschluss geschlossen bleibt. Keine Lust, deinen eBook-Reader beim Lesen festhalten zu m\u00fcssen? Mit der Frontklappe mit integriertem St\u00e4nder kannst du deinen eBook-Reader aufrecht hinstellen. Wenn du die H\u00fclle aufklappst, schaltet sich der eBook-Reader sofort ein. Sobald du sie schlie\u00dft, wird das Ger\u00e4t in den Ruhemodus versetzt. Dadurch h\u00e4lt der Akku deines eBook-Readers l\u00e4nger. Du erh\u00e4ltst 5 Jahre Garantie auf diese BlueBuilt-H\u00fclle.<\/p>\n","protected":false},"excerpt":{"rendered":"<p>Mit dem BlueBuilt Book Case Schwarz f\u00fcr den Kobo Clara 2E bleibt dein eBook-Reader m\u00f6glichst lange wie neu. Das Book Case sch\u00fctzt die Vorder- und R\u00fcckseite sowie die Seiten deines eBook-Readers. Es h\u00e4lt dein Display frei von Schmutz und Kratzern, sodass du dein Kobo Clara 2E unbesorgt in dieselbe Tasche stecken kannst wie deine Schl\u00fcssel. Die H\u00fclle geht auch nicht einfach so auf, weil sie mit einem Magnetverschluss geschlossen bleibt. Keine Lust, deinen eBook-Reader beim Lesen festhalten zu m\u00fcssen? Mit der Frontklappe mit integriertem St\u00e4nder kannst du deinen eBook-Reader aufrecht hinstellen. Wenn du die H\u00fclle aufklappst, schaltet sich der eBook-Reader sofort ein. Sobald du sie schlie\u00dft, wird das Ger\u00e4t in den Ruhemodus versetzt. Dadurch h\u00e4lt der Akku deines eBook-Readers l\u00e4nger. Du erh\u00e4ltst 5 Jahre Garantie auf diese BlueBuilt-H\u00fclle.<\/p>\n","protected":false},"featured_media":0,"comment_status":"closed","ping_status":"open","template":"","meta":{"_acf_changed":false},"brand":[5893],"product_brand":[],"product_cat":[13328],"product_tag":[13329],"class_list":{"0":"post-76473","1":"product","2":"type-product","3":"status-publish","5":"brand-bluebuilt","6":"product_cat-hllen-fr-ebook-reader","7":"product_tag-cases-e-readers","8":"pa_condition-new","9":"pa_coolblue-de-verzending-morgen-gratis-geliefert","10":"pa_ean-13375","11":"pa_mpn-bbbck002","13":"first","14":"instock","15":"product-type-external"},"acf":[],"_links":{"self":[{"href":"https:\/\/onlinehardwareshop.de\/index.php\/wp-json\/wp\/v2\/product\/76473","targetHints":{"allow":["GET"]}}],"collection":[{"href":"https:\/\/onlinehardwareshop.de\/index.php\/wp-json\/wp\/v2\/product"}],"about":[{"href":"https:\/\/onlinehardwareshop.de\/index.php\/wp-json\/wp\/v2\/types\/product"}],"replies":[{"embeddable":true,"href":"https:\/\/onlinehardwareshop.de\/index.php\/wp-json\/wp\/v2\/comments?post=76473"}],"wp:attachment":[{"href":"https:\/\/onlinehardwareshop.de\/index.php\/wp-json\/wp\/v2\/media?parent=76473"}],"wp:term":[{"taxonomy":"brand","embeddable":true,"href":"https:\/\/onlinehardwareshop.de\/index.php\/wp-json\/wp\/v2\/brand?post=76473"},{"taxonomy":"product_brand","embeddable":true,"href":"https:\/\/onlinehardwareshop.de\/index.php\/wp-json\/wp\/v2\/product_brand?post=76473"},{"taxonomy":"product_cat","embeddable":true,"href":"https:\/\/onlinehardwareshop.de\/index.php\/wp-json\/wp\/v2\/product_cat?post=76473"},{"taxonomy":"product_tag","embeddable":true,"href":"https:\/\/onlinehardwareshop.de\/index.php\/wp-json\/wp\/v2\/product_tag?post=76473"}],"curies":[{"name":"wp","href":"https:\/\/api.w.org\/{rel}","templated":true}]}}