{"id":76464,"date":"2025-05-14T05:02:17","date_gmt":"2025-05-14T05:02:17","guid":{"rendered":"https:\/\/onlinehardwareshop.de\/index.php\/produkt\/bk-simply-ceramic-keramisches-bratpfannenset-24-28-cm-2\/"},"modified":"2025-05-14T07:34:38","modified_gmt":"2025-05-14T07:34:38","slug":"bk-simply-ceramic-keramisches-bratpfannenset-24-28-cm","status":"publish","type":"product","link":"https:\/\/onlinehardwareshop.de\/index.php\/produkt\/bk-simply-ceramic-keramisches-bratpfannenset-24-28-cm\/","title":{"rendered":"BK Simply Ceramic Keramisches Bratpfannenset 24 + 28 cm"},"content":{"rendered":"<p>Mit dem BK Simply Ceramic Keramisches Bratpfannenset 24 + 28 cm kannst du umweltbewusst anbraten dank der starken Keramik-Beschichtung. Diese Beschichtung ist n\u00e4mlich PFAS-frei, was bedeutet, dass die Pfannen keine sch\u00e4dlichen Chemikalien enthalten. Du kannst in diesen Pfannen auch bei h\u00f6heren Temperaturen braten. Das ist praktisch, weil du so zum Beispiel schneller Kartoffeln anbraten kannst. Au\u00dferdem verwendest du die Bratpfannen auf allen W\u00e4rmequellen, zum Beispiel unter anderem Induktion. Die Griffe erhitzen sich beim Kochen nicht. Das ist super, denn dann kannst du die Pfannen sicher zum Esstisch bringen. Bist du fertig? Dann kannst du die Pfannen per Hand abwaschen. Lege den Pfannenschutz zwischen zwei Pfannen, damit sie sich nicht gegenseitig besch\u00e4digen, wenn du sie aufr\u00e4umst.<\/p>\n","protected":false},"excerpt":{"rendered":"<p>Mit dem BK Simply Ceramic Keramisches Bratpfannenset 24 + 28 cm kannst du umweltbewusst anbraten dank der starken Keramik-Beschichtung. Diese Beschichtung ist n\u00e4mlich PFAS-frei, was bedeutet, dass die Pfannen keine sch\u00e4dlichen Chemikalien enthalten. Du kannst in diesen Pfannen auch bei h\u00f6heren Temperaturen braten. Das ist praktisch, weil du so zum Beispiel schneller Kartoffeln anbraten kannst. Au\u00dferdem verwendest du die Bratpfannen auf allen W\u00e4rmequellen, zum Beispiel unter anderem Induktion. Die Griffe erhitzen sich beim Kochen nicht. Das ist super, denn dann kannst du die Pfannen sicher zum Esstisch bringen. Bist du fertig? Dann kannst du die Pfannen per Hand abwaschen. Lege den Pfannenschutz zwischen zwei Pfannen, damit sie sich nicht gegenseitig besch\u00e4digen, wenn du sie aufr\u00e4umst.<\/p>\n","protected":false},"featured_media":0,"comment_status":"closed","ping_status":"open","template":"","meta":{"_acf_changed":false},"brand":[397],"product_brand":[],"product_cat":[372],"product_tag":[1788],"class_list":{"0":"post-76464","1":"product","2":"type-product","3":"status-publish","5":"brand-bk","6":"product_cat-tpfe-und-pfannen","7":"product_tag-bakpannensets","8":"pa_condition-new","9":"pa_coolblue-de-verzending-morgen-gratis-geliefert","10":"pa_ean-13347","11":"pa_mpn-cc005842-001","13":"first","14":"instock","15":"product-type-external"},"acf":[],"_links":{"self":[{"href":"https:\/\/onlinehardwareshop.de\/index.php\/wp-json\/wp\/v2\/product\/76464","targetHints":{"allow":["GET"]}}],"collection":[{"href":"https:\/\/onlinehardwareshop.de\/index.php\/wp-json\/wp\/v2\/product"}],"about":[{"href":"https:\/\/onlinehardwareshop.de\/index.php\/wp-json\/wp\/v2\/types\/product"}],"replies":[{"embeddable":true,"href":"https:\/\/onlinehardwareshop.de\/index.php\/wp-json\/wp\/v2\/comments?post=76464"}],"wp:attachment":[{"href":"https:\/\/onlinehardwareshop.de\/index.php\/wp-json\/wp\/v2\/media?parent=76464"}],"wp:term":[{"taxonomy":"brand","embeddable":true,"href":"https:\/\/onlinehardwareshop.de\/index.php\/wp-json\/wp\/v2\/brand?post=76464"},{"taxonomy":"product_brand","embeddable":true,"href":"https:\/\/onlinehardwareshop.de\/index.php\/wp-json\/wp\/v2\/product_brand?post=76464"},{"taxonomy":"product_cat","embeddable":true,"href":"https:\/\/onlinehardwareshop.de\/index.php\/wp-json\/wp\/v2\/product_cat?post=76464"},{"taxonomy":"product_tag","embeddable":true,"href":"https:\/\/onlinehardwareshop.de\/index.php\/wp-json\/wp\/v2\/product_tag?post=76464"}],"curies":[{"name":"wp","href":"https:\/\/api.w.org\/{rel}","templated":true}]}}