{"id":76440,"date":"2024-10-02T13:43:21","date_gmt":"2024-10-02T13:43:21","guid":{"rendered":"https:\/\/onlinehardwareshop.de\/index.php\/produkt\/rode-wireless-me-2\/"},"modified":"2025-05-14T07:32:22","modified_gmt":"2025-05-14T07:32:22","slug":"rode-wireless-me","status":"publish","type":"product","link":"https:\/\/onlinehardwareshop.de\/index.php\/produkt\/rode-wireless-me\/","title":{"rendered":"Rode Wireless ME"},"content":{"rendered":"<p>Das Rode Wireless ME ist ein kompaktes Set, mit dem du klare Tonaufnahmen machen kannst. Du erh\u00e4ltst einen kabellosen Sender und einen Empf\u00e4nger, die beide \u00fcber ein eingebautes Mikrofon verf\u00fcgen. Das erleichtert es, ein Interview aufzuzeichnen. Das Set ist leicht und kompakt, sodass du es problemlos mitnehmen kannst. Das ist n\u00fctzlich, wenn du oft vor Ort fotografierst, zum Beispiel, wenn du eine Reportage in der Stadt drehst. Mit dem mitgelieferten Windschutz verhinderst du Windger\u00e4usche, sodass du auch im Freien klare Aufnahmen machen kannst. Das Set ist zur Verwendung mit Kameras, Smartphones und Tablets geeignet und somit vielseitig einsetzbar. Wenn du als Vlogger-Anf\u00e4nger viele Videos aufnimmst, kannst du mit diesem Mikrofon die Tonqualit\u00e4t ganz einfach verbessern.<\/p>\n","protected":false},"excerpt":{"rendered":"<p>Das Rode Wireless ME ist ein kompaktes Set, mit dem du klare Tonaufnahmen machen kannst. Du erh\u00e4ltst einen kabellosen Sender und einen Empf\u00e4nger, die beide \u00fcber ein eingebautes Mikrofon verf\u00fcgen. Das erleichtert es, ein Interview aufzuzeichnen. Das Set ist leicht und kompakt, sodass du es problemlos mitnehmen kannst. Das ist n\u00fctzlich, wenn du oft vor Ort fotografierst, zum Beispiel, wenn du eine Reportage in der Stadt drehst. Mit dem mitgelieferten Windschutz verhinderst du Windger\u00e4usche, sodass du auch im Freien klare Aufnahmen machen kannst. Das Set ist zur Verwendung mit Kameras, Smartphones und Tablets geeignet und somit vielseitig einsetzbar. Wenn du als Vlogger-Anf\u00e4nger viele Videos aufnimmst, kannst du mit diesem Mikrofon die Tonqualit\u00e4t ganz einfach verbessern.<\/p>\n","protected":false},"featured_media":0,"comment_status":"closed","ping_status":"open","template":"","meta":{"_acf_changed":false},"brand":[1569],"product_brand":[],"product_cat":[1570],"product_tag":[1571],"class_list":{"0":"post-76440","1":"product","2":"type-product","3":"status-publish","5":"brand-rode-microphones","6":"product_cat-kameramikrofone","7":"product_tag-cameramicrofoons","8":"pa_condition-new","9":"pa_coolblue-de-verzending-morgen-gratis-geliefert","10":"pa_ean-13296","11":"pa_mpn-rd115232","13":"first","14":"instock","15":"product-type-external"},"acf":[],"_links":{"self":[{"href":"https:\/\/onlinehardwareshop.de\/index.php\/wp-json\/wp\/v2\/product\/76440","targetHints":{"allow":["GET"]}}],"collection":[{"href":"https:\/\/onlinehardwareshop.de\/index.php\/wp-json\/wp\/v2\/product"}],"about":[{"href":"https:\/\/onlinehardwareshop.de\/index.php\/wp-json\/wp\/v2\/types\/product"}],"replies":[{"embeddable":true,"href":"https:\/\/onlinehardwareshop.de\/index.php\/wp-json\/wp\/v2\/comments?post=76440"}],"wp:attachment":[{"href":"https:\/\/onlinehardwareshop.de\/index.php\/wp-json\/wp\/v2\/media?parent=76440"}],"wp:term":[{"taxonomy":"brand","embeddable":true,"href":"https:\/\/onlinehardwareshop.de\/index.php\/wp-json\/wp\/v2\/brand?post=76440"},{"taxonomy":"product_brand","embeddable":true,"href":"https:\/\/onlinehardwareshop.de\/index.php\/wp-json\/wp\/v2\/product_brand?post=76440"},{"taxonomy":"product_cat","embeddable":true,"href":"https:\/\/onlinehardwareshop.de\/index.php\/wp-json\/wp\/v2\/product_cat?post=76440"},{"taxonomy":"product_tag","embeddable":true,"href":"https:\/\/onlinehardwareshop.de\/index.php\/wp-json\/wp\/v2\/product_tag?post=76440"}],"curies":[{"name":"wp","href":"https:\/\/api.w.org\/{rel}","templated":true}]}}