{"id":76412,"date":"2024-04-19T05:59:05","date_gmt":"2024-04-19T05:59:05","guid":{"rendered":"https:\/\/onlinehardwareshop.de\/index.php\/produkt\/kobo-elipsa-2e-mit-kobo-stylus-2-2\/"},"modified":"2025-05-14T07:30:09","modified_gmt":"2025-05-14T07:30:09","slug":"kobo-elipsa-2e-mit-kobo-stylus-2","status":"publish","type":"product","link":"https:\/\/onlinehardwareshop.de\/index.php\/produkt\/kobo-elipsa-2e-mit-kobo-stylus-2\/","title":{"rendered":"Kobo Elipsa 2E mit Kobo Stylus 2"},"content":{"rendered":"<p>Auf dem gro\u00dfen Kobo Elipsa 2E mit Kobo Stylus 2 kann man angenehm B\u00fccher lesen. Das 10 Zoll gro\u00dfe Display ist einen Hauch kleiner als ein DIN-A4-Blatt. Somit kann man Texte komfortabel lesen und muss weniger oft umbl\u00e4ttern. Mit dem mitgelieferten Stylus kannst du bequem Notizen machen und W\u00f6rter antippen, um dir deren \u00dcbersetzung anzeigen zu lassen oder deren Bedeutung nachzuschlagen. Dank der Beleuchtung und des Blaulichtfilters vom Display kannst du deine Lieblingsb\u00fccher auch abends lesen. Mithilfe der Bluetooth-Unterst\u00fctzung ist es au\u00dferdem m\u00f6glich, H\u00f6rb\u00fccher zu h\u00f6ren. Das ist angenehm, wenn man mal keine Lust hat zu lesen. Mit 32\u00a0GB Speicherplatz steht dir genug Platz f\u00fcr ein mit 30.000 B\u00fcchern gro\u00dfz\u00fcgig bemessenes digitales B\u00fccherregal zur Verf\u00fcgung.<\/p>\n<p> Hinweis: Zur Nutzung dieses eBook-Readers ist ein Kobo-Konto erforderlich.<\/p>\n","protected":false},"excerpt":{"rendered":"<p>Auf dem gro\u00dfen Kobo Elipsa 2E mit Kobo Stylus 2 kann man angenehm B\u00fccher lesen. Das 10 Zoll gro\u00dfe Display ist einen Hauch kleiner als ein DIN-A4-Blatt. Somit kann man Texte komfortabel lesen und muss weniger oft umbl\u00e4ttern. Mit dem mitgelieferten Stylus kannst du bequem Notizen machen und W\u00f6rter antippen, um dir deren \u00dcbersetzung anzeigen zu lassen oder deren Bedeutung nachzuschlagen. Dank der Beleuchtung und des Blaulichtfilters vom Display kannst du deine Lieblingsb\u00fccher auch abends lesen. Mithilfe der Bluetooth-Unterst\u00fctzung ist es au\u00dferdem m\u00f6glich, H\u00f6rb\u00fccher zu h\u00f6ren. Das ist angenehm, wenn man mal keine Lust hat zu lesen. Mit 32\u00a0GB Speicherplatz steht dir genug Platz f\u00fcr ein mit 30.000 B\u00fcchern gro\u00dfz\u00fcgig bemessenes digitales B\u00fccherregal zur Verf\u00fcgung.<\/p>\n<p> Hinweis: Zur Nutzung dieses eBook-Readers ist ein Kobo-Konto erforderlich.<\/p>\n","protected":false},"featured_media":0,"comment_status":"closed","ping_status":"open","template":"","meta":{"_acf_changed":false},"brand":[8608],"product_brand":[],"product_cat":[8609],"product_tag":[8610],"class_list":{"0":"post-76412","1":"product","2":"type-product","3":"status-publish","5":"brand-kobo","6":"product_cat-ebook-reader","7":"product_tag-e-readers","8":"pa_condition-new","9":"pa_coolblue-de-verzending-morgen-gratis-geliefert","10":"pa_ean-13225","11":"pa_mpn-n605-ku-bk-k-bu","13":"first","14":"instock","15":"product-type-external"},"acf":[],"_links":{"self":[{"href":"https:\/\/onlinehardwareshop.de\/index.php\/wp-json\/wp\/v2\/product\/76412","targetHints":{"allow":["GET"]}}],"collection":[{"href":"https:\/\/onlinehardwareshop.de\/index.php\/wp-json\/wp\/v2\/product"}],"about":[{"href":"https:\/\/onlinehardwareshop.de\/index.php\/wp-json\/wp\/v2\/types\/product"}],"replies":[{"embeddable":true,"href":"https:\/\/onlinehardwareshop.de\/index.php\/wp-json\/wp\/v2\/comments?post=76412"}],"wp:attachment":[{"href":"https:\/\/onlinehardwareshop.de\/index.php\/wp-json\/wp\/v2\/media?parent=76412"}],"wp:term":[{"taxonomy":"brand","embeddable":true,"href":"https:\/\/onlinehardwareshop.de\/index.php\/wp-json\/wp\/v2\/brand?post=76412"},{"taxonomy":"product_brand","embeddable":true,"href":"https:\/\/onlinehardwareshop.de\/index.php\/wp-json\/wp\/v2\/product_brand?post=76412"},{"taxonomy":"product_cat","embeddable":true,"href":"https:\/\/onlinehardwareshop.de\/index.php\/wp-json\/wp\/v2\/product_cat?post=76412"},{"taxonomy":"product_tag","embeddable":true,"href":"https:\/\/onlinehardwareshop.de\/index.php\/wp-json\/wp\/v2\/product_tag?post=76412"}],"curies":[{"name":"wp","href":"https:\/\/api.w.org\/{rel}","templated":true}]}}