{"id":76376,"date":"2024-09-30T04:28:57","date_gmt":"2024-09-30T04:28:57","guid":{"rendered":"https:\/\/onlinehardwareshop.de\/index.php\/produkt\/vogelbescherming-valk-hd-8x30-2\/"},"modified":"2025-05-14T07:27:07","modified_gmt":"2025-05-14T07:27:07","slug":"vogelbescherming-valk-hd-8x30","status":"publish","type":"product","link":"https:\/\/onlinehardwareshop.de\/index.php\/produkt\/vogelbescherming-valk-hd-8x30\/","title":{"rendered":"Vogelbescherming Valk HD+ 8&#215;30"},"content":{"rendered":"<p>Das Vogelbescherming Valk HD+ 8&#215;30 ist ein komplettes Allround-Fernglas f\u00fcr Vogelliebhaber und abenteuerlustige Outdoor-Wanderer. Mit dem geringen Gewicht von 500\u00a0Gramm l\u00e4sst sich das Fernglas bequem mit auf eine Wanderung nehmen. Es hat ein weites Sichtfeld von 151\u00a0Metern. Sowohl auf kurze als auch auf weite Entfernungen kannst du damit schnell ein Objekt, z. B. einen Vogel, entdecken. Der minimale Fokusabstand betr\u00e4gt 1,35\u00a0m, womit sich allerkleinste Details deutlich ins Bild bringen lassen. Du kannst zum Beispiel die Fl\u00fcgel eines Schmetterlings betrachten, ohne das Tier zu verschrecken. Das Ger\u00e4t ist gasgef\u00fcllt und druckwasserdicht mit einer IPX7-Zertifizierung. Dies verhindert ein inneres Beschlagen der Objektive bei sich wechselnden Temperaturen oder in feuchter Umgebung. So kannst du das Fernglas auch beim Wassersport einsetzen.<\/p>\n","protected":false},"excerpt":{"rendered":"<p>Das Vogelbescherming Valk HD+ 8&#215;30 ist ein komplettes Allround-Fernglas f\u00fcr Vogelliebhaber und abenteuerlustige Outdoor-Wanderer. Mit dem geringen Gewicht von 500\u00a0Gramm l\u00e4sst sich das Fernglas bequem mit auf eine Wanderung nehmen. Es hat ein weites Sichtfeld von 151\u00a0Metern. Sowohl auf kurze als auch auf weite Entfernungen kannst du damit schnell ein Objekt, z. B. einen Vogel, entdecken. Der minimale Fokusabstand betr\u00e4gt 1,35\u00a0m, womit sich allerkleinste Details deutlich ins Bild bringen lassen. Du kannst zum Beispiel die Fl\u00fcgel eines Schmetterlings betrachten, ohne das Tier zu verschrecken. Das Ger\u00e4t ist gasgef\u00fcllt und druckwasserdicht mit einer IPX7-Zertifizierung. Dies verhindert ein inneres Beschlagen der Objektive bei sich wechselnden Temperaturen oder in feuchter Umgebung. So kannst du das Fernglas auch beim Wassersport einsetzen.<\/p>\n","protected":false},"featured_media":0,"comment_status":"closed","ping_status":"open","template":"","meta":{"_acf_changed":false},"brand":[12136],"product_brand":[],"product_cat":[448],"product_tag":[1304],"class_list":{"0":"post-76376","1":"product","2":"type-product","3":"status-publish","5":"brand-vogelbescherming","6":"product_cat-fernglser","7":"product_tag-dakkant-verrekijkers","8":"pa_condition-new","9":"pa_coolblue-de-verzending-morgen-gratis-geliefert","10":"pa_ean-13171","11":"pa_mpn-v283421","13":"first","14":"instock","15":"product-type-external"},"acf":[],"_links":{"self":[{"href":"https:\/\/onlinehardwareshop.de\/index.php\/wp-json\/wp\/v2\/product\/76376","targetHints":{"allow":["GET"]}}],"collection":[{"href":"https:\/\/onlinehardwareshop.de\/index.php\/wp-json\/wp\/v2\/product"}],"about":[{"href":"https:\/\/onlinehardwareshop.de\/index.php\/wp-json\/wp\/v2\/types\/product"}],"replies":[{"embeddable":true,"href":"https:\/\/onlinehardwareshop.de\/index.php\/wp-json\/wp\/v2\/comments?post=76376"}],"wp:attachment":[{"href":"https:\/\/onlinehardwareshop.de\/index.php\/wp-json\/wp\/v2\/media?parent=76376"}],"wp:term":[{"taxonomy":"brand","embeddable":true,"href":"https:\/\/onlinehardwareshop.de\/index.php\/wp-json\/wp\/v2\/brand?post=76376"},{"taxonomy":"product_brand","embeddable":true,"href":"https:\/\/onlinehardwareshop.de\/index.php\/wp-json\/wp\/v2\/product_brand?post=76376"},{"taxonomy":"product_cat","embeddable":true,"href":"https:\/\/onlinehardwareshop.de\/index.php\/wp-json\/wp\/v2\/product_cat?post=76376"},{"taxonomy":"product_tag","embeddable":true,"href":"https:\/\/onlinehardwareshop.de\/index.php\/wp-json\/wp\/v2\/product_tag?post=76376"}],"curies":[{"name":"wp","href":"https:\/\/api.w.org\/{rel}","templated":true}]}}