{"id":76371,"date":"2024-10-17T03:03:20","date_gmt":"2024-10-17T03:03:20","guid":{"rendered":"https:\/\/onlinehardwareshop.de\/index.php\/produkt\/garmin-forerunner-255-grau-2\/"},"modified":"2025-05-14T07:26:43","modified_gmt":"2025-05-14T07:26:43","slug":"garmin-forerunner-255-grau","status":"publish","type":"product","link":"https:\/\/onlinehardwareshop.de\/index.php\/produkt\/garmin-forerunner-255-grau\/","title":{"rendered":"Garmin Forerunner 255 Grau"},"content":{"rendered":"<p>Verbessere deine Laufleistungen mit der Garmin Forerunner 255 Dunkelgrau. Diese Sportuhr nutzt du nicht nur zum Laufen, sondern auch f\u00fcr das Triathlon-Training und andere Multisportarten. W\u00e4hrend des Trainings wechselst du mit nur einem Tastendruck das Sportprofil. Mit der Forerunner 255 erh\u00e4ltst du w\u00e4hrend des Laufens aktuelle Meldungen \u00fcber deine Leistungen und bekommst Tipps, um noch mehr aus deinem Training herauszuholen. Trage die Uhr auch, wenn du schl\u00e4fst, um noch mehr Einblick in deine Regeneration, Gesundheit und Trainingsergebnisse zu erhalten. Die Akkulaufzeit der Forerunner 255 betr\u00e4gt 14 Tage bzw. 30 Tage im Sportmodus. Da die Smartwatch keinen Touchscreen hat, bedienst du sie \u00fcber ihre Tasten. Smartphone-Nachrichten werden auf der Uhr angezeigt, sodass du immer auf dem Laufenden bleibst. Wenn du ein kleines Handgelenk hast, solltest du die kleinere Forerunner 255S w\u00e4hlen.  Diese Uhr wird f\u00fcr einen Handgelenkumfang von 17 bis 19\u00a0cm empfohlen.<\/p>\n","protected":false},"excerpt":{"rendered":"<p>Verbessere deine Laufleistungen mit der Garmin Forerunner 255 Dunkelgrau. Diese Sportuhr nutzt du nicht nur zum Laufen, sondern auch f\u00fcr das Triathlon-Training und andere Multisportarten. W\u00e4hrend des Trainings wechselst du mit nur einem Tastendruck das Sportprofil. Mit der Forerunner 255 erh\u00e4ltst du w\u00e4hrend des Laufens aktuelle Meldungen \u00fcber deine Leistungen und bekommst Tipps, um noch mehr aus deinem Training herauszuholen. Trage die Uhr auch, wenn du schl\u00e4fst, um noch mehr Einblick in deine Regeneration, Gesundheit und Trainingsergebnisse zu erhalten. Die Akkulaufzeit der Forerunner 255 betr\u00e4gt 14 Tage bzw. 30 Tage im Sportmodus. Da die Smartwatch keinen Touchscreen hat, bedienst du sie \u00fcber ihre Tasten. Smartphone-Nachrichten werden auf der Uhr angezeigt, sodass du immer auf dem Laufenden bleibst. Wenn du ein kleines Handgelenk hast, solltest du die kleinere Forerunner 255S w\u00e4hlen.  Diese Uhr wird f\u00fcr einen Handgelenkumfang von 17 bis 19\u00a0cm empfohlen.<\/p>\n","protected":false},"featured_media":0,"comment_status":"closed","ping_status":"open","template":"","meta":{"_acf_changed":false},"brand":[3804],"product_brand":[],"product_cat":[6848],"product_tag":[6849],"class_list":{"0":"post-76371","1":"product","2":"type-product","3":"status-publish","5":"brand-garmin","6":"product_cat-smartwatches","7":"product_tag-slimme-horloges","8":"pa_condition-new","9":"pa_coolblue-de-verzending-morgen-gratis-geliefert","10":"pa_ean-13163","11":"pa_mpn-010-02641-10","13":"first","14":"instock","15":"product-type-external"},"acf":[],"_links":{"self":[{"href":"https:\/\/onlinehardwareshop.de\/index.php\/wp-json\/wp\/v2\/product\/76371","targetHints":{"allow":["GET"]}}],"collection":[{"href":"https:\/\/onlinehardwareshop.de\/index.php\/wp-json\/wp\/v2\/product"}],"about":[{"href":"https:\/\/onlinehardwareshop.de\/index.php\/wp-json\/wp\/v2\/types\/product"}],"replies":[{"embeddable":true,"href":"https:\/\/onlinehardwareshop.de\/index.php\/wp-json\/wp\/v2\/comments?post=76371"}],"wp:attachment":[{"href":"https:\/\/onlinehardwareshop.de\/index.php\/wp-json\/wp\/v2\/media?parent=76371"}],"wp:term":[{"taxonomy":"brand","embeddable":true,"href":"https:\/\/onlinehardwareshop.de\/index.php\/wp-json\/wp\/v2\/brand?post=76371"},{"taxonomy":"product_brand","embeddable":true,"href":"https:\/\/onlinehardwareshop.de\/index.php\/wp-json\/wp\/v2\/product_brand?post=76371"},{"taxonomy":"product_cat","embeddable":true,"href":"https:\/\/onlinehardwareshop.de\/index.php\/wp-json\/wp\/v2\/product_cat?post=76371"},{"taxonomy":"product_tag","embeddable":true,"href":"https:\/\/onlinehardwareshop.de\/index.php\/wp-json\/wp\/v2\/product_tag?post=76371"}],"curies":[{"name":"wp","href":"https:\/\/api.w.org\/{rel}","templated":true}]}}