{"id":76250,"date":"2024-01-30T11:42:41","date_gmt":"2024-01-30T11:42:41","guid":{"rendered":"https:\/\/onlinehardwareshop.de\/index.php\/produkt\/boretti-grill-pizzastein-36cm-2\/"},"modified":"2025-05-14T07:16:27","modified_gmt":"2025-05-14T07:16:27","slug":"boretti-grill-pizzastein-36cm","status":"publish","type":"product","link":"https:\/\/onlinehardwareshop.de\/index.php\/produkt\/boretti-grill-pizzastein-36cm\/","title":{"rendered":"Boretti Grill Pizzastein 36&#xA0;cm"},"content":{"rendered":"<p>Mit dem Boretti Grill Pizzastein 36\u00a0cm sorgst du daf\u00fcr, dass deine Pizzen so gut schmecken wie in Italien. Der Pizzastein verteilt die Hitze gleichm\u00e4\u00dfig und nimmt zus\u00e4tzliche Feuchtigkeit auf, wodurch die Pizza eine knusprige Kruste erh\u00e4lt. Der Pizzastein ist f\u00fcr jeden Keramikgrill geeignet und hat einen Durchmesser von 36\u00a0Zentimetern. Bitte beachte, dass der Stein keine Griffe hat und nach dem Gebrauch hei\u00df ist. Ber\u00fchre ihn also nicht ohne Schutz oder Werkzeug.<\/p>\n","protected":false},"excerpt":{"rendered":"<p>Mit dem Boretti Grill Pizzastein 36\u00a0cm sorgst du daf\u00fcr, dass deine Pizzen so gut schmecken wie in Italien. Der Pizzastein verteilt die Hitze gleichm\u00e4\u00dfig und nimmt zus\u00e4tzliche Feuchtigkeit auf, wodurch die Pizza eine knusprige Kruste erh\u00e4lt. Der Pizzastein ist f\u00fcr jeden Keramikgrill geeignet und hat einen Durchmesser von 36\u00a0Zentimetern. Bitte beachte, dass der Stein keine Griffe hat und nach dem Gebrauch hei\u00df ist. Ber\u00fchre ihn also nicht ohne Schutz oder Werkzeug.<\/p>\n","protected":false},"featured_media":0,"comment_status":"closed","ping_status":"open","template":"","meta":{"_acf_changed":false},"brand":[1213],"product_brand":[],"product_cat":[11378],"product_tag":[11379],"class_list":{"0":"post-76250","1":"product","2":"type-product","3":"status-publish","5":"brand-boretti","6":"product_cat-pizzasteine","7":"product_tag-pizzastenen","8":"pa_condition-new","9":"pa_coolblue-de-verzending-morgen-gratis-geliefert","10":"pa_ean-33055","11":"pa_mpn-bba97","13":"first","14":"instock","15":"product-type-external"},"acf":[],"_links":{"self":[{"href":"https:\/\/onlinehardwareshop.de\/index.php\/wp-json\/wp\/v2\/product\/76250","targetHints":{"allow":["GET"]}}],"collection":[{"href":"https:\/\/onlinehardwareshop.de\/index.php\/wp-json\/wp\/v2\/product"}],"about":[{"href":"https:\/\/onlinehardwareshop.de\/index.php\/wp-json\/wp\/v2\/types\/product"}],"replies":[{"embeddable":true,"href":"https:\/\/onlinehardwareshop.de\/index.php\/wp-json\/wp\/v2\/comments?post=76250"}],"wp:attachment":[{"href":"https:\/\/onlinehardwareshop.de\/index.php\/wp-json\/wp\/v2\/media?parent=76250"}],"wp:term":[{"taxonomy":"brand","embeddable":true,"href":"https:\/\/onlinehardwareshop.de\/index.php\/wp-json\/wp\/v2\/brand?post=76250"},{"taxonomy":"product_brand","embeddable":true,"href":"https:\/\/onlinehardwareshop.de\/index.php\/wp-json\/wp\/v2\/product_brand?post=76250"},{"taxonomy":"product_cat","embeddable":true,"href":"https:\/\/onlinehardwareshop.de\/index.php\/wp-json\/wp\/v2\/product_cat?post=76250"},{"taxonomy":"product_tag","embeddable":true,"href":"https:\/\/onlinehardwareshop.de\/index.php\/wp-json\/wp\/v2\/product_tag?post=76250"}],"curies":[{"name":"wp","href":"https:\/\/api.w.org\/{rel}","templated":true}]}}