{"id":76239,"date":"2025-04-28T17:54:12","date_gmt":"2025-04-28T17:54:12","guid":{"rendered":"https:\/\/onlinehardwareshop.de\/index.php\/produkt\/sony-wh-ch520-schwarz-2\/"},"modified":"2025-05-14T07:15:27","modified_gmt":"2025-05-14T07:15:27","slug":"sony-wh-ch520-schwarz","status":"publish","type":"product","link":"https:\/\/onlinehardwareshop.de\/index.php\/produkt\/sony-wh-ch520-schwarz\/","title":{"rendered":"Sony WH-CH520 Schwarz"},"content":{"rendered":"<p>Mit dem Sony WH-CH520 Schwarz kannst du sicher bis zu 50 Stunden deine Lieblingsmusik h\u00f6ren oder Podcasts verfolgen. Dieser Kopfh\u00f6rer von Sony verf\u00fcgt \u00fcber einen Akku, der lange durchh\u00e4lt. Sollte der Akku doch einmal leer sein, l\u00e4dst du ihn innerhalb von drei Minuten auf und hast f\u00fcr 1,5 Stunden zus\u00e4tzliche Akkulaufzeit. Dar\u00fcber hinaus hat dieser Kopfh\u00f6rer Multipoint Pairing, womit man zwei Ger\u00e4te gleichzeitig an den Kopfh\u00f6rer anschlie\u00dfen kann. So kannst du \u00fcber den Kopfh\u00f6rer Telefonate annehmen und gleichzeitig Musik auf deinem Laptop h\u00f6ren. Deine Vorlieben stellst du \u00fcber die Headphones-Connect-App von Sony ein, zum Beispiel den Bass. Au\u00dferdem arbeitet dieses Ger\u00e4t mit der DSEE-Funktion (Digital Sound Enhancement Engine), womit du deine Musik in der originalen Aufnahmequalit\u00e4t h\u00f6rst.<\/p>\n","protected":false},"excerpt":{"rendered":"<p>Mit dem Sony WH-CH520 Schwarz kannst du sicher bis zu 50 Stunden deine Lieblingsmusik h\u00f6ren oder Podcasts verfolgen. Dieser Kopfh\u00f6rer von Sony verf\u00fcgt \u00fcber einen Akku, der lange durchh\u00e4lt. Sollte der Akku doch einmal leer sein, l\u00e4dst du ihn innerhalb von drei Minuten auf und hast f\u00fcr 1,5 Stunden zus\u00e4tzliche Akkulaufzeit. Dar\u00fcber hinaus hat dieser Kopfh\u00f6rer Multipoint Pairing, womit man zwei Ger\u00e4te gleichzeitig an den Kopfh\u00f6rer anschlie\u00dfen kann. So kannst du \u00fcber den Kopfh\u00f6rer Telefonate annehmen und gleichzeitig Musik auf deinem Laptop h\u00f6ren. Deine Vorlieben stellst du \u00fcber die Headphones-Connect-App von Sony ein, zum Beispiel den Bass. Au\u00dferdem arbeitet dieses Ger\u00e4t mit der DSEE-Funktion (Digital Sound Enhancement Engine), womit du deine Musik in der originalen Aufnahmequalit\u00e4t h\u00f6rst.<\/p>\n","protected":false},"featured_media":0,"comment_status":"closed","ping_status":"open","template":"","meta":{"_acf_changed":false},"brand":[56],"product_brand":[],"product_cat":[1182],"product_tag":[1183],"class_list":{"0":"post-76239","1":"product","2":"type-product","3":"status-publish","5":"brand-sony","6":"product_cat-kopfhrer","7":"product_tag-hoofdtelefoons-zonder-noisecancelling","8":"pa_condition-new","9":"pa_coolblue-de-verzending-morgen-gratis-geliefert","10":"pa_ean-12893","11":"pa_mpn-whch520b-ce7","13":"first","14":"instock","15":"product-type-external"},"acf":[],"_links":{"self":[{"href":"https:\/\/onlinehardwareshop.de\/index.php\/wp-json\/wp\/v2\/product\/76239","targetHints":{"allow":["GET"]}}],"collection":[{"href":"https:\/\/onlinehardwareshop.de\/index.php\/wp-json\/wp\/v2\/product"}],"about":[{"href":"https:\/\/onlinehardwareshop.de\/index.php\/wp-json\/wp\/v2\/types\/product"}],"replies":[{"embeddable":true,"href":"https:\/\/onlinehardwareshop.de\/index.php\/wp-json\/wp\/v2\/comments?post=76239"}],"wp:attachment":[{"href":"https:\/\/onlinehardwareshop.de\/index.php\/wp-json\/wp\/v2\/media?parent=76239"}],"wp:term":[{"taxonomy":"brand","embeddable":true,"href":"https:\/\/onlinehardwareshop.de\/index.php\/wp-json\/wp\/v2\/brand?post=76239"},{"taxonomy":"product_brand","embeddable":true,"href":"https:\/\/onlinehardwareshop.de\/index.php\/wp-json\/wp\/v2\/product_brand?post=76239"},{"taxonomy":"product_cat","embeddable":true,"href":"https:\/\/onlinehardwareshop.de\/index.php\/wp-json\/wp\/v2\/product_cat?post=76239"},{"taxonomy":"product_tag","embeddable":true,"href":"https:\/\/onlinehardwareshop.de\/index.php\/wp-json\/wp\/v2\/product_tag?post=76239"}],"curies":[{"name":"wp","href":"https:\/\/api.w.org\/{rel}","templated":true}]}}