{"id":76234,"date":"2024-06-27T06:05:48","date_gmt":"2024-06-27T06:05:48","guid":{"rendered":"https:\/\/onlinehardwareshop.de\/index.php\/produkt\/nilfisk-staubsaugerbeutel-fr-multi-ii-4-x-2\/"},"modified":"2025-05-14T07:14:58","modified_gmt":"2025-05-14T07:14:58","slug":"nilfisk-staubsaugerbeutel-fr-multi-ii-4-x","status":"publish","type":"product","link":"https:\/\/onlinehardwareshop.de\/index.php\/produkt\/nilfisk-staubsaugerbeutel-fr-multi-ii-4-x\/","title":{"rendered":"Nilfisk Staubsaugerbeutel f&#xFC;r Multi II (4 x)"},"content":{"rendered":"<p>Diese Fleece-Staubsaugerbeutel von Nilfisk f\u00fcr Multi II Staubsauger eignen sich zum Auffangen von Staub, Bohrschutt und Zement. Dank des robusten Materials rei\u00dft der Beutel nicht. Die Verwendung eines Staubsaugerbeutels verl\u00e4ngert die Lebensdauer deines Staubsaugers. Denn er wirkt wie ein Vorfilter und sch\u00fctzt so den Motor deines Multi II. In einer Packung sind 4 Beutel enthalten.    Geeignet f\u00fcr alle Multi II Industriestaubsauger.<\/p>\n","protected":false},"excerpt":{"rendered":"<p>Diese Fleece-Staubsaugerbeutel von Nilfisk f\u00fcr Multi II Staubsauger eignen sich zum Auffangen von Staub, Bohrschutt und Zement. Dank des robusten Materials rei\u00dft der Beutel nicht. Die Verwendung eines Staubsaugerbeutels verl\u00e4ngert die Lebensdauer deines Staubsaugers. Denn er wirkt wie ein Vorfilter und sch\u00fctzt so den Motor deines Multi II. In einer Packung sind 4 Beutel enthalten.    Geeignet f\u00fcr alle Multi II Industriestaubsauger.<\/p>\n","protected":false},"featured_media":0,"comment_status":"closed","ping_status":"open","template":"","meta":{"_acf_changed":false},"brand":[289],"product_brand":[],"product_cat":[129],"product_tag":[130],"class_list":{"0":"post-76234","1":"product","2":"type-product","3":"status-publish","5":"brand-nilfisk","6":"product_cat-staubsaugerbeutel","7":"product_tag-stofzuigerzakken","8":"pa_condition-new","9":"pa_coolblue-de-verzending-morgen-gratis-geliefert","10":"pa_ean-12885","11":"pa_mpn-12886","13":"first","14":"instock","15":"product-type-external"},"acf":[],"_links":{"self":[{"href":"https:\/\/onlinehardwareshop.de\/index.php\/wp-json\/wp\/v2\/product\/76234","targetHints":{"allow":["GET"]}}],"collection":[{"href":"https:\/\/onlinehardwareshop.de\/index.php\/wp-json\/wp\/v2\/product"}],"about":[{"href":"https:\/\/onlinehardwareshop.de\/index.php\/wp-json\/wp\/v2\/types\/product"}],"replies":[{"embeddable":true,"href":"https:\/\/onlinehardwareshop.de\/index.php\/wp-json\/wp\/v2\/comments?post=76234"}],"wp:attachment":[{"href":"https:\/\/onlinehardwareshop.de\/index.php\/wp-json\/wp\/v2\/media?parent=76234"}],"wp:term":[{"taxonomy":"brand","embeddable":true,"href":"https:\/\/onlinehardwareshop.de\/index.php\/wp-json\/wp\/v2\/brand?post=76234"},{"taxonomy":"product_brand","embeddable":true,"href":"https:\/\/onlinehardwareshop.de\/index.php\/wp-json\/wp\/v2\/product_brand?post=76234"},{"taxonomy":"product_cat","embeddable":true,"href":"https:\/\/onlinehardwareshop.de\/index.php\/wp-json\/wp\/v2\/product_cat?post=76234"},{"taxonomy":"product_tag","embeddable":true,"href":"https:\/\/onlinehardwareshop.de\/index.php\/wp-json\/wp\/v2\/product_tag?post=76234"}],"curies":[{"name":"wp","href":"https:\/\/api.w.org\/{rel}","templated":true}]}}