{"id":76231,"date":"2024-07-12T20:28:27","date_gmt":"2024-07-12T20:28:27","guid":{"rendered":"https:\/\/onlinehardwareshop.de\/index.php\/produkt\/canon-pixma-g3570-2\/"},"modified":"2025-05-14T07:14:43","modified_gmt":"2025-05-14T07:14:43","slug":"canon-pixma-g3570","status":"publish","type":"product","link":"https:\/\/onlinehardwareshop.de\/index.php\/produkt\/canon-pixma-g3570\/","title":{"rendered":"Canon PIXMA G3570"},"content":{"rendered":"<p>Drucke deine Dokumente und Fotos ganz preiswert aus mit dem Canon PIXMA G3570. Mit diesem Multifunktionsdrucker kannst du drucken, scannen und kopieren. Der PIXMA G3570 besitzt einen Tintentank, der sich mithilfe von Tintenflaschen bequem auff\u00fcllen l\u00e4sst. Mit einem einzigen Satz Tintenflaschen lassen sich bis zu 7.700 Seiten in Farbe und 6.000 Seiten in Schwarz-Wei\u00df ausdrucken. So sparst du Druckkosten. Die Druckgeschwindigkeit betr\u00e4gt 11 Schwarz-Wei\u00df-Seiten und 6 Farbseiten pro Minute. Und dank der Druckaufl\u00f6sung von 4.800 mal 1.200 dpi druckst du deine Urlaubsfotos in guter Qualit\u00e4t aus. Verschicke deine Druckauftr\u00e4ge vom Sofa aus \u00fcber Apple AirPrint, die Print-App von Canon oder WiFi Direct. Mit WiFi Direct stellt dein Smartphone oder PC ohne Router direkt eine Verbindung zum Drucker her.<\/p>\n","protected":false},"excerpt":{"rendered":"<p>Drucke deine Dokumente und Fotos ganz preiswert aus mit dem Canon PIXMA G3570. Mit diesem Multifunktionsdrucker kannst du drucken, scannen und kopieren. Der PIXMA G3570 besitzt einen Tintentank, der sich mithilfe von Tintenflaschen bequem auff\u00fcllen l\u00e4sst. Mit einem einzigen Satz Tintenflaschen lassen sich bis zu 7.700 Seiten in Farbe und 6.000 Seiten in Schwarz-Wei\u00df ausdrucken. So sparst du Druckkosten. Die Druckgeschwindigkeit betr\u00e4gt 11 Schwarz-Wei\u00df-Seiten und 6 Farbseiten pro Minute. Und dank der Druckaufl\u00f6sung von 4.800 mal 1.200 dpi druckst du deine Urlaubsfotos in guter Qualit\u00e4t aus. Verschicke deine Druckauftr\u00e4ge vom Sofa aus \u00fcber Apple AirPrint, die Print-App von Canon oder WiFi Direct. Mit WiFi Direct stellt dein Smartphone oder PC ohne Router direkt eine Verbindung zum Drucker her.<\/p>\n","protected":false},"featured_media":0,"comment_status":"closed","ping_status":"open","template":"","meta":{"_acf_changed":false},"brand":[61],"product_brand":[],"product_cat":[2205],"product_tag":[4745],"class_list":{"0":"post-76231","1":"product","2":"type-product","3":"status-publish","5":"brand-canon","6":"product_cat-drucker","7":"product_tag-inkttank-printers","8":"pa_condition-new","9":"pa_coolblue-de-verzending-morgen-gratis-geliefert","10":"pa_ean-12877","11":"pa_mpn-5805c006aa","13":"first","14":"instock","15":"product-type-external"},"acf":[],"_links":{"self":[{"href":"https:\/\/onlinehardwareshop.de\/index.php\/wp-json\/wp\/v2\/product\/76231","targetHints":{"allow":["GET"]}}],"collection":[{"href":"https:\/\/onlinehardwareshop.de\/index.php\/wp-json\/wp\/v2\/product"}],"about":[{"href":"https:\/\/onlinehardwareshop.de\/index.php\/wp-json\/wp\/v2\/types\/product"}],"replies":[{"embeddable":true,"href":"https:\/\/onlinehardwareshop.de\/index.php\/wp-json\/wp\/v2\/comments?post=76231"}],"wp:attachment":[{"href":"https:\/\/onlinehardwareshop.de\/index.php\/wp-json\/wp\/v2\/media?parent=76231"}],"wp:term":[{"taxonomy":"brand","embeddable":true,"href":"https:\/\/onlinehardwareshop.de\/index.php\/wp-json\/wp\/v2\/brand?post=76231"},{"taxonomy":"product_brand","embeddable":true,"href":"https:\/\/onlinehardwareshop.de\/index.php\/wp-json\/wp\/v2\/product_brand?post=76231"},{"taxonomy":"product_cat","embeddable":true,"href":"https:\/\/onlinehardwareshop.de\/index.php\/wp-json\/wp\/v2\/product_cat?post=76231"},{"taxonomy":"product_tag","embeddable":true,"href":"https:\/\/onlinehardwareshop.de\/index.php\/wp-json\/wp\/v2\/product_tag?post=76231"}],"curies":[{"name":"wp","href":"https:\/\/api.w.org\/{rel}","templated":true}]}}