{"id":76204,"date":"2024-08-15T18:08:11","date_gmt":"2024-08-15T18:08:11","guid":{"rendered":"https:\/\/onlinehardwareshop.de\/index.php\/produkt\/jbl-tune-720bt-schwarz-2\/"},"modified":"2025-05-14T07:12:18","modified_gmt":"2025-05-14T07:12:18","slug":"jbl-tune-720bt-schwarz","status":"publish","type":"product","link":"https:\/\/onlinehardwareshop.de\/index.php\/produkt\/jbl-tune-720bt-schwarz\/","title":{"rendered":"JBL Tune 720BT Schwarz"},"content":{"rendered":"<p>Mit dem JBL Tune 720BT Schwarz h\u00f6rst du deine Lieblingsmusik besonders lange. Dieser Kopfh\u00f6rer hat einen Akku, der bis zu 76 Stunden h\u00e4lt. Ist der Akku leer? Dann hast du nach f\u00fcnf Minuten Aufladen schon wieder drei Stunden zus\u00e4tzliche Akkukapazit\u00e4t. Du kannst diese JBL-Kopfh\u00f6rer gleichzeitig mit zwei Ger\u00e4ten verbinden. So h\u00f6rst du auf deinem Laptop Musik und nimmst gleichzeitig Anrufe entgegen. Dank Voice Aware sind Telefongespr\u00e4che deutlich. Diese Technik erm\u00f6glicht es dir, deine Stimme gut zu h\u00f6ren, w\u00e4hrend du den Kopfh\u00f6rer tr\u00e4gst. In der JBL Headphones-App passt du die Einstellungen wunschgem\u00e4\u00df an, zum Beispiel stellst du den Bass ein.<\/p>\n","protected":false},"excerpt":{"rendered":"<p>Mit dem JBL Tune 720BT Schwarz h\u00f6rst du deine Lieblingsmusik besonders lange. Dieser Kopfh\u00f6rer hat einen Akku, der bis zu 76 Stunden h\u00e4lt. Ist der Akku leer? Dann hast du nach f\u00fcnf Minuten Aufladen schon wieder drei Stunden zus\u00e4tzliche Akkukapazit\u00e4t. Du kannst diese JBL-Kopfh\u00f6rer gleichzeitig mit zwei Ger\u00e4ten verbinden. So h\u00f6rst du auf deinem Laptop Musik und nimmst gleichzeitig Anrufe entgegen. Dank Voice Aware sind Telefongespr\u00e4che deutlich. Diese Technik erm\u00f6glicht es dir, deine Stimme gut zu h\u00f6ren, w\u00e4hrend du den Kopfh\u00f6rer tr\u00e4gst. In der JBL Headphones-App passt du die Einstellungen wunschgem\u00e4\u00df an, zum Beispiel stellst du den Bass ein.<\/p>\n","protected":false},"featured_media":0,"comment_status":"closed","ping_status":"open","template":"","meta":{"_acf_changed":false},"brand":[5677],"product_brand":[],"product_cat":[1182],"product_tag":[1183],"class_list":{"0":"post-76204","1":"product","2":"type-product","3":"status-publish","5":"brand-jbl","6":"product_cat-kopfhrer","7":"product_tag-hoofdtelefoons-zonder-noisecancelling","8":"pa_condition-new","9":"pa_coolblue-de-verzending-morgen-gratis-geliefert","10":"pa_ean-30554","11":"pa_mpn-jblt720btblk","13":"first","14":"instock","15":"product-type-external"},"acf":[],"_links":{"self":[{"href":"https:\/\/onlinehardwareshop.de\/index.php\/wp-json\/wp\/v2\/product\/76204","targetHints":{"allow":["GET"]}}],"collection":[{"href":"https:\/\/onlinehardwareshop.de\/index.php\/wp-json\/wp\/v2\/product"}],"about":[{"href":"https:\/\/onlinehardwareshop.de\/index.php\/wp-json\/wp\/v2\/types\/product"}],"replies":[{"embeddable":true,"href":"https:\/\/onlinehardwareshop.de\/index.php\/wp-json\/wp\/v2\/comments?post=76204"}],"wp:attachment":[{"href":"https:\/\/onlinehardwareshop.de\/index.php\/wp-json\/wp\/v2\/media?parent=76204"}],"wp:term":[{"taxonomy":"brand","embeddable":true,"href":"https:\/\/onlinehardwareshop.de\/index.php\/wp-json\/wp\/v2\/brand?post=76204"},{"taxonomy":"product_brand","embeddable":true,"href":"https:\/\/onlinehardwareshop.de\/index.php\/wp-json\/wp\/v2\/product_brand?post=76204"},{"taxonomy":"product_cat","embeddable":true,"href":"https:\/\/onlinehardwareshop.de\/index.php\/wp-json\/wp\/v2\/product_cat?post=76204"},{"taxonomy":"product_tag","embeddable":true,"href":"https:\/\/onlinehardwareshop.de\/index.php\/wp-json\/wp\/v2\/product_tag?post=76204"}],"curies":[{"name":"wp","href":"https:\/\/api.w.org\/{rel}","templated":true}]}}