{"id":76203,"date":"2024-03-29T00:40:59","date_gmt":"2024-03-29T00:40:59","guid":{"rendered":"https:\/\/onlinehardwareshop.de\/index.php\/produkt\/act-usb-c-triple-4k-dockingstation-ac7048-2\/"},"modified":"2025-05-14T07:12:13","modified_gmt":"2025-05-14T07:12:13","slug":"act-usb-c-triple-4k-dockingstation-ac7048","status":"publish","type":"product","link":"https:\/\/onlinehardwareshop.de\/index.php\/produkt\/act-usb-c-triple-4k-dockingstation-ac7048\/","title":{"rendered":"ACT USB-C Triple 4K Dockingstation ac7048"},"content":{"rendered":"<p>Verwandle deinen Laptop in einen produktiven Arbeitsplatz mit der ACT USB-C Triple 4K Dockingstation ac7048. Mit dieser Dockingstation erweiterst du deinen Arbeitsplatz um all deine Peripherieger\u00e4te. Mit der DisplayLink-Technologie lassen sich ganz einfach bis zu drei 4K-Monitore an deinen Windows-Laptop oder dein MacBook anschlie\u00dfen. Dadurch \u00f6ffnest du mehrere Fenster nebeneinander auf insgesamt vier Bildschirmen. Zudem hat die ACT Dockingstation mehrere USB-A-Anschl\u00fcsse zum Verbinden deiner Maus, deiner Tastatur und einer externen Festplatte. Du brauchst dir beim Arbeiten keine Sorgen um einen leeren Akku zu machen. Die Dockingstation l\u00e4dt deinen Laptop auf, wenn dieser Power Delivery unterst\u00fctzt. Zudem hat die Dockingstation einen Ethernetanschluss f\u00fcr stabiles, kabelgebundenes Internet. Hast du eine Online-Telefonkonferenz oder m\u00f6chtest du beim Arbeiten Musik h\u00f6ren? Dann schlie\u00dft du zus\u00e4tzlich Kopfh\u00f6rer und ein Mikrofon an.   Diese Dockingstation funktioniert mit allen Windows-Laptops und MacBooks mit einem USB-C-Port, der ein Videosignal \u00fcbertr\u00e4gt. So \u00fcberpr\u00fcfst du, ob dein Laptop einen geeigneten USB-C-Port hat.   Was kann man mit dieser Dockingstation alles machen? 1 bis 3 Monitore anschlie\u00dfen Laptop mit eigenem Ladeger\u00e4t anschlie\u00dfen (wenn dieses Power Delivery unterst\u00fctzt) Mit kabelgebundenem Internet arbeiten Handy aufladen Maus und Tastatur anschlie\u00dfen Kopfh\u00f6rer anschlie\u00dfen  Was geht mit dieser Dockingstation nicht? Speicherkarte lesen  So findest du heraus, welche Art von MacBook du hast.  Wenn du 1 bis 3 Monitore an dieser Dockingstation anschlie\u00dft, erh\u00e4ltst du eine maximale Aufl\u00f6sung von 4K bei 60 Hertz.<\/p>\n","protected":false},"excerpt":{"rendered":"<p>Verwandle deinen Laptop in einen produktiven Arbeitsplatz mit der ACT USB-C Triple 4K Dockingstation ac7048. Mit dieser Dockingstation erweiterst du deinen Arbeitsplatz um all deine Peripherieger\u00e4te. Mit der DisplayLink-Technologie lassen sich ganz einfach bis zu drei 4K-Monitore an deinen Windows-Laptop oder dein MacBook anschlie\u00dfen. Dadurch \u00f6ffnest du mehrere Fenster nebeneinander auf insgesamt vier Bildschirmen. Zudem hat die ACT Dockingstation mehrere USB-A-Anschl\u00fcsse zum Verbinden deiner Maus, deiner Tastatur und einer externen Festplatte. Du brauchst dir beim Arbeiten keine Sorgen um einen leeren Akku zu machen. Die Dockingstation l\u00e4dt deinen Laptop auf, wenn dieser Power Delivery unterst\u00fctzt. Zudem hat die Dockingstation einen Ethernetanschluss f\u00fcr stabiles, kabelgebundenes Internet. Hast du eine Online-Telefonkonferenz oder m\u00f6chtest du beim Arbeiten Musik h\u00f6ren? Dann schlie\u00dft du zus\u00e4tzlich Kopfh\u00f6rer und ein Mikrofon an.   Diese Dockingstation funktioniert mit allen Windows-Laptops und MacBooks mit einem USB-C-Port, der ein Videosignal \u00fcbertr\u00e4gt. So \u00fcberpr\u00fcfst du, ob dein Laptop einen geeigneten USB-C-Port hat.   Was kann man mit dieser Dockingstation alles machen? 1 bis 3 Monitore anschlie\u00dfen Laptop mit eigenem Ladeger\u00e4t anschlie\u00dfen (wenn dieses Power Delivery unterst\u00fctzt) Mit kabelgebundenem Internet arbeiten Handy aufladen Maus und Tastatur anschlie\u00dfen Kopfh\u00f6rer anschlie\u00dfen  Was geht mit dieser Dockingstation nicht? Speicherkarte lesen  So findest du heraus, welche Art von MacBook du hast.  Wenn du 1 bis 3 Monitore an dieser Dockingstation anschlie\u00dft, erh\u00e4ltst du eine maximale Aufl\u00f6sung von 4K bei 60 Hertz.<\/p>\n","protected":false},"featured_media":0,"comment_status":"closed","ping_status":"open","template":"","meta":{"_acf_changed":false},"brand":[4758],"product_brand":[],"product_cat":[4022],"product_tag":[4023],"class_list":{"0":"post-76203","1":"product","2":"type-product","3":"status-publish","5":"brand-act","6":"product_cat-dockingstations","7":"product_tag-cradles-docks-voor-laptops","8":"pa_condition-new","9":"pa_coolblue-de-verzending-morgen-gratis-geliefert","10":"pa_ean-12815","11":"pa_mpn-ac7048","13":"first","14":"instock","15":"product-type-external"},"acf":[],"_links":{"self":[{"href":"https:\/\/onlinehardwareshop.de\/index.php\/wp-json\/wp\/v2\/product\/76203","targetHints":{"allow":["GET"]}}],"collection":[{"href":"https:\/\/onlinehardwareshop.de\/index.php\/wp-json\/wp\/v2\/product"}],"about":[{"href":"https:\/\/onlinehardwareshop.de\/index.php\/wp-json\/wp\/v2\/types\/product"}],"replies":[{"embeddable":true,"href":"https:\/\/onlinehardwareshop.de\/index.php\/wp-json\/wp\/v2\/comments?post=76203"}],"wp:attachment":[{"href":"https:\/\/onlinehardwareshop.de\/index.php\/wp-json\/wp\/v2\/media?parent=76203"}],"wp:term":[{"taxonomy":"brand","embeddable":true,"href":"https:\/\/onlinehardwareshop.de\/index.php\/wp-json\/wp\/v2\/brand?post=76203"},{"taxonomy":"product_brand","embeddable":true,"href":"https:\/\/onlinehardwareshop.de\/index.php\/wp-json\/wp\/v2\/product_brand?post=76203"},{"taxonomy":"product_cat","embeddable":true,"href":"https:\/\/onlinehardwareshop.de\/index.php\/wp-json\/wp\/v2\/product_cat?post=76203"},{"taxonomy":"product_tag","embeddable":true,"href":"https:\/\/onlinehardwareshop.de\/index.php\/wp-json\/wp\/v2\/product_tag?post=76203"}],"curies":[{"name":"wp","href":"https:\/\/api.w.org\/{rel}","templated":true}]}}