{"id":76186,"date":"2024-07-02T18:39:02","date_gmt":"2024-07-02T18:39:02","guid":{"rendered":"https:\/\/onlinehardwareshop.de\/index.php\/produkt\/hercules-dj-control-inpulse-300-mk2-schwarz-2\/"},"modified":"2025-05-14T07:10:49","modified_gmt":"2025-05-14T07:10:49","slug":"hercules-dj-control-inpulse-300-mk2-schwarz","status":"publish","type":"product","link":"https:\/\/onlinehardwareshop.de\/index.php\/produkt\/hercules-dj-control-inpulse-300-mk2-schwarz\/","title":{"rendered":"Hercules DJ Control Inpulse 300 MK2 Schwarz"},"content":{"rendered":"<p>Es ist noch nie so einfach gewesen, das Auflegen zu lernen, wie mit dem Hercules DJ Control Inpulse 300 MK2 Schwarz. Zu diesem DJ-Controller erh\u00e4ltst du DJUCED. Diese DJ-Software verf\u00fcgt \u00fcber mehrere Videos, in denen die unterschiedlichen Tasten des Controllers erkl\u00e4rt werden und du Grundwissen \u00fcbers Auflegen lernst. Mit Beatmatch lernst du anhand von Lichtf\u00fchrung, wie du verschiedene Tracks mixt. Das klappt? Dann kannst du die F\u00fchrung wieder ausschalten. Der Intelligent Music Assistent macht unterschiedliche Musikvorschl\u00e4ge und mit der Energie-Funktion findest du die besten St\u00fccke f\u00fcr deinen Mix. Diese Funktion zeigt dir anhand von Farben, welches Tempo ein Track hat. Von Blau (ruhig) bis Rot (energiegeladen). So bist du im Handumdrehen ein Profi.<\/p>\n","protected":false},"excerpt":{"rendered":"<p>Es ist noch nie so einfach gewesen, das Auflegen zu lernen, wie mit dem Hercules DJ Control Inpulse 300 MK2 Schwarz. Zu diesem DJ-Controller erh\u00e4ltst du DJUCED. Diese DJ-Software verf\u00fcgt \u00fcber mehrere Videos, in denen die unterschiedlichen Tasten des Controllers erkl\u00e4rt werden und du Grundwissen \u00fcbers Auflegen lernst. Mit Beatmatch lernst du anhand von Lichtf\u00fchrung, wie du verschiedene Tracks mixt. Das klappt? Dann kannst du die F\u00fchrung wieder ausschalten. Der Intelligent Music Assistent macht unterschiedliche Musikvorschl\u00e4ge und mit der Energie-Funktion findest du die besten St\u00fccke f\u00fcr deinen Mix. Diese Funktion zeigt dir anhand von Farben, welches Tempo ein Track hat. Von Blau (ruhig) bis Rot (energiegeladen). So bist du im Handumdrehen ein Profi.<\/p>\n","protected":false},"featured_media":0,"comment_status":"closed","ping_status":"open","template":"","meta":{"_acf_changed":false},"brand":[4167],"product_brand":[],"product_cat":[4528],"product_tag":[4529],"class_list":{"0":"post-76186","1":"product","2":"type-product","3":"status-publish","5":"brand-hercules","6":"product_cat-dj-controller","7":"product_tag-dj-controllers","8":"pa_condition-new","9":"pa_coolblue-de-verzending-morgen-gratis-geliefert","10":"pa_ean-12781","11":"pa_mpn-12782","13":"first","14":"instock","15":"product-type-external"},"acf":[],"_links":{"self":[{"href":"https:\/\/onlinehardwareshop.de\/index.php\/wp-json\/wp\/v2\/product\/76186","targetHints":{"allow":["GET"]}}],"collection":[{"href":"https:\/\/onlinehardwareshop.de\/index.php\/wp-json\/wp\/v2\/product"}],"about":[{"href":"https:\/\/onlinehardwareshop.de\/index.php\/wp-json\/wp\/v2\/types\/product"}],"replies":[{"embeddable":true,"href":"https:\/\/onlinehardwareshop.de\/index.php\/wp-json\/wp\/v2\/comments?post=76186"}],"wp:attachment":[{"href":"https:\/\/onlinehardwareshop.de\/index.php\/wp-json\/wp\/v2\/media?parent=76186"}],"wp:term":[{"taxonomy":"brand","embeddable":true,"href":"https:\/\/onlinehardwareshop.de\/index.php\/wp-json\/wp\/v2\/brand?post=76186"},{"taxonomy":"product_brand","embeddable":true,"href":"https:\/\/onlinehardwareshop.de\/index.php\/wp-json\/wp\/v2\/product_brand?post=76186"},{"taxonomy":"product_cat","embeddable":true,"href":"https:\/\/onlinehardwareshop.de\/index.php\/wp-json\/wp\/v2\/product_cat?post=76186"},{"taxonomy":"product_tag","embeddable":true,"href":"https:\/\/onlinehardwareshop.de\/index.php\/wp-json\/wp\/v2\/product_tag?post=76186"}],"curies":[{"name":"wp","href":"https:\/\/api.w.org\/{rel}","templated":true}]}}