{"id":76167,"date":"2025-04-25T20:48:11","date_gmt":"2025-04-25T20:48:11","guid":{"rendered":"https:\/\/onlinehardwareshop.de\/index.php\/produkt\/demeyere-resto-3-bratpfanne-28cm-2\/"},"modified":"2025-05-14T07:09:02","modified_gmt":"2025-05-14T07:09:02","slug":"demeyere-resto-3-bratpfanne-28cm","status":"publish","type":"product","link":"https:\/\/onlinehardwareshop.de\/index.php\/produkt\/demeyere-resto-3-bratpfanne-28cm\/","title":{"rendered":"Demeyere Resto 3 Bratpfanne 28&#xA0;cm"},"content":{"rendered":"<p>Du br\u00e4tst bis zu zwei Fleischst\u00fccke in der Demeyere Resto 3 Bratpfanne 28\u00a0cm. Der Boden besteht aus drei starken Schichten, weshalb sich die Hitze besser und gleichm\u00e4\u00dfig verteilt. Toll, denn so br\u00e4tst du die Seiten deiner Fleischst\u00fccke knusprig. Die Pfanne hat keine Antihaftbeschichtung, weshalb sie sich auch dazu eignet, rotes Fleisch oder Gefl\u00fcgel scharf anzubraten. Au\u00dferdem ist der Griff geschwei\u00dft, sodass Schmutz- oder Fettr\u00fcckst\u00e4nde nicht zwischen dem Griff und der Pfanne haften bleiben. Die Pfanne ist f\u00fcr alle W\u00e4rmequellen, einschlie\u00dflich Induktion, und zur Verwendung im Backofen geeignet. Du br\u00e4tst ein St\u00fcck Fleisch zun\u00e4chst auf dem Herd an und garst es anschlie\u00dfend im Ofen weiter.<\/p>\n","protected":false},"excerpt":{"rendered":"<p>Du br\u00e4tst bis zu zwei Fleischst\u00fccke in der Demeyere Resto 3 Bratpfanne 28\u00a0cm. Der Boden besteht aus drei starken Schichten, weshalb sich die Hitze besser und gleichm\u00e4\u00dfig verteilt. Toll, denn so br\u00e4tst du die Seiten deiner Fleischst\u00fccke knusprig. Die Pfanne hat keine Antihaftbeschichtung, weshalb sie sich auch dazu eignet, rotes Fleisch oder Gefl\u00fcgel scharf anzubraten. Au\u00dferdem ist der Griff geschwei\u00dft, sodass Schmutz- oder Fettr\u00fcckst\u00e4nde nicht zwischen dem Griff und der Pfanne haften bleiben. Die Pfanne ist f\u00fcr alle W\u00e4rmequellen, einschlie\u00dflich Induktion, und zur Verwendung im Backofen geeignet. Du br\u00e4tst ein St\u00fcck Fleisch zun\u00e4chst auf dem Herd an und garst es anschlie\u00dfend im Ofen weiter.<\/p>\n","protected":false},"featured_media":0,"comment_status":"closed","ping_status":"open","template":"","meta":{"_acf_changed":false},"brand":[1791],"product_brand":[],"product_cat":[372],"product_tag":[384],"class_list":{"0":"post-76167","1":"product","2":"type-product","3":"status-publish","5":"brand-demeyere","6":"product_cat-tpfe-und-pfannen","7":"product_tag-koekenpannen","8":"pa_condition-new","9":"pa_coolblue-de-verzending-morgen-gratis-geliefert","10":"pa_ean-12755","11":"pa_mpn-12756","13":"first","14":"instock","15":"product-type-external"},"acf":[],"_links":{"self":[{"href":"https:\/\/onlinehardwareshop.de\/index.php\/wp-json\/wp\/v2\/product\/76167","targetHints":{"allow":["GET"]}}],"collection":[{"href":"https:\/\/onlinehardwareshop.de\/index.php\/wp-json\/wp\/v2\/product"}],"about":[{"href":"https:\/\/onlinehardwareshop.de\/index.php\/wp-json\/wp\/v2\/types\/product"}],"replies":[{"embeddable":true,"href":"https:\/\/onlinehardwareshop.de\/index.php\/wp-json\/wp\/v2\/comments?post=76167"}],"wp:attachment":[{"href":"https:\/\/onlinehardwareshop.de\/index.php\/wp-json\/wp\/v2\/media?parent=76167"}],"wp:term":[{"taxonomy":"brand","embeddable":true,"href":"https:\/\/onlinehardwareshop.de\/index.php\/wp-json\/wp\/v2\/brand?post=76167"},{"taxonomy":"product_brand","embeddable":true,"href":"https:\/\/onlinehardwareshop.de\/index.php\/wp-json\/wp\/v2\/product_brand?post=76167"},{"taxonomy":"product_cat","embeddable":true,"href":"https:\/\/onlinehardwareshop.de\/index.php\/wp-json\/wp\/v2\/product_cat?post=76167"},{"taxonomy":"product_tag","embeddable":true,"href":"https:\/\/onlinehardwareshop.de\/index.php\/wp-json\/wp\/v2\/product_tag?post=76167"}],"curies":[{"name":"wp","href":"https:\/\/api.w.org\/{rel}","templated":true}]}}