{"id":76166,"date":"2024-08-03T10:50:02","date_gmt":"2024-08-03T10:50:02","guid":{"rendered":"https:\/\/onlinehardwareshop.de\/index.php\/produkt\/demeyere-resto-3-bratpfanne-24cm-2\/"},"modified":"2025-05-14T07:08:57","modified_gmt":"2025-05-14T07:08:57","slug":"demeyere-resto-3-bratpfanne-24cm","status":"publish","type":"product","link":"https:\/\/onlinehardwareshop.de\/index.php\/produkt\/demeyere-resto-3-bratpfanne-24cm\/","title":{"rendered":"Demeyere Resto 3 Bratpfanne 24&#xA0;cm"},"content":{"rendered":"<p>Die Demeyere Resto\u00a03 Bratpfanne 24\u00a0cm l\u00e4sst sich mit allen W\u00e4rmequellen verwenden. So br\u00e4tst du dein Fleisch auf dem Herd oder auf einer Induktionsplatte an. Anschlie\u00dfend stellst du dein Gericht in den Backofen. Dank des Edelstahlmaterials ist dein Fleisch im Handumdrehen perfekt gebraten. Damit bekommt dein Gericht n\u00e4mlich eine leckere Kruste. Wie w\u00e4re es also mit einem saftigen Steak f\u00fcr dich und deine bessere H\u00e4lfte oder auch f\u00fcr deinen Mitbewohner? Da der Griff geschwei\u00dft ist, bleiben Essensreste au\u00dferdem nicht zwischen dem Griff und der Pfanne haften. Die Pfanne l\u00e4sst sich nach dem Gebrauch in der Sp\u00fclmaschine reinigen. Du m\u00f6chtest die Lebensdauer deiner Pfanne verl\u00e4ngern? Dann wasche sie mit der Hand ab. Dank der \u00d6se im Stiel l\u00e4sst sich die Pfanne problemlos an einem Haken aufh\u00e4ngen.<\/p>\n","protected":false},"excerpt":{"rendered":"<p>Die Demeyere Resto\u00a03 Bratpfanne 24\u00a0cm l\u00e4sst sich mit allen W\u00e4rmequellen verwenden. So br\u00e4tst du dein Fleisch auf dem Herd oder auf einer Induktionsplatte an. Anschlie\u00dfend stellst du dein Gericht in den Backofen. Dank des Edelstahlmaterials ist dein Fleisch im Handumdrehen perfekt gebraten. Damit bekommt dein Gericht n\u00e4mlich eine leckere Kruste. Wie w\u00e4re es also mit einem saftigen Steak f\u00fcr dich und deine bessere H\u00e4lfte oder auch f\u00fcr deinen Mitbewohner? Da der Griff geschwei\u00dft ist, bleiben Essensreste au\u00dferdem nicht zwischen dem Griff und der Pfanne haften. Die Pfanne l\u00e4sst sich nach dem Gebrauch in der Sp\u00fclmaschine reinigen. Du m\u00f6chtest die Lebensdauer deiner Pfanne verl\u00e4ngern? Dann wasche sie mit der Hand ab. Dank der \u00d6se im Stiel l\u00e4sst sich die Pfanne problemlos an einem Haken aufh\u00e4ngen.<\/p>\n","protected":false},"featured_media":0,"comment_status":"closed","ping_status":"open","template":"","meta":{"_acf_changed":false},"brand":[1791],"product_brand":[],"product_cat":[372],"product_tag":[384],"class_list":{"0":"post-76166","1":"product","2":"type-product","3":"status-publish","5":"brand-demeyere","6":"product_cat-tpfe-und-pfannen","7":"product_tag-koekenpannen","8":"pa_condition-new","9":"pa_coolblue-de-verzending-morgen-gratis-geliefert","10":"pa_ean-28055","11":"pa_mpn-28056","13":"first","14":"instock","15":"product-type-external"},"acf":[],"_links":{"self":[{"href":"https:\/\/onlinehardwareshop.de\/index.php\/wp-json\/wp\/v2\/product\/76166","targetHints":{"allow":["GET"]}}],"collection":[{"href":"https:\/\/onlinehardwareshop.de\/index.php\/wp-json\/wp\/v2\/product"}],"about":[{"href":"https:\/\/onlinehardwareshop.de\/index.php\/wp-json\/wp\/v2\/types\/product"}],"replies":[{"embeddable":true,"href":"https:\/\/onlinehardwareshop.de\/index.php\/wp-json\/wp\/v2\/comments?post=76166"}],"wp:attachment":[{"href":"https:\/\/onlinehardwareshop.de\/index.php\/wp-json\/wp\/v2\/media?parent=76166"}],"wp:term":[{"taxonomy":"brand","embeddable":true,"href":"https:\/\/onlinehardwareshop.de\/index.php\/wp-json\/wp\/v2\/brand?post=76166"},{"taxonomy":"product_brand","embeddable":true,"href":"https:\/\/onlinehardwareshop.de\/index.php\/wp-json\/wp\/v2\/product_brand?post=76166"},{"taxonomy":"product_cat","embeddable":true,"href":"https:\/\/onlinehardwareshop.de\/index.php\/wp-json\/wp\/v2\/product_cat?post=76166"},{"taxonomy":"product_tag","embeddable":true,"href":"https:\/\/onlinehardwareshop.de\/index.php\/wp-json\/wp\/v2\/product_tag?post=76166"}],"curies":[{"name":"wp","href":"https:\/\/api.w.org\/{rel}","templated":true}]}}